{"id":8273,"date":"2023-11-20T09:49:12","date_gmt":"2023-11-20T08:49:12","guid":{"rendered":"https:\/\/roessle-dobel.de\/sun-terrace\/"},"modified":"2024-02-01T15:30:20","modified_gmt":"2024-02-01T14:30:20","slug":"sun-terrace","status":"publish","type":"page","link":"https:\/\/roessle-dobel.de\/en\/sun-terrace\/","title":{"rendered":"Sun terrace"},"content":{"rendered":"\t\t<div data-elementor-type=\"wp-page\" data-elementor-id=\"8273\" class=\"elementor elementor-8273 elementor-4874\">\n\t\t\t\t\t\t<section class=\"elementor-section elementor-top-section elementor-element elementor-element-dadbedf elementor-section-height-min-height cs-section-content-fullwidth cs_scroll_y_100 cs-parallax-on-scroll elementor-section-boxed elementor-section-height-default elementor-section-items-middle\" data-id=\"dadbedf\" data-element_type=\"section\" data-settings=\"{&quot;background_background&quot;:&quot;classic&quot;}\" data-cs-parallax-y=\"100\" style=\"background-image: none;\" data-cs-background-image=\"https:\/\/roessle-dobel.de\/wp-content\/uploads\/2023\/10\/20220916_155252-1.jpg\">\n\t\t\t\t\t\t\t<div class=\"elementor-background-overlay\"><\/div>\n\t\t\t\t\t\t\t<div class=\"elementor-container elementor-column-gap-no\">\n\t\t\t\t\t<div class=\"elementor-column elementor-col-100 elementor-top-column elementor-element elementor-element-aa2a130 dark-color\" data-id=\"aa2a130\" data-element_type=\"column\">\n\t\t\t<div class=\"elementor-widget-wrap elementor-element-populated\">\n\t\t\t\t\t\t<div class=\"elementor-element elementor-element-88724df elementor-widget elementor-widget-cs_title\" data-id=\"88724df\" data-element_type=\"widget\" data-widget_type=\"cs_title.default\">\n\t\t\t\t<div class=\"elementor-widget-container\">\n\t\t\t\n        <div class=\"cs-title-wrap text-center\">\t            <div class=\"cs-subtitle-wrap\"><span class=\"cs-subtitle color-white\">Calm and relaxing environment<\/span><\/div>\t            <h1 class=\"cs-title\">\n\t                Sun terrace\t            <\/h1>\t            <div class=\"cs-title-text\">\n\t                <p>A great place for those who want to spend their free time outdoors<\/p>\n\t            <\/div>        <\/div>\t\t<\/div>\n\t\t\t\t<\/div>\n\t\t\t\t\t<\/div>\n\t\t<\/div>\n\t\t\t\t\t<\/div>\n\t\t<\/section>\n\t\t\t\t<section class=\"elementor-section elementor-top-section elementor-element elementor-element-65473dd elementor-section-content-middle elementor-reverse-tablet elementor-reverse-mobile elementor-section-boxed elementor-section-height-default elementor-section-height-default\" data-id=\"65473dd\" data-element_type=\"section\">\n\t\t\t\t\t\t<div class=\"elementor-container elementor-column-gap-no\">\n\t\t\t\t\t<div class=\"elementor-column elementor-col-50 elementor-top-column elementor-element elementor-element-5117a26\" data-id=\"5117a26\" data-element_type=\"column\">\n\t\t\t<div class=\"elementor-widget-wrap elementor-element-populated\">\n\t\t\t\t\t\t<div class=\"elementor-element elementor-element-8125cb6 elementor-widget elementor-widget-cs_title\" data-id=\"8125cb6\" data-element_type=\"widget\" data-widget_type=\"cs_title.default\">\n\t\t\t\t<div class=\"elementor-widget-container\">\n\t\t\t\n        <div class=\"cs-title-wrap\">\t            <div class=\"cs-subtitle-wrap\"><span class=\"cs-subtitle\">Leisure time at the hotel<\/span><\/div>\t            <h3 class=\"cs-title\">\n\t                Enjoy the warmth of the sun\t            <\/h3>\t            <div class=\"cs-title-text\">\n\t                <p>In the courtyard of the Hotel R\u00f6ssle is located comfortable sun terrace surrounded by a beautiful garden.<\/p>\n<p>Here you can relax in warm weather or in the cool of the evening.<\/p>\n<p>The terrace is equipped with modern tables, chairs and gazebos.<\/p>\n<p>Enjoy the fresh and clean air, admire the beautiful trees and flowers, and take a break from the bustle of the city.<\/p>\n\t            <\/div>        <\/div>\t\t<\/div>\n\t\t\t\t<\/div>\n\t\t\t\t<div class=\"elementor-element elementor-element-4f1d293 elementor-widget__width-initial elementor-widget elementor-widget-cs_list\" data-id=\"4f1d293\" data-element_type=\"widget\" data-widget_type=\"cs_list.default\">\n\t\t\t\t<div class=\"elementor-widget-container\">\n\t\t\t\n            <ul class=\"cs-list cs-list-type-unordered with-border\">                <li>                        <span class=\"list-icon color-primary\">\n                            <i aria-hidden=\"true\" class=\"far fa-clock\"><\/i>                        <\/span>                    <span class=\"list-content\"><b>Opening hours:<\/b> daily from 8:00 to 22:00 (during the warm season)<\/span>                <\/li>            <\/ul>\t\t<\/div>\n\t\t\t\t<\/div>\n\t\t\t\t\t<\/div>\n\t\t<\/div>\n\t\t\t\t<div class=\"elementor-column elementor-col-50 elementor-top-column elementor-element elementor-element-e6fd505 elementor-hidden-tablet elementor-hidden-mobile\" data-id=\"e6fd505\" data-element_type=\"column\">\n\t\t\t<div class=\"elementor-widget-wrap elementor-element-populated\">\n\t\t\t\t\t\t<div class=\"elementor-element elementor-element-379ad33 elementor-invisible elementor-widget elementor-widget-cs_gallery\" data-id=\"379ad33\" data-element_type=\"widget\" data-settings=\"{&quot;_animation&quot;:&quot;fadeIn&quot;,&quot;_animation_delay&quot;:150}\" data-widget_type=\"cs_gallery.default\">\n\t\t\t\t<div class=\"elementor-widget-container\">\n\t\t\t\n            <div class=\"cs-gallery gap-5 gallery-carousel style-overflow\" data-column=\"1\" data-fade=\"on\" data-autoplay=\"on\" data-autoplay-speed=\"5000\" data-show-arrows=\"on\" data-show-dots=\"on\" data-variable-width=\"\" data-overflow-style=\"on\" data-center-mode=\"\">\n                <div class=\"cs-gallery-wrap\">                    <div class=\"cs-gallery-item\">                            <a href=\"https:\/\/roessle-dobel.de\/wp-content\/uploads\/2023\/11\/20210611_171507-s1.jpg\" data-elementor-open-lightbox=\"yes\" data-elementor-lightbox-slideshow=\"379ad33\" data-e-action-hash=\"#elementor-action%3Aaction%3Dlightbox%26settings%3DeyJpZCI6NDg4NiwidXJsIjoiaHR0cHM6XC9cL3JvZXNzbGUtZG9iZWwuZGVcL3dwLWNvbnRlbnRcL3VwbG9hZHNcLzIwMjNcLzExXC8yMDIxMDYxMV8xNzE1MDctczEuanBnIiwic2xpZGVzaG93IjoiMzc5YWQzMyJ9\"><img fetchpriority=\"high\" decoding=\"async\" width=\"1920\" height=\"1440\" src=\"https:\/\/roessle-dobel.de\/wp-content\/uploads\/2023\/11\/20210611_171507-s1.jpg\" class=\"attachment-cozystay_1920x9999 size-cozystay_1920x9999 wp-image-4886\" alt=\"\" srcset=\"https:\/\/roessle-dobel.de\/wp-content\/uploads\/2023\/11\/20210611_171507-s1.jpg 1920w, https:\/\/roessle-dobel.de\/wp-content\/uploads\/2023\/11\/20210611_171507-s1-300x225.jpg 300w, https:\/\/roessle-dobel.de\/wp-content\/uploads\/2023\/11\/20210611_171507-s1-1024x768.jpg 1024w, https:\/\/roessle-dobel.de\/wp-content\/uploads\/2023\/11\/20210611_171507-s1-768x576.jpg 768w, https:\/\/roessle-dobel.de\/wp-content\/uploads\/2023\/11\/20210611_171507-s1-1536x1152.jpg 1536w, https:\/\/roessle-dobel.de\/wp-content\/uploads\/2023\/11\/20210611_171507-s1-1440x1080.jpg 1440w, https:\/\/roessle-dobel.de\/wp-content\/uploads\/2023\/11\/20210611_171507-s1-1200x900.jpg 1200w, https:\/\/roessle-dobel.de\/wp-content\/uploads\/2023\/11\/20210611_171507-s1-780x585.jpg 780w, https:\/\/roessle-dobel.de\/wp-content\/uploads\/2023\/11\/20210611_171507-s1-600x450.jpg 600w, https:\/\/roessle-dobel.de\/wp-content\/uploads\/2023\/11\/20210611_171507-s1-550x413.jpg 550w, https:\/\/roessle-dobel.de\/wp-content\/uploads\/2023\/11\/20210611_171507-s1-370x278.jpg 370w, https:\/\/roessle-dobel.de\/wp-content\/uploads\/2023\/11\/20210611_171507-s1-255x191.jpg 255w, https:\/\/roessle-dobel.de\/wp-content\/uploads\/2023\/11\/20210611_171507-s1-150x113.jpg 150w\" sizes=\"(max-width: 1920px) 100vw, 1920px\" \/><\/a>                    <\/div>                    <div class=\"cs-gallery-item\">                            <a href=\"https:\/\/roessle-dobel.de\/wp-content\/uploads\/2023\/11\/20220916_154923-s1.jpg\" data-elementor-open-lightbox=\"yes\" data-elementor-lightbox-slideshow=\"379ad33\" data-e-action-hash=\"#elementor-action%3Aaction%3Dlightbox%26settings%3DeyJpZCI6NDg4NywidXJsIjoiaHR0cHM6XC9cL3JvZXNzbGUtZG9iZWwuZGVcL3dwLWNvbnRlbnRcL3VwbG9hZHNcLzIwMjNcLzExXC8yMDIyMDkxNl8xNTQ5MjMtczEuanBnIiwic2xpZGVzaG93IjoiMzc5YWQzMyJ9\"><img decoding=\"async\" width=\"1920\" height=\"1440\" src=\"https:\/\/roessle-dobel.de\/wp-content\/uploads\/2023\/11\/20220916_154923-s1.jpg\" class=\"attachment-cozystay_1920x9999 size-cozystay_1920x9999 wp-image-4887\" alt=\"\" srcset=\"https:\/\/roessle-dobel.de\/wp-content\/uploads\/2023\/11\/20220916_154923-s1.jpg 1920w, https:\/\/roessle-dobel.de\/wp-content\/uploads\/2023\/11\/20220916_154923-s1-300x225.jpg 300w, https:\/\/roessle-dobel.de\/wp-content\/uploads\/2023\/11\/20220916_154923-s1-1024x768.jpg 1024w, https:\/\/roessle-dobel.de\/wp-content\/uploads\/2023\/11\/20220916_154923-s1-768x576.jpg 768w, https:\/\/roessle-dobel.de\/wp-content\/uploads\/2023\/11\/20220916_154923-s1-1536x1152.jpg 1536w, https:\/\/roessle-dobel.de\/wp-content\/uploads\/2023\/11\/20220916_154923-s1-1440x1080.jpg 1440w, https:\/\/roessle-dobel.de\/wp-content\/uploads\/2023\/11\/20220916_154923-s1-1200x900.jpg 1200w, https:\/\/roessle-dobel.de\/wp-content\/uploads\/2023\/11\/20220916_154923-s1-780x585.jpg 780w, https:\/\/roessle-dobel.de\/wp-content\/uploads\/2023\/11\/20220916_154923-s1-600x450.jpg 600w, https:\/\/roessle-dobel.de\/wp-content\/uploads\/2023\/11\/20220916_154923-s1-550x413.jpg 550w, https:\/\/roessle-dobel.de\/wp-content\/uploads\/2023\/11\/20220916_154923-s1-370x278.jpg 370w, https:\/\/roessle-dobel.de\/wp-content\/uploads\/2023\/11\/20220916_154923-s1-255x191.jpg 255w, https:\/\/roessle-dobel.de\/wp-content\/uploads\/2023\/11\/20220916_154923-s1-150x113.jpg 150w\" sizes=\"(max-width: 1920px) 100vw, 1920px\" \/><\/a>                    <\/div>                <\/div>\n            <\/div>\t\t<\/div>\n\t\t\t\t<\/div>\n\t\t\t\t\t<\/div>\n\t\t<\/div>\n\t\t\t\t\t<\/div>\n\t\t<\/section>\n\t\t\t\t<section class=\"elementor-section elementor-top-section elementor-element elementor-element-04413cc elementor-hidden-desktop elementor-section-boxed elementor-section-height-default elementor-section-height-default\" data-id=\"04413cc\" data-element_type=\"section\">\n\t\t\t\t\t\t<div class=\"elementor-container elementor-column-gap-no\">\n\t\t\t\t\t<div class=\"elementor-column elementor-col-100 elementor-top-column elementor-element elementor-element-5c017d2\" data-id=\"5c017d2\" data-element_type=\"column\">\n\t\t\t<div class=\"elementor-widget-wrap elementor-element-populated\">\n\t\t\t\t\t\t<div class=\"elementor-element elementor-element-61e1f07 elementor-invisible elementor-widget elementor-widget-cs_gallery\" data-id=\"61e1f07\" data-element_type=\"widget\" data-settings=\"{&quot;_animation&quot;:&quot;fadeIn&quot;,&quot;_animation_delay&quot;:150}\" data-widget_type=\"cs_gallery.default\">\n\t\t\t\t<div class=\"elementor-widget-container\">\n\t\t\t\n            <div class=\"cs-gallery gap-5 gallery-carousel align-middle-v\" data-column=\"2\" data-fade=\"\" data-autoplay=\"on\" data-autoplay-speed=\"5000\" data-show-arrows=\"on\" data-show-dots=\"on\" data-variable-width=\"\" data-overflow-style=\"\" data-center-mode=\"on\">\n                <div class=\"cs-gallery-wrap\">                    <div class=\"cs-gallery-item\">                            <a href=\"https:\/\/roessle-dobel.de\/wp-content\/uploads\/2023\/11\/20210611_171507-s1.jpg\" data-elementor-open-lightbox=\"yes\" data-elementor-lightbox-slideshow=\"61e1f07\" data-e-action-hash=\"#elementor-action%3Aaction%3Dlightbox%26settings%3DeyJpZCI6NDg4NiwidXJsIjoiaHR0cHM6XC9cL3JvZXNzbGUtZG9iZWwuZGVcL3dwLWNvbnRlbnRcL3VwbG9hZHNcLzIwMjNcLzExXC8yMDIxMDYxMV8xNzE1MDctczEuanBnIiwic2xpZGVzaG93IjoiNjFlMWYwNyJ9\"><img fetchpriority=\"high\" decoding=\"async\" width=\"1920\" height=\"1440\" src=\"https:\/\/roessle-dobel.de\/wp-content\/uploads\/2023\/11\/20210611_171507-s1.jpg\" class=\"attachment-cozystay_1920x9999 size-cozystay_1920x9999 wp-image-4886\" alt=\"\" srcset=\"https:\/\/roessle-dobel.de\/wp-content\/uploads\/2023\/11\/20210611_171507-s1.jpg 1920w, https:\/\/roessle-dobel.de\/wp-content\/uploads\/2023\/11\/20210611_171507-s1-300x225.jpg 300w, https:\/\/roessle-dobel.de\/wp-content\/uploads\/2023\/11\/20210611_171507-s1-1024x768.jpg 1024w, https:\/\/roessle-dobel.de\/wp-content\/uploads\/2023\/11\/20210611_171507-s1-768x576.jpg 768w, https:\/\/roessle-dobel.de\/wp-content\/uploads\/2023\/11\/20210611_171507-s1-1536x1152.jpg 1536w, https:\/\/roessle-dobel.de\/wp-content\/uploads\/2023\/11\/20210611_171507-s1-1440x1080.jpg 1440w, https:\/\/roessle-dobel.de\/wp-content\/uploads\/2023\/11\/20210611_171507-s1-1200x900.jpg 1200w, https:\/\/roessle-dobel.de\/wp-content\/uploads\/2023\/11\/20210611_171507-s1-780x585.jpg 780w, https:\/\/roessle-dobel.de\/wp-content\/uploads\/2023\/11\/20210611_171507-s1-600x450.jpg 600w, https:\/\/roessle-dobel.de\/wp-content\/uploads\/2023\/11\/20210611_171507-s1-550x413.jpg 550w, https:\/\/roessle-dobel.de\/wp-content\/uploads\/2023\/11\/20210611_171507-s1-370x278.jpg 370w, https:\/\/roessle-dobel.de\/wp-content\/uploads\/2023\/11\/20210611_171507-s1-255x191.jpg 255w, https:\/\/roessle-dobel.de\/wp-content\/uploads\/2023\/11\/20210611_171507-s1-150x113.jpg 150w\" sizes=\"(max-width: 1920px) 100vw, 1920px\" \/><\/a>                    <\/div>                    <div class=\"cs-gallery-item\">                            <a href=\"https:\/\/roessle-dobel.de\/wp-content\/uploads\/2023\/11\/20220916_154923-s1.jpg\" data-elementor-open-lightbox=\"yes\" data-elementor-lightbox-slideshow=\"61e1f07\" data-e-action-hash=\"#elementor-action%3Aaction%3Dlightbox%26settings%3DeyJpZCI6NDg4NywidXJsIjoiaHR0cHM6XC9cL3JvZXNzbGUtZG9iZWwuZGVcL3dwLWNvbnRlbnRcL3VwbG9hZHNcLzIwMjNcLzExXC8yMDIyMDkxNl8xNTQ5MjMtczEuanBnIiwic2xpZGVzaG93IjoiNjFlMWYwNyJ9\"><img decoding=\"async\" width=\"1920\" height=\"1440\" src=\"https:\/\/roessle-dobel.de\/wp-content\/uploads\/2023\/11\/20220916_154923-s1.jpg\" class=\"attachment-cozystay_1920x9999 size-cozystay_1920x9999 wp-image-4887\" alt=\"\" srcset=\"https:\/\/roessle-dobel.de\/wp-content\/uploads\/2023\/11\/20220916_154923-s1.jpg 1920w, https:\/\/roessle-dobel.de\/wp-content\/uploads\/2023\/11\/20220916_154923-s1-300x225.jpg 300w, https:\/\/roessle-dobel.de\/wp-content\/uploads\/2023\/11\/20220916_154923-s1-1024x768.jpg 1024w, https:\/\/roessle-dobel.de\/wp-content\/uploads\/2023\/11\/20220916_154923-s1-768x576.jpg 768w, https:\/\/roessle-dobel.de\/wp-content\/uploads\/2023\/11\/20220916_154923-s1-1536x1152.jpg 1536w, https:\/\/roessle-dobel.de\/wp-content\/uploads\/2023\/11\/20220916_154923-s1-1440x1080.jpg 1440w, https:\/\/roessle-dobel.de\/wp-content\/uploads\/2023\/11\/20220916_154923-s1-1200x900.jpg 1200w, https:\/\/roessle-dobel.de\/wp-content\/uploads\/2023\/11\/20220916_154923-s1-780x585.jpg 780w, https:\/\/roessle-dobel.de\/wp-content\/uploads\/2023\/11\/20220916_154923-s1-600x450.jpg 600w, https:\/\/roessle-dobel.de\/wp-content\/uploads\/2023\/11\/20220916_154923-s1-550x413.jpg 550w, https:\/\/roessle-dobel.de\/wp-content\/uploads\/2023\/11\/20220916_154923-s1-370x278.jpg 370w, https:\/\/roessle-dobel.de\/wp-content\/uploads\/2023\/11\/20220916_154923-s1-255x191.jpg 255w, https:\/\/roessle-dobel.de\/wp-content\/uploads\/2023\/11\/20220916_154923-s1-150x113.jpg 150w\" sizes=\"(max-width: 1920px) 100vw, 1920px\" \/><\/a>                    <\/div>                <\/div>\n            <\/div>\t\t<\/div>\n\t\t\t\t<\/div>\n\t\t\t\t\t<\/div>\n\t\t<\/div>\n\t\t\t\t\t<\/div>\n\t\t<\/section>\n\t\t\t\t<section class=\"elementor-section elementor-top-section elementor-element elementor-element-dfdecc8 elementor-section-content-middle elementor-reverse-tablet elementor-reverse-mobile elementor-section-boxed elementor-section-height-default elementor-section-height-default\" data-id=\"dfdecc8\" data-element_type=\"section\">\n\t\t\t\t\t\t<div class=\"elementor-container elementor-column-gap-default\">\n\t\t\t\t\t<div class=\"elementor-column elementor-col-100 elementor-top-column elementor-element elementor-element-500eb4e\" data-id=\"500eb4e\" data-element_type=\"column\">\n\t\t\t<div class=\"elementor-widget-wrap elementor-element-populated\">\n\t\t\t\t\t\t<div class=\"elementor-element elementor-element-317c557 elementor-widget__width-initial elementor-widget elementor-widget-cs_title\" data-id=\"317c557\" data-element_type=\"widget\" data-widget_type=\"cs_title.default\">\n\t\t\t\t<div class=\"elementor-widget-container\">\n\t\t\t\n        <div class=\"cs-title-wrap text-center\">\t            <div class=\"cs-title-text\">\n\t                <p><em>We look forward to your visit and wish you a relaxing and pleasant stay at the Hotel R\u00f6ssle!<\/em><\/p>\n\t            <\/div>        <\/div>\t\t<\/div>\n\t\t\t\t<\/div>\n\t\t\t\t\t<\/div>\n\t\t<\/div>\n\t\t\t\t\t<\/div>\n\t\t<\/section>\n\t\t\t\t<\/div>\n\t\t","protected":false},"excerpt":{"rendered":"<p>Calm and relaxing environment Sun terrace A great place for those who want to spend their free time outdoors Leisure time at the hotel Enjoy the warmth of the sun In the courtyard of the Hotel R\u00f6ssle is located comfortable sun terrace surrounded by a beautiful garden. Here you can relax in warm weather or &#8230;<\/p>\n","protected":false},"author":1,"featured_media":0,"parent":0,"menu_order":0,"comment_status":"closed","ping_status":"closed","template":"template-wide-content.php","meta":{"cozystay_single_page_hide_site_header":"","cozystay_single_page_site_header_source":"","cozystay_single_page_custom_site_header":"0","cozystay_single_page_custom_sticky_site_header":"0","cozystay_single_page_hide_page_title":"on","cozystay_single_page_header_section_size":"","cozystay_single_page_header_background_color":"","cozystay_single_page_header_background_position_x":"center","cozystay_single_page_header_background_position_y":"center","cozystay_single_page_header_background_size":"cover","cozystay_single_page_header_background_repeat":"off","cozystay_single_page_header_background_scroll":"on","cozystay_single_page_header_text_color":"","cozystay_single_page_header_show_breadcrumb":"","cozystay_single_page_site_footer_hide_main":"","cozystay_single_custom_site_footer_main_source":"","cozystay_single_custom_site_footer_main":"0","cozystay_single_page_site_footer_hide_above":"","cozystay_single_custom_site_footer_above_source":"","cozystay_single_custom_site_footer_above":"0","cozystay_single_page_site_footer_hide_instagram":"","cozystay_single_page_site_footer_hide_bottom":"","cozystay_single_custom_mobile_menu_source":"","cozystay_single_custom_mobile_menu":"0","cozystay_single_custom_mobile_menu_animation":"","cozystay_single_custom_mobile_menu_width":"","cozystay_single_custom_mobile_menu_custom_width":375,"footnotes":""},"class_list":["post-8273","page","type-page","status-publish","hentry"],"yoast_head":"<!-- This site is optimized with the Yoast SEO plugin v23.5 - https:\/\/yoast.com\/wordpress\/plugins\/seo\/ -->\n<title>Sun terrace - Hotel R\u00f6ssle in Dobel \u2014 Schwarzwald<\/title>\n<meta name=\"robots\" content=\"index, follow, max-snippet:-1, max-image-preview:large, max-video-preview:-1\" \/>\n<link rel=\"canonical\" href=\"https:\/\/roessle-dobel.de\/en\/sun-terrace\/\" \/>\n<meta property=\"og:locale\" content=\"en_US\" \/>\n<meta property=\"og:type\" content=\"article\" \/>\n<meta property=\"og:title\" content=\"Sun terrace - Hotel R\u00f6ssle in Dobel \u2014 Schwarzwald\" \/>\n<meta property=\"og:description\" content=\"Calm and relaxing environment Sun terrace A great place for those who want to spend their free time outdoors Leisure time at the hotel Enjoy the warmth of the sun In the courtyard of the Hotel R\u00f6ssle is located comfortable sun terrace surrounded by a beautiful garden. Here you can relax in warm weather or ...\" \/>\n<meta property=\"og:url\" content=\"https:\/\/roessle-dobel.de\/en\/sun-terrace\/\" \/>\n<meta property=\"og:site_name\" content=\"Hotel R\u00f6ssle in Dobel \u2014 Schwarzwald\" \/>\n<meta property=\"article:modified_time\" content=\"2024-02-01T14:30:20+00:00\" \/>\n<meta property=\"og:image\" content=\"https:\/\/roessle-dobel.de\/wp-content\/uploads\/2023\/11\/20210611_171507-s1.jpg\" \/>\n<meta name=\"twitter:card\" content=\"summary_large_image\" \/>\n<meta name=\"twitter:label1\" content=\"Est. reading time\" \/>\n\t<meta name=\"twitter:data1\" content=\"1 minute\" \/>\n<script type=\"application\/ld+json\" class=\"yoast-schema-graph\">{\"@context\":\"https:\/\/schema.org\",\"@graph\":[{\"@type\":\"WebPage\",\"@id\":\"https:\/\/roessle-dobel.de\/en\/sun-terrace\/\",\"url\":\"https:\/\/roessle-dobel.de\/en\/sun-terrace\/\",\"name\":\"Sun terrace - Hotel R\u00f6ssle in Dobel \u2014 Schwarzwald\",\"isPartOf\":{\"@id\":\"https:\/\/roessle-dobel.de\/en\/#website\"},\"primaryImageOfPage\":{\"@id\":\"https:\/\/roessle-dobel.de\/en\/sun-terrace\/#primaryimage\"},\"image\":{\"@id\":\"https:\/\/roessle-dobel.de\/en\/sun-terrace\/#primaryimage\"},\"thumbnailUrl\":\"https:\/\/roessle-dobel.de\/wp-content\/uploads\/2023\/11\/20210611_171507-s1.jpg\",\"datePublished\":\"2023-11-20T08:49:12+00:00\",\"dateModified\":\"2024-02-01T14:30:20+00:00\",\"breadcrumb\":{\"@id\":\"https:\/\/roessle-dobel.de\/en\/sun-terrace\/#breadcrumb\"},\"inLanguage\":\"en-US\",\"potentialAction\":[{\"@type\":\"ReadAction\",\"target\":[\"https:\/\/roessle-dobel.de\/en\/sun-terrace\/\"]}]},{\"@type\":\"ImageObject\",\"inLanguage\":\"en-US\",\"@id\":\"https:\/\/roessle-dobel.de\/en\/sun-terrace\/#primaryimage\",\"url\":\"https:\/\/roessle-dobel.de\/wp-content\/uploads\/2023\/11\/20210611_171507-s1.jpg\",\"contentUrl\":\"https:\/\/roessle-dobel.de\/wp-content\/uploads\/2023\/11\/20210611_171507-s1.jpg\"},{\"@type\":\"BreadcrumbList\",\"@id\":\"https:\/\/roessle-dobel.de\/en\/sun-terrace\/#breadcrumb\",\"itemListElement\":[{\"@type\":\"ListItem\",\"position\":1,\"name\":\"Home\",\"item\":\"https:\/\/roessle-dobel.de\/en\/home-page\/\"},{\"@type\":\"ListItem\",\"position\":2,\"name\":\"Sun terrace\"}]},{\"@type\":\"WebSite\",\"@id\":\"https:\/\/roessle-dobel.de\/en\/#website\",\"url\":\"https:\/\/roessle-dobel.de\/en\/\",\"name\":\"Hotel R\u00f6ssle in Dobel \u2014 Schwarzwald\",\"description\":\"Das Hotel R\u00f6ssle befindet sich in einer ruhigen Lage in der Gemeinde Dobel, im landschaftlich wundersch\u00f6nen Nordschwarzwald, unweit von Baden-Baden. Wir bieten unseren G\u00e4sten komfortable Zimmer, kostenlose Parkpl\u00e4tze und WLAN, Spielzimmer und Vieles mehr.\",\"potentialAction\":[{\"@type\":\"SearchAction\",\"target\":{\"@type\":\"EntryPoint\",\"urlTemplate\":\"https:\/\/roessle-dobel.de\/en\/?s={search_term_string}\"},\"query-input\":{\"@type\":\"PropertyValueSpecification\",\"valueRequired\":true,\"valueName\":\"search_term_string\"}}],\"inLanguage\":\"en-US\"}]}<\/script>\n<!-- \/ Yoast SEO plugin. -->","yoast_head_json":{"title":"Sun terrace - Hotel R\u00f6ssle in Dobel \u2014 Schwarzwald","robots":{"index":"index","follow":"follow","max-snippet":"max-snippet:-1","max-image-preview":"max-image-preview:large","max-video-preview":"max-video-preview:-1"},"canonical":"https:\/\/roessle-dobel.de\/en\/sun-terrace\/","og_locale":"en_US","og_type":"article","og_title":"Sun terrace - Hotel R\u00f6ssle in Dobel \u2014 Schwarzwald","og_description":"Calm and relaxing environment Sun terrace A great place for those who want to spend their free time outdoors Leisure time at the hotel Enjoy the warmth of the sun In the courtyard of the Hotel R\u00f6ssle is located comfortable sun terrace surrounded by a beautiful garden. Here you can relax in warm weather or ...","og_url":"https:\/\/roessle-dobel.de\/en\/sun-terrace\/","og_site_name":"Hotel R\u00f6ssle in Dobel \u2014 Schwarzwald","article_modified_time":"2024-02-01T14:30:20+00:00","og_image":[{"url":"https:\/\/roessle-dobel.de\/wp-content\/uploads\/2023\/11\/20210611_171507-s1.jpg"}],"twitter_card":"summary_large_image","twitter_misc":{"Est. reading time":"1 minute"},"schema":{"@context":"https:\/\/schema.org","@graph":[{"@type":"WebPage","@id":"https:\/\/roessle-dobel.de\/en\/sun-terrace\/","url":"https:\/\/roessle-dobel.de\/en\/sun-terrace\/","name":"Sun terrace - Hotel R\u00f6ssle in Dobel \u2014 Schwarzwald","isPartOf":{"@id":"https:\/\/roessle-dobel.de\/en\/#website"},"primaryImageOfPage":{"@id":"https:\/\/roessle-dobel.de\/en\/sun-terrace\/#primaryimage"},"image":{"@id":"https:\/\/roessle-dobel.de\/en\/sun-terrace\/#primaryimage"},"thumbnailUrl":"https:\/\/roessle-dobel.de\/wp-content\/uploads\/2023\/11\/20210611_171507-s1.jpg","datePublished":"2023-11-20T08:49:12+00:00","dateModified":"2024-02-01T14:30:20+00:00","breadcrumb":{"@id":"https:\/\/roessle-dobel.de\/en\/sun-terrace\/#breadcrumb"},"inLanguage":"en-US","potentialAction":[{"@type":"ReadAction","target":["https:\/\/roessle-dobel.de\/en\/sun-terrace\/"]}]},{"@type":"ImageObject","inLanguage":"en-US","@id":"https:\/\/roessle-dobel.de\/en\/sun-terrace\/#primaryimage","url":"https:\/\/roessle-dobel.de\/wp-content\/uploads\/2023\/11\/20210611_171507-s1.jpg","contentUrl":"https:\/\/roessle-dobel.de\/wp-content\/uploads\/2023\/11\/20210611_171507-s1.jpg"},{"@type":"BreadcrumbList","@id":"https:\/\/roessle-dobel.de\/en\/sun-terrace\/#breadcrumb","itemListElement":[{"@type":"ListItem","position":1,"name":"Home","item":"https:\/\/roessle-dobel.de\/en\/home-page\/"},{"@type":"ListItem","position":2,"name":"Sun terrace"}]},{"@type":"WebSite","@id":"https:\/\/roessle-dobel.de\/en\/#website","url":"https:\/\/roessle-dobel.de\/en\/","name":"Hotel R\u00f6ssle in Dobel \u2014 Schwarzwald","description":"Das Hotel R\u00f6ssle befindet sich in einer ruhigen Lage in der Gemeinde Dobel, im landschaftlich wundersch\u00f6nen Nordschwarzwald, unweit von Baden-Baden. Wir bieten unseren G\u00e4sten komfortable Zimmer, kostenlose Parkpl\u00e4tze und WLAN, Spielzimmer und Vieles mehr.","potentialAction":[{"@type":"SearchAction","target":{"@type":"EntryPoint","urlTemplate":"https:\/\/roessle-dobel.de\/en\/?s={search_term_string}"},"query-input":{"@type":"PropertyValueSpecification","valueRequired":true,"valueName":"search_term_string"}}],"inLanguage":"en-US"}]}},"_links":{"self":[{"href":"https:\/\/roessle-dobel.de\/en\/wp-json\/wp\/v2\/pages\/8273","targetHints":{"allow":["GET"]}}],"collection":[{"href":"https:\/\/roessle-dobel.de\/en\/wp-json\/wp\/v2\/pages"}],"about":[{"href":"https:\/\/roessle-dobel.de\/en\/wp-json\/wp\/v2\/types\/page"}],"author":[{"embeddable":true,"href":"https:\/\/roessle-dobel.de\/en\/wp-json\/wp\/v2\/users\/1"}],"replies":[{"embeddable":true,"href":"https:\/\/roessle-dobel.de\/en\/wp-json\/wp\/v2\/comments?post=8273"}],"version-history":[{"count":5,"href":"https:\/\/roessle-dobel.de\/en\/wp-json\/wp\/v2\/pages\/8273\/revisions"}],"predecessor-version":[{"id":10395,"href":"https:\/\/roessle-dobel.de\/en\/wp-json\/wp\/v2\/pages\/8273\/revisions\/10395"}],"wp:attachment":[{"href":"https:\/\/roessle-dobel.de\/en\/wp-json\/wp\/v2\/media?parent=8273"}],"curies":[{"name":"wp","href":"https:\/\/api.w.org\/{rel}","templated":true}]}}