{"id":8317,"date":"2023-11-17T16:00:46","date_gmt":"2023-11-17T15:00:46","guid":{"rendered":"https:\/\/roessle-dobel.de\/recreation-room\/"},"modified":"2024-02-01T15:21:18","modified_gmt":"2024-02-01T14:21:18","slug":"recreation-room","status":"publish","type":"page","link":"https:\/\/roessle-dobel.de\/en\/recreation-room\/","title":{"rendered":"Lounge area"},"content":{"rendered":"\t\t<div data-elementor-type=\"wp-page\" data-elementor-id=\"8317\" class=\"elementor elementor-8317 elementor-4745\">\n\t\t\t\t\t\t<section class=\"elementor-section elementor-top-section elementor-element elementor-element-9020f46 elementor-section-height-min-height cs-section-content-fullwidth cs_scroll_y_100 cs-parallax-on-scroll elementor-section-boxed elementor-section-height-default elementor-section-items-middle\" data-id=\"9020f46\" data-element_type=\"section\" data-settings=\"{&quot;background_background&quot;:&quot;classic&quot;}\" data-cs-parallax-y=\"100\" style=\"background-image: none;\" data-cs-background-image=\"https:\/\/roessle-dobel.de\/wp-content\/uploads\/2023\/10\/20220916_155252-1.jpg\">\n\t\t\t\t\t\t\t<div class=\"elementor-background-overlay\"><\/div>\n\t\t\t\t\t\t\t<div class=\"elementor-container elementor-column-gap-no\">\n\t\t\t\t\t<div class=\"elementor-column elementor-col-100 elementor-top-column elementor-element elementor-element-7d96466 dark-color\" data-id=\"7d96466\" data-element_type=\"column\">\n\t\t\t<div class=\"elementor-widget-wrap elementor-element-populated\">\n\t\t\t\t\t\t<div class=\"elementor-element elementor-element-3eeddda elementor-widget elementor-widget-cs_title\" data-id=\"3eeddda\" data-element_type=\"widget\" data-widget_type=\"cs_title.default\">\n\t\t\t\t<div class=\"elementor-widget-container\">\n\t\t\t\n        <div class=\"cs-title-wrap text-center\">\t            <div class=\"cs-subtitle-wrap\"><span class=\"cs-subtitle color-white\">Friendly atmosphere  <\/span><\/div>\t            <h1 class=\"cs-title\">\n\t                Lounge area\t            <\/h1>\t            <div class=\"cs-title-text\">\n\t                <p>A cozy space created specifically for rest and relaxation<\/p>\n\t            <\/div>        <\/div>\t\t<\/div>\n\t\t\t\t<\/div>\n\t\t\t\t\t<\/div>\n\t\t<\/div>\n\t\t\t\t\t<\/div>\n\t\t<\/section>\n\t\t\t\t<section class=\"elementor-section elementor-top-section elementor-element elementor-element-d7dec90 elementor-section-content-middle elementor-reverse-tablet elementor-reverse-mobile elementor-section-boxed elementor-section-height-default elementor-section-height-default\" data-id=\"d7dec90\" data-element_type=\"section\">\n\t\t\t\t\t\t<div class=\"elementor-container elementor-column-gap-no\">\n\t\t\t\t\t<div class=\"elementor-column elementor-col-50 elementor-top-column elementor-element elementor-element-9776245\" data-id=\"9776245\" data-element_type=\"column\">\n\t\t\t<div class=\"elementor-widget-wrap elementor-element-populated\">\n\t\t\t\t\t\t<div class=\"elementor-element elementor-element-6645cc4 elementor-widget elementor-widget-cs_title\" data-id=\"6645cc4\" data-element_type=\"widget\" data-widget_type=\"cs_title.default\">\n\t\t\t\t<div class=\"elementor-widget-container\">\n\t\t\t\n        <div class=\"cs-title-wrap\">\t            <div class=\"cs-subtitle-wrap\"><span class=\"cs-subtitle\">Leisure at the hotel<\/span><\/div>\t            <h3 class=\"cs-title\">\n\t                Your unforgettable vacation\t            <\/h3>\t            <div class=\"cs-title-text\">\n\t                <p>When it&#8217;s cold outside, the weather is bad or you want to spend time indoors, you can use the lounge area inside the hotel.<\/p>\n<p>In a cozy atmosphere you can chat, relax and escape from everyday affairs.<\/p>\n<p>The lounge area is equipped with comfortable seats with tables, armchairs and a large TV.<\/p>\n\t            <\/div>        <\/div>\t\t<\/div>\n\t\t\t\t<\/div>\n\t\t\t\t<div class=\"elementor-element elementor-element-595f484 elementor-widget__width-initial elementor-widget elementor-widget-cs_list\" data-id=\"595f484\" data-element_type=\"widget\" data-widget_type=\"cs_list.default\">\n\t\t\t\t<div class=\"elementor-widget-container\">\n\t\t\t\n            <ul class=\"cs-list cs-list-type-unordered with-border\">                <li>                        <span class=\"list-icon color-primary\">\n                            <i aria-hidden=\"true\" class=\"far fa-clock\"><\/i>                        <\/span>                    <span class=\"list-content\"><b>Opening hours:<\/b> daily from 10:00 to 22:00<\/span>                <\/li>            <\/ul>\t\t<\/div>\n\t\t\t\t<\/div>\n\t\t\t\t\t<\/div>\n\t\t<\/div>\n\t\t\t\t<div class=\"elementor-column elementor-col-50 elementor-top-column elementor-element elementor-element-3f8cdcc elementor-hidden-tablet elementor-hidden-mobile\" data-id=\"3f8cdcc\" data-element_type=\"column\">\n\t\t\t<div class=\"elementor-widget-wrap elementor-element-populated\">\n\t\t\t\t\t\t<div class=\"elementor-element elementor-element-80b8bb0 elementor-invisible elementor-widget elementor-widget-cs_gallery\" data-id=\"80b8bb0\" data-element_type=\"widget\" data-settings=\"{&quot;_animation&quot;:&quot;fadeIn&quot;,&quot;_animation_delay&quot;:150}\" data-widget_type=\"cs_gallery.default\">\n\t\t\t\t<div class=\"elementor-widget-container\">\n\t\t\t\n            <div class=\"cs-gallery gap-5 gallery-carousel style-overflow\" data-column=\"1\" data-fade=\"on\" data-autoplay=\"on\" data-autoplay-speed=\"5000\" data-show-arrows=\"on\" data-show-dots=\"on\" data-variable-width=\"\" data-overflow-style=\"on\" data-center-mode=\"\">\n                <div class=\"cs-gallery-wrap\">                    <div class=\"cs-gallery-item\">                            <a href=\"https:\/\/roessle-dobel.de\/wp-content\/uploads\/2023\/11\/20230618_175515-s1.jpg\" data-elementor-open-lightbox=\"yes\" data-elementor-lightbox-slideshow=\"80b8bb0\" data-e-action-hash=\"#elementor-action%3Aaction%3Dlightbox%26settings%3DeyJpZCI6NDc3MywidXJsIjoiaHR0cHM6XC9cL3JvZXNzbGUtZG9iZWwuZGVcL3dwLWNvbnRlbnRcL3VwbG9hZHNcLzIwMjNcLzExXC8yMDIzMDYxOF8xNzU1MTUtczEuanBnIiwic2xpZGVzaG93IjoiODBiOGJiMCJ9\"><img fetchpriority=\"high\" decoding=\"async\" width=\"1920\" height=\"1440\" src=\"https:\/\/roessle-dobel.de\/wp-content\/uploads\/2023\/11\/20230618_175515-s1.jpg\" class=\"attachment-cozystay_1920x9999 size-cozystay_1920x9999 wp-image-4773\" alt=\"\" srcset=\"https:\/\/roessle-dobel.de\/wp-content\/uploads\/2023\/11\/20230618_175515-s1.jpg 1920w, https:\/\/roessle-dobel.de\/wp-content\/uploads\/2023\/11\/20230618_175515-s1-300x225.jpg 300w, https:\/\/roessle-dobel.de\/wp-content\/uploads\/2023\/11\/20230618_175515-s1-1024x768.jpg 1024w, https:\/\/roessle-dobel.de\/wp-content\/uploads\/2023\/11\/20230618_175515-s1-768x576.jpg 768w, https:\/\/roessle-dobel.de\/wp-content\/uploads\/2023\/11\/20230618_175515-s1-1536x1152.jpg 1536w, https:\/\/roessle-dobel.de\/wp-content\/uploads\/2023\/11\/20230618_175515-s1-1440x1080.jpg 1440w, https:\/\/roessle-dobel.de\/wp-content\/uploads\/2023\/11\/20230618_175515-s1-1200x900.jpg 1200w, https:\/\/roessle-dobel.de\/wp-content\/uploads\/2023\/11\/20230618_175515-s1-780x585.jpg 780w, https:\/\/roessle-dobel.de\/wp-content\/uploads\/2023\/11\/20230618_175515-s1-600x450.jpg 600w, https:\/\/roessle-dobel.de\/wp-content\/uploads\/2023\/11\/20230618_175515-s1-550x413.jpg 550w, https:\/\/roessle-dobel.de\/wp-content\/uploads\/2023\/11\/20230618_175515-s1-370x278.jpg 370w, https:\/\/roessle-dobel.de\/wp-content\/uploads\/2023\/11\/20230618_175515-s1-255x191.jpg 255w, https:\/\/roessle-dobel.de\/wp-content\/uploads\/2023\/11\/20230618_175515-s1-150x113.jpg 150w\" sizes=\"(max-width: 1920px) 100vw, 1920px\" \/><\/a>                    <\/div>                    <div class=\"cs-gallery-item\">                            <a href=\"https:\/\/roessle-dobel.de\/wp-content\/uploads\/2023\/11\/20230618_175418-s1.jpg\" data-elementor-open-lightbox=\"yes\" data-elementor-lightbox-slideshow=\"80b8bb0\" data-e-action-hash=\"#elementor-action%3Aaction%3Dlightbox%26settings%3DeyJpZCI6NDc3MiwidXJsIjoiaHR0cHM6XC9cL3JvZXNzbGUtZG9iZWwuZGVcL3dwLWNvbnRlbnRcL3VwbG9hZHNcLzIwMjNcLzExXC8yMDIzMDYxOF8xNzU0MTgtczEuanBnIiwic2xpZGVzaG93IjoiODBiOGJiMCJ9\"><img decoding=\"async\" width=\"1920\" height=\"1440\" src=\"https:\/\/roessle-dobel.de\/wp-content\/uploads\/2023\/11\/20230618_175418-s1.jpg\" class=\"attachment-cozystay_1920x9999 size-cozystay_1920x9999 wp-image-4772\" alt=\"\" srcset=\"https:\/\/roessle-dobel.de\/wp-content\/uploads\/2023\/11\/20230618_175418-s1.jpg 1920w, https:\/\/roessle-dobel.de\/wp-content\/uploads\/2023\/11\/20230618_175418-s1-300x225.jpg 300w, https:\/\/roessle-dobel.de\/wp-content\/uploads\/2023\/11\/20230618_175418-s1-1024x768.jpg 1024w, https:\/\/roessle-dobel.de\/wp-content\/uploads\/2023\/11\/20230618_175418-s1-768x576.jpg 768w, https:\/\/roessle-dobel.de\/wp-content\/uploads\/2023\/11\/20230618_175418-s1-1536x1152.jpg 1536w, https:\/\/roessle-dobel.de\/wp-content\/uploads\/2023\/11\/20230618_175418-s1-1440x1080.jpg 1440w, https:\/\/roessle-dobel.de\/wp-content\/uploads\/2023\/11\/20230618_175418-s1-1200x900.jpg 1200w, https:\/\/roessle-dobel.de\/wp-content\/uploads\/2023\/11\/20230618_175418-s1-780x585.jpg 780w, https:\/\/roessle-dobel.de\/wp-content\/uploads\/2023\/11\/20230618_175418-s1-600x450.jpg 600w, https:\/\/roessle-dobel.de\/wp-content\/uploads\/2023\/11\/20230618_175418-s1-550x413.jpg 550w, https:\/\/roessle-dobel.de\/wp-content\/uploads\/2023\/11\/20230618_175418-s1-370x278.jpg 370w, https:\/\/roessle-dobel.de\/wp-content\/uploads\/2023\/11\/20230618_175418-s1-255x191.jpg 255w, https:\/\/roessle-dobel.de\/wp-content\/uploads\/2023\/11\/20230618_175418-s1-150x113.jpg 150w\" sizes=\"(max-width: 1920px) 100vw, 1920px\" \/><\/a>                    <\/div>                <\/div>\n            <\/div>\t\t<\/div>\n\t\t\t\t<\/div>\n\t\t\t\t\t<\/div>\n\t\t<\/div>\n\t\t\t\t\t<\/div>\n\t\t<\/section>\n\t\t\t\t<section class=\"elementor-section elementor-top-section elementor-element elementor-element-085d0c6 elementor-hidden-desktop elementor-section-boxed elementor-section-height-default elementor-section-height-default\" data-id=\"085d0c6\" data-element_type=\"section\">\n\t\t\t\t\t\t<div class=\"elementor-container elementor-column-gap-no\">\n\t\t\t\t\t<div class=\"elementor-column elementor-col-100 elementor-top-column elementor-element elementor-element-daa788d\" data-id=\"daa788d\" data-element_type=\"column\">\n\t\t\t<div class=\"elementor-widget-wrap elementor-element-populated\">\n\t\t\t\t\t\t<div class=\"elementor-element elementor-element-f5cc564 elementor-invisible elementor-widget elementor-widget-cs_gallery\" data-id=\"f5cc564\" data-element_type=\"widget\" data-settings=\"{&quot;_animation&quot;:&quot;fadeIn&quot;,&quot;_animation_delay&quot;:150}\" data-widget_type=\"cs_gallery.default\">\n\t\t\t\t<div class=\"elementor-widget-container\">\n\t\t\t\n            <div class=\"cs-gallery gap-5 gallery-carousel align-middle-v\" data-column=\"2\" data-fade=\"\" data-autoplay=\"on\" data-autoplay-speed=\"5000\" data-show-arrows=\"on\" data-show-dots=\"on\" data-variable-width=\"\" data-overflow-style=\"\" data-center-mode=\"on\">\n                <div class=\"cs-gallery-wrap\">                    <div class=\"cs-gallery-item\">                            <a href=\"https:\/\/roessle-dobel.de\/wp-content\/uploads\/2023\/11\/20230618_175515-s1.jpg\" data-elementor-open-lightbox=\"yes\" data-elementor-lightbox-slideshow=\"f5cc564\" data-e-action-hash=\"#elementor-action%3Aaction%3Dlightbox%26settings%3DeyJpZCI6NDc3MywidXJsIjoiaHR0cHM6XC9cL3JvZXNzbGUtZG9iZWwuZGVcL3dwLWNvbnRlbnRcL3VwbG9hZHNcLzIwMjNcLzExXC8yMDIzMDYxOF8xNzU1MTUtczEuanBnIiwic2xpZGVzaG93IjoiZjVjYzU2NCJ9\"><img fetchpriority=\"high\" decoding=\"async\" width=\"1920\" height=\"1440\" src=\"https:\/\/roessle-dobel.de\/wp-content\/uploads\/2023\/11\/20230618_175515-s1.jpg\" class=\"attachment-cozystay_1920x9999 size-cozystay_1920x9999 wp-image-4773\" alt=\"\" srcset=\"https:\/\/roessle-dobel.de\/wp-content\/uploads\/2023\/11\/20230618_175515-s1.jpg 1920w, https:\/\/roessle-dobel.de\/wp-content\/uploads\/2023\/11\/20230618_175515-s1-300x225.jpg 300w, https:\/\/roessle-dobel.de\/wp-content\/uploads\/2023\/11\/20230618_175515-s1-1024x768.jpg 1024w, https:\/\/roessle-dobel.de\/wp-content\/uploads\/2023\/11\/20230618_175515-s1-768x576.jpg 768w, https:\/\/roessle-dobel.de\/wp-content\/uploads\/2023\/11\/20230618_175515-s1-1536x1152.jpg 1536w, https:\/\/roessle-dobel.de\/wp-content\/uploads\/2023\/11\/20230618_175515-s1-1440x1080.jpg 1440w, https:\/\/roessle-dobel.de\/wp-content\/uploads\/2023\/11\/20230618_175515-s1-1200x900.jpg 1200w, https:\/\/roessle-dobel.de\/wp-content\/uploads\/2023\/11\/20230618_175515-s1-780x585.jpg 780w, https:\/\/roessle-dobel.de\/wp-content\/uploads\/2023\/11\/20230618_175515-s1-600x450.jpg 600w, https:\/\/roessle-dobel.de\/wp-content\/uploads\/2023\/11\/20230618_175515-s1-550x413.jpg 550w, https:\/\/roessle-dobel.de\/wp-content\/uploads\/2023\/11\/20230618_175515-s1-370x278.jpg 370w, https:\/\/roessle-dobel.de\/wp-content\/uploads\/2023\/11\/20230618_175515-s1-255x191.jpg 255w, https:\/\/roessle-dobel.de\/wp-content\/uploads\/2023\/11\/20230618_175515-s1-150x113.jpg 150w\" sizes=\"(max-width: 1920px) 100vw, 1920px\" \/><\/a>                    <\/div>                    <div class=\"cs-gallery-item\">                            <a href=\"https:\/\/roessle-dobel.de\/wp-content\/uploads\/2023\/11\/20230618_175418-s1.jpg\" data-elementor-open-lightbox=\"yes\" data-elementor-lightbox-slideshow=\"f5cc564\" data-e-action-hash=\"#elementor-action%3Aaction%3Dlightbox%26settings%3DeyJpZCI6NDc3MiwidXJsIjoiaHR0cHM6XC9cL3JvZXNzbGUtZG9iZWwuZGVcL3dwLWNvbnRlbnRcL3VwbG9hZHNcLzIwMjNcLzExXC8yMDIzMDYxOF8xNzU0MTgtczEuanBnIiwic2xpZGVzaG93IjoiZjVjYzU2NCJ9\"><img decoding=\"async\" width=\"1920\" height=\"1440\" src=\"https:\/\/roessle-dobel.de\/wp-content\/uploads\/2023\/11\/20230618_175418-s1.jpg\" class=\"attachment-cozystay_1920x9999 size-cozystay_1920x9999 wp-image-4772\" alt=\"\" srcset=\"https:\/\/roessle-dobel.de\/wp-content\/uploads\/2023\/11\/20230618_175418-s1.jpg 1920w, https:\/\/roessle-dobel.de\/wp-content\/uploads\/2023\/11\/20230618_175418-s1-300x225.jpg 300w, https:\/\/roessle-dobel.de\/wp-content\/uploads\/2023\/11\/20230618_175418-s1-1024x768.jpg 1024w, https:\/\/roessle-dobel.de\/wp-content\/uploads\/2023\/11\/20230618_175418-s1-768x576.jpg 768w, https:\/\/roessle-dobel.de\/wp-content\/uploads\/2023\/11\/20230618_175418-s1-1536x1152.jpg 1536w, https:\/\/roessle-dobel.de\/wp-content\/uploads\/2023\/11\/20230618_175418-s1-1440x1080.jpg 1440w, https:\/\/roessle-dobel.de\/wp-content\/uploads\/2023\/11\/20230618_175418-s1-1200x900.jpg 1200w, https:\/\/roessle-dobel.de\/wp-content\/uploads\/2023\/11\/20230618_175418-s1-780x585.jpg 780w, https:\/\/roessle-dobel.de\/wp-content\/uploads\/2023\/11\/20230618_175418-s1-600x450.jpg 600w, https:\/\/roessle-dobel.de\/wp-content\/uploads\/2023\/11\/20230618_175418-s1-550x413.jpg 550w, https:\/\/roessle-dobel.de\/wp-content\/uploads\/2023\/11\/20230618_175418-s1-370x278.jpg 370w, https:\/\/roessle-dobel.de\/wp-content\/uploads\/2023\/11\/20230618_175418-s1-255x191.jpg 255w, https:\/\/roessle-dobel.de\/wp-content\/uploads\/2023\/11\/20230618_175418-s1-150x113.jpg 150w\" sizes=\"(max-width: 1920px) 100vw, 1920px\" \/><\/a>                    <\/div>                <\/div>\n            <\/div>\t\t<\/div>\n\t\t\t\t<\/div>\n\t\t\t\t\t<\/div>\n\t\t<\/div>\n\t\t\t\t\t<\/div>\n\t\t<\/section>\n\t\t\t\t<section class=\"elementor-section elementor-top-section elementor-element elementor-element-8098596 elementor-section-content-middle elementor-reverse-tablet elementor-reverse-mobile elementor-section-boxed elementor-section-height-default elementor-section-height-default\" data-id=\"8098596\" data-element_type=\"section\">\n\t\t\t\t\t\t<div class=\"elementor-container elementor-column-gap-default\">\n\t\t\t\t\t<div class=\"elementor-column elementor-col-100 elementor-top-column elementor-element elementor-element-c0016ad\" data-id=\"c0016ad\" data-element_type=\"column\">\n\t\t\t<div class=\"elementor-widget-wrap elementor-element-populated\">\n\t\t\t\t\t\t<div class=\"elementor-element elementor-element-ebbdb00 elementor-widget__width-initial elementor-widget elementor-widget-cs_title\" data-id=\"ebbdb00\" data-element_type=\"widget\" data-widget_type=\"cs_title.default\">\n\t\t\t\t<div class=\"elementor-widget-container\">\n\t\t\t\n        <div class=\"cs-title-wrap text-center\">\t            <div class=\"cs-title-text\">\n\t                <p><em>Enjoy your stay at the Hotel R\u00f6ssle!<\/em><\/p>\n\t            <\/div>        <\/div>\t\t<\/div>\n\t\t\t\t<\/div>\n\t\t\t\t\t<\/div>\n\t\t<\/div>\n\t\t\t\t\t<\/div>\n\t\t<\/section>\n\t\t\t\t<\/div>\n\t\t","protected":false},"excerpt":{"rendered":"<p>Friendly atmosphere Lounge area A cozy space created specifically for rest and relaxation Leisure at the hotel Your unforgettable vacation When it&#8217;s cold outside, the weather is bad or you want to spend time indoors, you can use the lounge area inside the hotel. In a cozy atmosphere you can chat, relax and escape from &#8230;<\/p>\n","protected":false},"author":1,"featured_media":0,"parent":0,"menu_order":0,"comment_status":"closed","ping_status":"closed","template":"template-wide-content.php","meta":{"cozystay_single_page_hide_site_header":"","cozystay_single_page_site_header_source":"","cozystay_single_page_custom_site_header":"0","cozystay_single_page_custom_sticky_site_header":"0","cozystay_single_page_hide_page_title":"on","cozystay_single_page_header_section_size":"","cozystay_single_page_header_background_color":"","cozystay_single_page_header_background_position_x":"center","cozystay_single_page_header_background_position_y":"center","cozystay_single_page_header_background_size":"cover","cozystay_single_page_header_background_repeat":"off","cozystay_single_page_header_background_scroll":"on","cozystay_single_page_header_text_color":"","cozystay_single_page_header_show_breadcrumb":"","cozystay_single_page_site_footer_hide_main":"","cozystay_single_custom_site_footer_main_source":"","cozystay_single_custom_site_footer_main":"0","cozystay_single_page_site_footer_hide_above":"","cozystay_single_custom_site_footer_above_source":"","cozystay_single_custom_site_footer_above":"0","cozystay_single_page_site_footer_hide_instagram":"","cozystay_single_page_site_footer_hide_bottom":"","cozystay_single_custom_mobile_menu_source":"","cozystay_single_custom_mobile_menu":"0","cozystay_single_custom_mobile_menu_animation":"","cozystay_single_custom_mobile_menu_width":"","cozystay_single_custom_mobile_menu_custom_width":375,"footnotes":""},"class_list":["post-8317","page","type-page","status-publish","hentry"],"yoast_head":"<!-- This site is optimized with the Yoast SEO plugin v23.5 - https:\/\/yoast.com\/wordpress\/plugins\/seo\/ -->\n<title>Lounge area - Hotel R\u00f6ssle in Dobel \u2014 Schwarzwald<\/title>\n<meta name=\"robots\" content=\"index, follow, max-snippet:-1, max-image-preview:large, max-video-preview:-1\" \/>\n<link rel=\"canonical\" href=\"https:\/\/roessle-dobel.de\/en\/recreation-room\/\" \/>\n<meta property=\"og:locale\" content=\"en_US\" \/>\n<meta property=\"og:type\" content=\"article\" \/>\n<meta property=\"og:title\" content=\"Lounge area - Hotel R\u00f6ssle in Dobel \u2014 Schwarzwald\" \/>\n<meta property=\"og:description\" content=\"Friendly atmosphere Lounge area A cozy space created specifically for rest and relaxation Leisure at the hotel Your unforgettable vacation When it&#8217;s cold outside, the weather is bad or you want to spend time indoors, you can use the lounge area inside the hotel. In a cozy atmosphere you can chat, relax and escape from ...\" \/>\n<meta property=\"og:url\" content=\"https:\/\/roessle-dobel.de\/en\/recreation-room\/\" \/>\n<meta property=\"og:site_name\" content=\"Hotel R\u00f6ssle in Dobel \u2014 Schwarzwald\" \/>\n<meta property=\"article:modified_time\" content=\"2024-02-01T14:21:18+00:00\" \/>\n<meta property=\"og:image\" content=\"https:\/\/roessle-dobel.de\/wp-content\/uploads\/2023\/11\/20230618_175515-s1.jpg\" \/>\n<meta name=\"twitter:card\" content=\"summary_large_image\" \/>\n<script type=\"application\/ld+json\" class=\"yoast-schema-graph\">{\"@context\":\"https:\/\/schema.org\",\"@graph\":[{\"@type\":\"WebPage\",\"@id\":\"https:\/\/roessle-dobel.de\/en\/recreation-room\/\",\"url\":\"https:\/\/roessle-dobel.de\/en\/recreation-room\/\",\"name\":\"Lounge area - Hotel R\u00f6ssle in Dobel \u2014 Schwarzwald\",\"isPartOf\":{\"@id\":\"https:\/\/roessle-dobel.de\/en\/#website\"},\"primaryImageOfPage\":{\"@id\":\"https:\/\/roessle-dobel.de\/en\/recreation-room\/#primaryimage\"},\"image\":{\"@id\":\"https:\/\/roessle-dobel.de\/en\/recreation-room\/#primaryimage\"},\"thumbnailUrl\":\"https:\/\/roessle-dobel.de\/wp-content\/uploads\/2023\/11\/20230618_175515-s1.jpg\",\"datePublished\":\"2023-11-17T15:00:46+00:00\",\"dateModified\":\"2024-02-01T14:21:18+00:00\",\"breadcrumb\":{\"@id\":\"https:\/\/roessle-dobel.de\/en\/recreation-room\/#breadcrumb\"},\"inLanguage\":\"en-US\",\"potentialAction\":[{\"@type\":\"ReadAction\",\"target\":[\"https:\/\/roessle-dobel.de\/en\/recreation-room\/\"]}]},{\"@type\":\"ImageObject\",\"inLanguage\":\"en-US\",\"@id\":\"https:\/\/roessle-dobel.de\/en\/recreation-room\/#primaryimage\",\"url\":\"https:\/\/roessle-dobel.de\/wp-content\/uploads\/2023\/11\/20230618_175515-s1.jpg\",\"contentUrl\":\"https:\/\/roessle-dobel.de\/wp-content\/uploads\/2023\/11\/20230618_175515-s1.jpg\"},{\"@type\":\"BreadcrumbList\",\"@id\":\"https:\/\/roessle-dobel.de\/en\/recreation-room\/#breadcrumb\",\"itemListElement\":[{\"@type\":\"ListItem\",\"position\":1,\"name\":\"Home\",\"item\":\"https:\/\/roessle-dobel.de\/en\/home-page\/\"},{\"@type\":\"ListItem\",\"position\":2,\"name\":\"Lounge area\"}]},{\"@type\":\"WebSite\",\"@id\":\"https:\/\/roessle-dobel.de\/en\/#website\",\"url\":\"https:\/\/roessle-dobel.de\/en\/\",\"name\":\"Hotel R\u00f6ssle in Dobel \u2014 Schwarzwald\",\"description\":\"Das Hotel R\u00f6ssle befindet sich in einer ruhigen Lage in der Gemeinde Dobel, im landschaftlich wundersch\u00f6nen Nordschwarzwald, unweit von Baden-Baden. Wir bieten unseren G\u00e4sten komfortable Zimmer, kostenlose Parkpl\u00e4tze und WLAN, Spielzimmer und Vieles mehr.\",\"potentialAction\":[{\"@type\":\"SearchAction\",\"target\":{\"@type\":\"EntryPoint\",\"urlTemplate\":\"https:\/\/roessle-dobel.de\/en\/?s={search_term_string}\"},\"query-input\":{\"@type\":\"PropertyValueSpecification\",\"valueRequired\":true,\"valueName\":\"search_term_string\"}}],\"inLanguage\":\"en-US\"}]}<\/script>\n<!-- \/ Yoast SEO plugin. -->","yoast_head_json":{"title":"Lounge area - Hotel R\u00f6ssle in Dobel \u2014 Schwarzwald","robots":{"index":"index","follow":"follow","max-snippet":"max-snippet:-1","max-image-preview":"max-image-preview:large","max-video-preview":"max-video-preview:-1"},"canonical":"https:\/\/roessle-dobel.de\/en\/recreation-room\/","og_locale":"en_US","og_type":"article","og_title":"Lounge area - Hotel R\u00f6ssle in Dobel \u2014 Schwarzwald","og_description":"Friendly atmosphere Lounge area A cozy space created specifically for rest and relaxation Leisure at the hotel Your unforgettable vacation When it&#8217;s cold outside, the weather is bad or you want to spend time indoors, you can use the lounge area inside the hotel. In a cozy atmosphere you can chat, relax and escape from ...","og_url":"https:\/\/roessle-dobel.de\/en\/recreation-room\/","og_site_name":"Hotel R\u00f6ssle in Dobel \u2014 Schwarzwald","article_modified_time":"2024-02-01T14:21:18+00:00","og_image":[{"url":"https:\/\/roessle-dobel.de\/wp-content\/uploads\/2023\/11\/20230618_175515-s1.jpg"}],"twitter_card":"summary_large_image","schema":{"@context":"https:\/\/schema.org","@graph":[{"@type":"WebPage","@id":"https:\/\/roessle-dobel.de\/en\/recreation-room\/","url":"https:\/\/roessle-dobel.de\/en\/recreation-room\/","name":"Lounge area - Hotel R\u00f6ssle in Dobel \u2014 Schwarzwald","isPartOf":{"@id":"https:\/\/roessle-dobel.de\/en\/#website"},"primaryImageOfPage":{"@id":"https:\/\/roessle-dobel.de\/en\/recreation-room\/#primaryimage"},"image":{"@id":"https:\/\/roessle-dobel.de\/en\/recreation-room\/#primaryimage"},"thumbnailUrl":"https:\/\/roessle-dobel.de\/wp-content\/uploads\/2023\/11\/20230618_175515-s1.jpg","datePublished":"2023-11-17T15:00:46+00:00","dateModified":"2024-02-01T14:21:18+00:00","breadcrumb":{"@id":"https:\/\/roessle-dobel.de\/en\/recreation-room\/#breadcrumb"},"inLanguage":"en-US","potentialAction":[{"@type":"ReadAction","target":["https:\/\/roessle-dobel.de\/en\/recreation-room\/"]}]},{"@type":"ImageObject","inLanguage":"en-US","@id":"https:\/\/roessle-dobel.de\/en\/recreation-room\/#primaryimage","url":"https:\/\/roessle-dobel.de\/wp-content\/uploads\/2023\/11\/20230618_175515-s1.jpg","contentUrl":"https:\/\/roessle-dobel.de\/wp-content\/uploads\/2023\/11\/20230618_175515-s1.jpg"},{"@type":"BreadcrumbList","@id":"https:\/\/roessle-dobel.de\/en\/recreation-room\/#breadcrumb","itemListElement":[{"@type":"ListItem","position":1,"name":"Home","item":"https:\/\/roessle-dobel.de\/en\/home-page\/"},{"@type":"ListItem","position":2,"name":"Lounge area"}]},{"@type":"WebSite","@id":"https:\/\/roessle-dobel.de\/en\/#website","url":"https:\/\/roessle-dobel.de\/en\/","name":"Hotel R\u00f6ssle in Dobel \u2014 Schwarzwald","description":"Das Hotel R\u00f6ssle befindet sich in einer ruhigen Lage in der Gemeinde Dobel, im landschaftlich wundersch\u00f6nen Nordschwarzwald, unweit von Baden-Baden. Wir bieten unseren G\u00e4sten komfortable Zimmer, kostenlose Parkpl\u00e4tze und WLAN, Spielzimmer und Vieles mehr.","potentialAction":[{"@type":"SearchAction","target":{"@type":"EntryPoint","urlTemplate":"https:\/\/roessle-dobel.de\/en\/?s={search_term_string}"},"query-input":{"@type":"PropertyValueSpecification","valueRequired":true,"valueName":"search_term_string"}}],"inLanguage":"en-US"}]}},"_links":{"self":[{"href":"https:\/\/roessle-dobel.de\/en\/wp-json\/wp\/v2\/pages\/8317","targetHints":{"allow":["GET"]}}],"collection":[{"href":"https:\/\/roessle-dobel.de\/en\/wp-json\/wp\/v2\/pages"}],"about":[{"href":"https:\/\/roessle-dobel.de\/en\/wp-json\/wp\/v2\/types\/page"}],"author":[{"embeddable":true,"href":"https:\/\/roessle-dobel.de\/en\/wp-json\/wp\/v2\/users\/1"}],"replies":[{"embeddable":true,"href":"https:\/\/roessle-dobel.de\/en\/wp-json\/wp\/v2\/comments?post=8317"}],"version-history":[{"count":7,"href":"https:\/\/roessle-dobel.de\/en\/wp-json\/wp\/v2\/pages\/8317\/revisions"}],"predecessor-version":[{"id":10389,"href":"https:\/\/roessle-dobel.de\/en\/wp-json\/wp\/v2\/pages\/8317\/revisions\/10389"}],"wp:attachment":[{"href":"https:\/\/roessle-dobel.de\/en\/wp-json\/wp\/v2\/media?parent=8317"}],"curies":[{"name":"wp","href":"https:\/\/api.w.org\/{rel}","templated":true}]}}