{"id":8327,"date":"2023-11-20T11:34:07","date_gmt":"2023-11-20T10:34:07","guid":{"rendered":"https:\/\/roessle-dobel.de\/sauna\/"},"modified":"2024-05-13T12:56:11","modified_gmt":"2024-05-13T10:56:11","slug":"sauna","status":"publish","type":"page","link":"https:\/\/roessle-dobel.de\/en\/sauna\/","title":{"rendered":"Sauna"},"content":{"rendered":"\t\t<div data-elementor-type=\"wp-page\" data-elementor-id=\"8327\" class=\"elementor elementor-8327 elementor-4897\">\n\t\t\t\t\t\t<section class=\"elementor-section elementor-top-section elementor-element elementor-element-4d18ac7 elementor-section-height-min-height cs-section-content-fullwidth cs_scroll_y_100 cs-parallax-on-scroll elementor-section-boxed elementor-section-height-default elementor-section-items-middle\" data-id=\"4d18ac7\" data-element_type=\"section\" data-settings=\"{&quot;background_background&quot;:&quot;classic&quot;}\" data-cs-parallax-y=\"100\" style=\"background-image: none;\" data-cs-background-image=\"https:\/\/roessle-dobel.de\/wp-content\/uploads\/2023\/10\/20220916_155252-1.jpg\">\n\t\t\t\t\t\t\t<div class=\"elementor-background-overlay\"><\/div>\n\t\t\t\t\t\t\t<div class=\"elementor-container elementor-column-gap-no\">\n\t\t\t\t\t<div class=\"elementor-column elementor-col-100 elementor-top-column elementor-element elementor-element-4e5ba64 dark-color\" data-id=\"4e5ba64\" data-element_type=\"column\">\n\t\t\t<div class=\"elementor-widget-wrap elementor-element-populated\">\n\t\t\t\t\t\t<div class=\"elementor-element elementor-element-52f40ca elementor-widget elementor-widget-cs_title\" data-id=\"52f40ca\" data-element_type=\"widget\" data-widget_type=\"cs_title.default\">\n\t\t\t\t<div class=\"elementor-widget-container\">\n\t\t\t\n        <div class=\"cs-title-wrap text-center\">\t            <div class=\"cs-subtitle-wrap\"><span class=\"cs-subtitle color-white\">Harmony and tranquillity<\/span><\/div>\t            <h1 class=\"cs-title\">\n\t                Sauna\t            <\/h1>\t            <div class=\"cs-title-text\">\n\t                <p>Leave everyday life behind and immerse yourself in a world of complete relaxation<\/p>\n\t            <\/div>        <\/div>\t\t<\/div>\n\t\t\t\t<\/div>\n\t\t\t\t\t<\/div>\n\t\t<\/div>\n\t\t\t\t\t<\/div>\n\t\t<\/section>\n\t\t\t\t<section class=\"elementor-section elementor-top-section elementor-element elementor-element-6d1613a elementor-section-content-middle elementor-reverse-tablet elementor-reverse-mobile elementor-section-boxed elementor-section-height-default elementor-section-height-default\" data-id=\"6d1613a\" data-element_type=\"section\">\n\t\t\t\t\t\t<div class=\"elementor-container elementor-column-gap-no\">\n\t\t\t\t\t<div class=\"elementor-column elementor-col-50 elementor-top-column elementor-element elementor-element-9c4d403\" data-id=\"9c4d403\" data-element_type=\"column\">\n\t\t\t<div class=\"elementor-widget-wrap elementor-element-populated\">\n\t\t\t\t\t\t<div class=\"elementor-element elementor-element-20f515a elementor-widget elementor-widget-cs_title\" data-id=\"20f515a\" data-element_type=\"widget\" data-widget_type=\"cs_title.default\">\n\t\t\t\t<div class=\"elementor-widget-container\">\n\t\t\t\n        <div class=\"cs-title-wrap\">\t            <div class=\"cs-subtitle-wrap\"><span class=\"cs-subtitle\">Leisure at the hotel<\/span><\/div>\t            <h3 class=\"cs-title\">\n\t                Get positive emotions\t            <\/h3>\t            <div class=\"cs-title-text\">\n\t                <p>A cozy sauna will allow you to spend time at the hotel with health benefits.<\/p>\n<p>The sauna has a beneficial effect on the nervous system and will help you relax after a busy day.<\/p>\n<p>The sauna area has comfortable chairs and a lounger, a small table, a mini fridge, individual lockers for clothes, showers and a toilet.<\/p>\n\t            <\/div>        <\/div>\t\t<\/div>\n\t\t\t\t<\/div>\n\t\t\t\t<div class=\"elementor-element elementor-element-964f105 elementor-widget__width-initial elementor-widget elementor-widget-cs_list\" data-id=\"964f105\" data-element_type=\"widget\" data-widget_type=\"cs_list.default\">\n\t\t\t\t<div class=\"elementor-widget-container\">\n\t\t\t\n            <ul class=\"cs-list cs-list-type-unordered with-border\">                <li>                        <span class=\"list-icon color-primary\">\n                            <i aria-hidden=\"true\" class=\"far fa-check-circle\"><\/i>                        <\/span>                    <span class=\"list-content\">The sauna is available by <b>appointment only<\/b><\/span>                <\/li>                <li>                        <span class=\"list-icon color-primary\">\n                            <i aria-hidden=\"true\" class=\"far fa-check-circle\"><\/i>                        <\/span>                    <span class=\"list-content\">The service is <b>available for a fee<\/b><\/span>                <\/li>            <\/ul>\t\t<\/div>\n\t\t\t\t<\/div>\n\t\t\t\t\t<\/div>\n\t\t<\/div>\n\t\t\t\t<div class=\"elementor-column elementor-col-50 elementor-top-column elementor-element elementor-element-a04eba2 elementor-hidden-tablet elementor-hidden-mobile\" data-id=\"a04eba2\" data-element_type=\"column\">\n\t\t\t<div class=\"elementor-widget-wrap elementor-element-populated\">\n\t\t\t\t\t\t<div class=\"elementor-element elementor-element-bbf58d1 elementor-invisible elementor-widget elementor-widget-cs_gallery\" data-id=\"bbf58d1\" data-element_type=\"widget\" data-settings=\"{&quot;_animation&quot;:&quot;fadeIn&quot;,&quot;_animation_delay&quot;:150}\" data-widget_type=\"cs_gallery.default\">\n\t\t\t\t<div class=\"elementor-widget-container\">\n\t\t\t\n            <div class=\"cs-gallery gap-5 gallery-carousel style-overflow\" data-column=\"1\" data-fade=\"on\" data-autoplay=\"on\" data-autoplay-speed=\"5000\" data-show-arrows=\"on\" data-show-dots=\"on\" data-variable-width=\"\" data-overflow-style=\"on\" data-center-mode=\"\">\n                <div class=\"cs-gallery-wrap\">                    <div class=\"cs-gallery-item\">                            <a href=\"https:\/\/roessle-dobel.de\/wp-content\/uploads\/2024\/05\/20230618_174914-s1.jpg\" data-elementor-open-lightbox=\"yes\" data-elementor-lightbox-slideshow=\"bbf58d1\" data-elementor-lightbox-title=\"Sauna\" data-e-action-hash=\"#elementor-action%3Aaction%3Dlightbox%26settings%3DeyJpZCI6MTI3NjEsInVybCI6Imh0dHBzOlwvXC9yb2Vzc2xlLWRvYmVsLmRlXC93cC1jb250ZW50XC91cGxvYWRzXC8yMDI0XC8wNVwvMjAyMzA2MThfMTc0OTE0LXMxLmpwZyIsInNsaWRlc2hvdyI6ImJiZjU4ZDEifQ%3D%3D\"><img fetchpriority=\"high\" decoding=\"async\" width=\"1920\" height=\"1440\" src=\"https:\/\/roessle-dobel.de\/wp-content\/uploads\/2024\/05\/20230618_174914-s1.jpg\" class=\"attachment-cozystay_1920x9999 size-cozystay_1920x9999 wp-image-12761\" alt=\"\" srcset=\"https:\/\/roessle-dobel.de\/wp-content\/uploads\/2024\/05\/20230618_174914-s1.jpg 1920w, https:\/\/roessle-dobel.de\/wp-content\/uploads\/2024\/05\/20230618_174914-s1-300x225.jpg 300w, https:\/\/roessle-dobel.de\/wp-content\/uploads\/2024\/05\/20230618_174914-s1-1024x768.jpg 1024w, https:\/\/roessle-dobel.de\/wp-content\/uploads\/2024\/05\/20230618_174914-s1-768x576.jpg 768w, https:\/\/roessle-dobel.de\/wp-content\/uploads\/2024\/05\/20230618_174914-s1-1536x1152.jpg 1536w, https:\/\/roessle-dobel.de\/wp-content\/uploads\/2024\/05\/20230618_174914-s1-1440x1080.jpg 1440w, https:\/\/roessle-dobel.de\/wp-content\/uploads\/2024\/05\/20230618_174914-s1-1200x900.jpg 1200w, https:\/\/roessle-dobel.de\/wp-content\/uploads\/2024\/05\/20230618_174914-s1-780x585.jpg 780w, https:\/\/roessle-dobel.de\/wp-content\/uploads\/2024\/05\/20230618_174914-s1-600x450.jpg 600w, https:\/\/roessle-dobel.de\/wp-content\/uploads\/2024\/05\/20230618_174914-s1-550x413.jpg 550w, https:\/\/roessle-dobel.de\/wp-content\/uploads\/2024\/05\/20230618_174914-s1-370x278.jpg 370w, https:\/\/roessle-dobel.de\/wp-content\/uploads\/2024\/05\/20230618_174914-s1-255x191.jpg 255w\" sizes=\"(max-width: 1920px) 100vw, 1920px\" \/><\/a>                    <\/div>                    <div class=\"cs-gallery-item\">                            <a href=\"https:\/\/roessle-dobel.de\/wp-content\/uploads\/2024\/05\/20230618_174500-s1.jpg\" data-elementor-open-lightbox=\"yes\" data-elementor-lightbox-slideshow=\"bbf58d1\" data-elementor-lightbox-title=\"Sauna\" data-e-action-hash=\"#elementor-action%3Aaction%3Dlightbox%26settings%3DeyJpZCI6MTI3NTcsInVybCI6Imh0dHBzOlwvXC9yb2Vzc2xlLWRvYmVsLmRlXC93cC1jb250ZW50XC91cGxvYWRzXC8yMDI0XC8wNVwvMjAyMzA2MThfMTc0NTAwLXMxLmpwZyIsInNsaWRlc2hvdyI6ImJiZjU4ZDEifQ%3D%3D\"><img decoding=\"async\" width=\"1920\" height=\"1440\" src=\"https:\/\/roessle-dobel.de\/wp-content\/uploads\/2024\/05\/20230618_174500-s1.jpg\" class=\"attachment-cozystay_1920x9999 size-cozystay_1920x9999 wp-image-12757\" alt=\"\" srcset=\"https:\/\/roessle-dobel.de\/wp-content\/uploads\/2024\/05\/20230618_174500-s1.jpg 1920w, https:\/\/roessle-dobel.de\/wp-content\/uploads\/2024\/05\/20230618_174500-s1-300x225.jpg 300w, https:\/\/roessle-dobel.de\/wp-content\/uploads\/2024\/05\/20230618_174500-s1-1024x768.jpg 1024w, https:\/\/roessle-dobel.de\/wp-content\/uploads\/2024\/05\/20230618_174500-s1-768x576.jpg 768w, https:\/\/roessle-dobel.de\/wp-content\/uploads\/2024\/05\/20230618_174500-s1-1536x1152.jpg 1536w, https:\/\/roessle-dobel.de\/wp-content\/uploads\/2024\/05\/20230618_174500-s1-1440x1080.jpg 1440w, https:\/\/roessle-dobel.de\/wp-content\/uploads\/2024\/05\/20230618_174500-s1-1200x900.jpg 1200w, https:\/\/roessle-dobel.de\/wp-content\/uploads\/2024\/05\/20230618_174500-s1-780x585.jpg 780w, https:\/\/roessle-dobel.de\/wp-content\/uploads\/2024\/05\/20230618_174500-s1-600x450.jpg 600w, https:\/\/roessle-dobel.de\/wp-content\/uploads\/2024\/05\/20230618_174500-s1-550x413.jpg 550w, https:\/\/roessle-dobel.de\/wp-content\/uploads\/2024\/05\/20230618_174500-s1-370x278.jpg 370w, https:\/\/roessle-dobel.de\/wp-content\/uploads\/2024\/05\/20230618_174500-s1-255x191.jpg 255w\" sizes=\"(max-width: 1920px) 100vw, 1920px\" \/><\/a>                    <\/div>                    <div class=\"cs-gallery-item\">                            <a href=\"https:\/\/roessle-dobel.de\/wp-content\/uploads\/2024\/05\/20230618_174305-s1.jpg\" data-elementor-open-lightbox=\"yes\" data-elementor-lightbox-slideshow=\"bbf58d1\" data-elementor-lightbox-title=\"Sauna\" data-e-action-hash=\"#elementor-action%3Aaction%3Dlightbox%26settings%3DeyJpZCI6MTI3NDksInVybCI6Imh0dHBzOlwvXC9yb2Vzc2xlLWRvYmVsLmRlXC93cC1jb250ZW50XC91cGxvYWRzXC8yMDI0XC8wNVwvMjAyMzA2MThfMTc0MzA1LXMxLmpwZyIsInNsaWRlc2hvdyI6ImJiZjU4ZDEifQ%3D%3D\"><img decoding=\"async\" width=\"1920\" height=\"1440\" src=\"https:\/\/roessle-dobel.de\/wp-content\/uploads\/2024\/05\/20230618_174305-s1.jpg\" class=\"attachment-cozystay_1920x9999 size-cozystay_1920x9999 wp-image-12749\" alt=\"\" srcset=\"https:\/\/roessle-dobel.de\/wp-content\/uploads\/2024\/05\/20230618_174305-s1.jpg 1920w, https:\/\/roessle-dobel.de\/wp-content\/uploads\/2024\/05\/20230618_174305-s1-300x225.jpg 300w, https:\/\/roessle-dobel.de\/wp-content\/uploads\/2024\/05\/20230618_174305-s1-1024x768.jpg 1024w, https:\/\/roessle-dobel.de\/wp-content\/uploads\/2024\/05\/20230618_174305-s1-768x576.jpg 768w, https:\/\/roessle-dobel.de\/wp-content\/uploads\/2024\/05\/20230618_174305-s1-1536x1152.jpg 1536w, https:\/\/roessle-dobel.de\/wp-content\/uploads\/2024\/05\/20230618_174305-s1-1440x1080.jpg 1440w, https:\/\/roessle-dobel.de\/wp-content\/uploads\/2024\/05\/20230618_174305-s1-1200x900.jpg 1200w, https:\/\/roessle-dobel.de\/wp-content\/uploads\/2024\/05\/20230618_174305-s1-780x585.jpg 780w, https:\/\/roessle-dobel.de\/wp-content\/uploads\/2024\/05\/20230618_174305-s1-600x450.jpg 600w, https:\/\/roessle-dobel.de\/wp-content\/uploads\/2024\/05\/20230618_174305-s1-550x413.jpg 550w, https:\/\/roessle-dobel.de\/wp-content\/uploads\/2024\/05\/20230618_174305-s1-370x278.jpg 370w, https:\/\/roessle-dobel.de\/wp-content\/uploads\/2024\/05\/20230618_174305-s1-255x191.jpg 255w\" sizes=\"(max-width: 1920px) 100vw, 1920px\" \/><\/a>                    <\/div>                    <div class=\"cs-gallery-item\">                            <a href=\"https:\/\/roessle-dobel.de\/wp-content\/uploads\/2024\/05\/20230618_174355-s1.jpg\" data-elementor-open-lightbox=\"yes\" data-elementor-lightbox-slideshow=\"bbf58d1\" data-elementor-lightbox-title=\"Sauna\" data-e-action-hash=\"#elementor-action%3Aaction%3Dlightbox%26settings%3DeyJpZCI6MTI3NTMsInVybCI6Imh0dHBzOlwvXC9yb2Vzc2xlLWRvYmVsLmRlXC93cC1jb250ZW50XC91cGxvYWRzXC8yMDI0XC8wNVwvMjAyMzA2MThfMTc0MzU1LXMxLmpwZyIsInNsaWRlc2hvdyI6ImJiZjU4ZDEifQ%3D%3D\"><img loading=\"lazy\" decoding=\"async\" width=\"1920\" height=\"1440\" src=\"https:\/\/roessle-dobel.de\/wp-content\/uploads\/2024\/05\/20230618_174355-s1.jpg\" class=\"attachment-cozystay_1920x9999 size-cozystay_1920x9999 wp-image-12753\" alt=\"\" srcset=\"https:\/\/roessle-dobel.de\/wp-content\/uploads\/2024\/05\/20230618_174355-s1.jpg 1920w, https:\/\/roessle-dobel.de\/wp-content\/uploads\/2024\/05\/20230618_174355-s1-300x225.jpg 300w, https:\/\/roessle-dobel.de\/wp-content\/uploads\/2024\/05\/20230618_174355-s1-1024x768.jpg 1024w, https:\/\/roessle-dobel.de\/wp-content\/uploads\/2024\/05\/20230618_174355-s1-768x576.jpg 768w, https:\/\/roessle-dobel.de\/wp-content\/uploads\/2024\/05\/20230618_174355-s1-1536x1152.jpg 1536w, https:\/\/roessle-dobel.de\/wp-content\/uploads\/2024\/05\/20230618_174355-s1-1440x1080.jpg 1440w, https:\/\/roessle-dobel.de\/wp-content\/uploads\/2024\/05\/20230618_174355-s1-1200x900.jpg 1200w, https:\/\/roessle-dobel.de\/wp-content\/uploads\/2024\/05\/20230618_174355-s1-780x585.jpg 780w, https:\/\/roessle-dobel.de\/wp-content\/uploads\/2024\/05\/20230618_174355-s1-600x450.jpg 600w, https:\/\/roessle-dobel.de\/wp-content\/uploads\/2024\/05\/20230618_174355-s1-550x413.jpg 550w, https:\/\/roessle-dobel.de\/wp-content\/uploads\/2024\/05\/20230618_174355-s1-370x278.jpg 370w, https:\/\/roessle-dobel.de\/wp-content\/uploads\/2024\/05\/20230618_174355-s1-255x191.jpg 255w\" sizes=\"(max-width: 1920px) 100vw, 1920px\" \/><\/a>                    <\/div>                <\/div>\n            <\/div>\t\t<\/div>\n\t\t\t\t<\/div>\n\t\t\t\t\t<\/div>\n\t\t<\/div>\n\t\t\t\t\t<\/div>\n\t\t<\/section>\n\t\t\t\t<section class=\"elementor-section elementor-top-section elementor-element elementor-element-b9d05fc elementor-section-content-middle elementor-reverse-tablet elementor-reverse-mobile elementor-section-boxed elementor-section-height-default elementor-section-height-default\" data-id=\"b9d05fc\" data-element_type=\"section\">\n\t\t\t\t\t\t<div class=\"elementor-container elementor-column-gap-default\">\n\t\t\t\t\t<div class=\"elementor-column elementor-col-100 elementor-top-column elementor-element elementor-element-45a581a\" data-id=\"45a581a\" data-element_type=\"column\">\n\t\t\t<div class=\"elementor-widget-wrap elementor-element-populated\">\n\t\t\t\t\t\t<div class=\"elementor-element elementor-element-5d9d074 elementor-widget__width-initial elementor-widget elementor-widget-cs_title\" data-id=\"5d9d074\" data-element_type=\"widget\" data-widget_type=\"cs_title.default\">\n\t\t\t\t<div class=\"elementor-widget-container\">\n\t\t\t\n        <div class=\"cs-title-wrap text-center\">\t            <div class=\"cs-title-text\">\n\t                <p><em>Relax your body and mind in a pleasant atmosphere <\/em><em>and soothing warmth!<\/em><\/p>\n\t            <\/div>        <\/div>\t\t<\/div>\n\t\t\t\t<\/div>\n\t\t\t\t\t<\/div>\n\t\t<\/div>\n\t\t\t\t\t<\/div>\n\t\t<\/section>\n\t\t\t\t<\/div>\n\t\t","protected":false},"excerpt":{"rendered":"<p>Harmony and tranquillity Sauna Leave everyday life behind and immerse yourself in a world of complete relaxation Leisure at the hotel Get positive emotions A cozy sauna will allow you to spend time at the hotel with health benefits. The sauna has a beneficial effect on the nervous system and will help you relax after &#8230;<\/p>\n","protected":false},"author":1,"featured_media":0,"parent":0,"menu_order":0,"comment_status":"closed","ping_status":"closed","template":"template-wide-content.php","meta":{"cozystay_single_page_hide_site_header":"","cozystay_single_page_site_header_source":"","cozystay_single_page_custom_site_header":"0","cozystay_single_page_custom_sticky_site_header":"0","cozystay_single_page_hide_page_title":"on","cozystay_single_page_header_section_size":"","cozystay_single_page_header_background_color":"","cozystay_single_page_header_background_position_x":"center","cozystay_single_page_header_background_position_y":"center","cozystay_single_page_header_background_size":"cover","cozystay_single_page_header_background_repeat":"off","cozystay_single_page_header_background_scroll":"on","cozystay_single_page_header_text_color":"","cozystay_single_page_header_show_breadcrumb":"","cozystay_single_page_site_footer_hide_main":"","cozystay_single_custom_site_footer_main_source":"","cozystay_single_custom_site_footer_main":"0","cozystay_single_page_site_footer_hide_above":"","cozystay_single_custom_site_footer_above_source":"","cozystay_single_custom_site_footer_above":"0","cozystay_single_page_site_footer_hide_instagram":"","cozystay_single_page_site_footer_hide_bottom":"","cozystay_single_custom_mobile_menu_source":"","cozystay_single_custom_mobile_menu":"0","cozystay_single_custom_mobile_menu_animation":"","cozystay_single_custom_mobile_menu_width":"","cozystay_single_custom_mobile_menu_custom_width":375,"footnotes":""},"class_list":["post-8327","page","type-page","status-publish","hentry"],"yoast_head":"<!-- This site is optimized with the Yoast SEO plugin v23.5 - https:\/\/yoast.com\/wordpress\/plugins\/seo\/ -->\n<title>Sauna - Hotel R\u00f6ssle in Dobel \u2014 Schwarzwald<\/title>\n<meta name=\"robots\" content=\"index, follow, max-snippet:-1, max-image-preview:large, max-video-preview:-1\" \/>\n<link rel=\"canonical\" href=\"https:\/\/roessle-dobel.de\/en\/sauna\/\" \/>\n<meta property=\"og:locale\" content=\"en_US\" \/>\n<meta property=\"og:type\" content=\"article\" \/>\n<meta property=\"og:title\" content=\"Sauna - Hotel R\u00f6ssle in Dobel \u2014 Schwarzwald\" \/>\n<meta property=\"og:description\" content=\"Harmony and tranquillity Sauna Leave everyday life behind and immerse yourself in a world of complete relaxation Leisure at the hotel Get positive emotions A cozy sauna will allow you to spend time at the hotel with health benefits. The sauna has a beneficial effect on the nervous system and will help you relax after ...\" \/>\n<meta property=\"og:url\" content=\"https:\/\/roessle-dobel.de\/en\/sauna\/\" \/>\n<meta property=\"og:site_name\" content=\"Hotel R\u00f6ssle in Dobel \u2014 Schwarzwald\" \/>\n<meta property=\"article:modified_time\" content=\"2024-05-13T10:56:11+00:00\" \/>\n<meta property=\"og:image\" content=\"https:\/\/roessle-dobel.de\/wp-content\/uploads\/2024\/05\/20230618_174914-s1.jpg\" \/>\n<meta name=\"twitter:card\" content=\"summary_large_image\" \/>\n<meta name=\"twitter:label1\" content=\"Est. reading time\" \/>\n\t<meta name=\"twitter:data1\" content=\"1 minute\" \/>\n<script type=\"application\/ld+json\" class=\"yoast-schema-graph\">{\"@context\":\"https:\/\/schema.org\",\"@graph\":[{\"@type\":\"WebPage\",\"@id\":\"https:\/\/roessle-dobel.de\/en\/sauna\/\",\"url\":\"https:\/\/roessle-dobel.de\/en\/sauna\/\",\"name\":\"Sauna - Hotel R\u00f6ssle in Dobel \u2014 Schwarzwald\",\"isPartOf\":{\"@id\":\"https:\/\/roessle-dobel.de\/en\/#website\"},\"primaryImageOfPage\":{\"@id\":\"https:\/\/roessle-dobel.de\/en\/sauna\/#primaryimage\"},\"image\":{\"@id\":\"https:\/\/roessle-dobel.de\/en\/sauna\/#primaryimage\"},\"thumbnailUrl\":\"https:\/\/roessle-dobel.de\/wp-content\/uploads\/2024\/05\/20230618_174914-s1.jpg\",\"datePublished\":\"2023-11-20T10:34:07+00:00\",\"dateModified\":\"2024-05-13T10:56:11+00:00\",\"breadcrumb\":{\"@id\":\"https:\/\/roessle-dobel.de\/en\/sauna\/#breadcrumb\"},\"inLanguage\":\"en-US\",\"potentialAction\":[{\"@type\":\"ReadAction\",\"target\":[\"https:\/\/roessle-dobel.de\/en\/sauna\/\"]}]},{\"@type\":\"ImageObject\",\"inLanguage\":\"en-US\",\"@id\":\"https:\/\/roessle-dobel.de\/en\/sauna\/#primaryimage\",\"url\":\"https:\/\/roessle-dobel.de\/wp-content\/uploads\/2024\/05\/20230618_174914-s1.jpg\",\"contentUrl\":\"https:\/\/roessle-dobel.de\/wp-content\/uploads\/2024\/05\/20230618_174914-s1.jpg\"},{\"@type\":\"BreadcrumbList\",\"@id\":\"https:\/\/roessle-dobel.de\/en\/sauna\/#breadcrumb\",\"itemListElement\":[{\"@type\":\"ListItem\",\"position\":1,\"name\":\"Home\",\"item\":\"https:\/\/roessle-dobel.de\/en\/home-page\/\"},{\"@type\":\"ListItem\",\"position\":2,\"name\":\"Sauna\"}]},{\"@type\":\"WebSite\",\"@id\":\"https:\/\/roessle-dobel.de\/en\/#website\",\"url\":\"https:\/\/roessle-dobel.de\/en\/\",\"name\":\"Hotel R\u00f6ssle in Dobel \u2014 Schwarzwald\",\"description\":\"Das Hotel R\u00f6ssle befindet sich in einer ruhigen Lage in der Gemeinde Dobel, im landschaftlich wundersch\u00f6nen Nordschwarzwald, unweit von Baden-Baden. Wir bieten unseren G\u00e4sten komfortable Zimmer, kostenlose Parkpl\u00e4tze und WLAN, Spielzimmer und Vieles mehr.\",\"potentialAction\":[{\"@type\":\"SearchAction\",\"target\":{\"@type\":\"EntryPoint\",\"urlTemplate\":\"https:\/\/roessle-dobel.de\/en\/?s={search_term_string}\"},\"query-input\":{\"@type\":\"PropertyValueSpecification\",\"valueRequired\":true,\"valueName\":\"search_term_string\"}}],\"inLanguage\":\"en-US\"}]}<\/script>\n<!-- \/ Yoast SEO plugin. -->","yoast_head_json":{"title":"Sauna - Hotel R\u00f6ssle in Dobel \u2014 Schwarzwald","robots":{"index":"index","follow":"follow","max-snippet":"max-snippet:-1","max-image-preview":"max-image-preview:large","max-video-preview":"max-video-preview:-1"},"canonical":"https:\/\/roessle-dobel.de\/en\/sauna\/","og_locale":"en_US","og_type":"article","og_title":"Sauna - Hotel R\u00f6ssle in Dobel \u2014 Schwarzwald","og_description":"Harmony and tranquillity Sauna Leave everyday life behind and immerse yourself in a world of complete relaxation Leisure at the hotel Get positive emotions A cozy sauna will allow you to spend time at the hotel with health benefits. The sauna has a beneficial effect on the nervous system and will help you relax after ...","og_url":"https:\/\/roessle-dobel.de\/en\/sauna\/","og_site_name":"Hotel R\u00f6ssle in Dobel \u2014 Schwarzwald","article_modified_time":"2024-05-13T10:56:11+00:00","og_image":[{"url":"https:\/\/roessle-dobel.de\/wp-content\/uploads\/2024\/05\/20230618_174914-s1.jpg"}],"twitter_card":"summary_large_image","twitter_misc":{"Est. reading time":"1 minute"},"schema":{"@context":"https:\/\/schema.org","@graph":[{"@type":"WebPage","@id":"https:\/\/roessle-dobel.de\/en\/sauna\/","url":"https:\/\/roessle-dobel.de\/en\/sauna\/","name":"Sauna - Hotel R\u00f6ssle in Dobel \u2014 Schwarzwald","isPartOf":{"@id":"https:\/\/roessle-dobel.de\/en\/#website"},"primaryImageOfPage":{"@id":"https:\/\/roessle-dobel.de\/en\/sauna\/#primaryimage"},"image":{"@id":"https:\/\/roessle-dobel.de\/en\/sauna\/#primaryimage"},"thumbnailUrl":"https:\/\/roessle-dobel.de\/wp-content\/uploads\/2024\/05\/20230618_174914-s1.jpg","datePublished":"2023-11-20T10:34:07+00:00","dateModified":"2024-05-13T10:56:11+00:00","breadcrumb":{"@id":"https:\/\/roessle-dobel.de\/en\/sauna\/#breadcrumb"},"inLanguage":"en-US","potentialAction":[{"@type":"ReadAction","target":["https:\/\/roessle-dobel.de\/en\/sauna\/"]}]},{"@type":"ImageObject","inLanguage":"en-US","@id":"https:\/\/roessle-dobel.de\/en\/sauna\/#primaryimage","url":"https:\/\/roessle-dobel.de\/wp-content\/uploads\/2024\/05\/20230618_174914-s1.jpg","contentUrl":"https:\/\/roessle-dobel.de\/wp-content\/uploads\/2024\/05\/20230618_174914-s1.jpg"},{"@type":"BreadcrumbList","@id":"https:\/\/roessle-dobel.de\/en\/sauna\/#breadcrumb","itemListElement":[{"@type":"ListItem","position":1,"name":"Home","item":"https:\/\/roessle-dobel.de\/en\/home-page\/"},{"@type":"ListItem","position":2,"name":"Sauna"}]},{"@type":"WebSite","@id":"https:\/\/roessle-dobel.de\/en\/#website","url":"https:\/\/roessle-dobel.de\/en\/","name":"Hotel R\u00f6ssle in Dobel \u2014 Schwarzwald","description":"Das Hotel R\u00f6ssle befindet sich in einer ruhigen Lage in der Gemeinde Dobel, im landschaftlich wundersch\u00f6nen Nordschwarzwald, unweit von Baden-Baden. Wir bieten unseren G\u00e4sten komfortable Zimmer, kostenlose Parkpl\u00e4tze und WLAN, Spielzimmer und Vieles mehr.","potentialAction":[{"@type":"SearchAction","target":{"@type":"EntryPoint","urlTemplate":"https:\/\/roessle-dobel.de\/en\/?s={search_term_string}"},"query-input":{"@type":"PropertyValueSpecification","valueRequired":true,"valueName":"search_term_string"}}],"inLanguage":"en-US"}]}},"_links":{"self":[{"href":"https:\/\/roessle-dobel.de\/en\/wp-json\/wp\/v2\/pages\/8327","targetHints":{"allow":["GET"]}}],"collection":[{"href":"https:\/\/roessle-dobel.de\/en\/wp-json\/wp\/v2\/pages"}],"about":[{"href":"https:\/\/roessle-dobel.de\/en\/wp-json\/wp\/v2\/types\/page"}],"author":[{"embeddable":true,"href":"https:\/\/roessle-dobel.de\/en\/wp-json\/wp\/v2\/users\/1"}],"replies":[{"embeddable":true,"href":"https:\/\/roessle-dobel.de\/en\/wp-json\/wp\/v2\/comments?post=8327"}],"version-history":[{"count":13,"href":"https:\/\/roessle-dobel.de\/en\/wp-json\/wp\/v2\/pages\/8327\/revisions"}],"predecessor-version":[{"id":12775,"href":"https:\/\/roessle-dobel.de\/en\/wp-json\/wp\/v2\/pages\/8327\/revisions\/12775"}],"wp:attachment":[{"href":"https:\/\/roessle-dobel.de\/en\/wp-json\/wp\/v2\/media?parent=8327"}],"curies":[{"name":"wp","href":"https:\/\/api.w.org\/{rel}","templated":true}]}}