{"id":8343,"date":"2023-12-04T11:52:12","date_gmt":"2023-12-04T10:52:12","guid":{"rendered":"https:\/\/roessle-dobel.de\/imprint\/"},"modified":"2024-02-05T19:16:16","modified_gmt":"2024-02-05T18:16:16","slug":"imprint","status":"publish","type":"page","link":"https:\/\/roessle-dobel.de\/en\/imprint\/","title":{"rendered":"Legal Notice"},"content":{"rendered":"\t\t<div data-elementor-type=\"wp-page\" data-elementor-id=\"8343\" class=\"elementor elementor-8343 elementor-6883\">\n\t\t\t\t\t\t<section class=\"elementor-section elementor-top-section elementor-element elementor-element-eb3574c elementor-section-height-min-height cs-section-content-fullwidth cs_scroll_y_100 cs-parallax-on-scroll elementor-section-boxed elementor-section-height-default elementor-section-items-middle\" data-id=\"eb3574c\" data-element_type=\"section\" data-settings=\"{&quot;background_background&quot;:&quot;classic&quot;}\" data-cs-parallax-y=\"100\" style=\"background-image: none;\" data-cs-background-image=\"https:\/\/roessle-dobel.de\/wp-content\/uploads\/2023\/10\/20220916_155252-1.jpg\">\n\t\t\t\t\t\t\t<div class=\"elementor-background-overlay\"><\/div>\n\t\t\t\t\t\t\t<div class=\"elementor-container elementor-column-gap-no\">\n\t\t\t\t\t<div class=\"elementor-column elementor-col-100 elementor-top-column elementor-element elementor-element-dbdfb2d dark-color\" data-id=\"dbdfb2d\" data-element_type=\"column\">\n\t\t\t<div class=\"elementor-widget-wrap elementor-element-populated\">\n\t\t\t\t\t\t<div class=\"elementor-element elementor-element-67b2a8a elementor-widget elementor-widget-cs_title\" data-id=\"67b2a8a\" data-element_type=\"widget\" data-widget_type=\"cs_title.default\">\n\t\t\t\t<div class=\"elementor-widget-container\">\n\t\t\t\n        <div class=\"cs-title-wrap text-center\">\t            <h1 class=\"cs-title\">\n\t                Legal Notice\t            <\/h1>        <\/div>\t\t<\/div>\n\t\t\t\t<\/div>\n\t\t\t\t\t<\/div>\n\t\t<\/div>\n\t\t\t\t\t<\/div>\n\t\t<\/section>\n\t\t\t\t<section class=\"elementor-section elementor-top-section elementor-element elementor-element-dc796f4 elementor-section-content-middle elementor-reverse-tablet elementor-reverse-mobile elementor-section-boxed elementor-section-height-default elementor-section-height-default\" data-id=\"dc796f4\" data-element_type=\"section\">\n\t\t\t\t\t\t<div class=\"elementor-container elementor-column-gap-no\">\n\t\t\t\t\t<div class=\"elementor-column elementor-col-100 elementor-top-column elementor-element elementor-element-9bd94d1\" data-id=\"9bd94d1\" data-element_type=\"column\">\n\t\t\t<div class=\"elementor-widget-wrap elementor-element-populated\">\n\t\t\t\t\t\t<div class=\"elementor-element elementor-element-fee0ed7 elementor-widget elementor-widget-cs_title\" data-id=\"fee0ed7\" data-element_type=\"widget\" data-widget_type=\"cs_title.default\">\n\t\t\t\t<div class=\"elementor-widget-container\">\n\t\t\t\n        <div class=\"cs-title-wrap\">\t            <h3 class=\"cs-title\">\n\t                Legal Notice\t            <\/h3>        <\/div>\t\t<\/div>\n\t\t\t\t<\/div>\n\t\t\t\t<div class=\"elementor-element elementor-element-017c2b4 elementor-widget elementor-widget-cs_title\" data-id=\"017c2b4\" data-element_type=\"widget\" data-widget_type=\"cs_title.default\">\n\t\t\t\t<div class=\"elementor-widget-container\">\n\t\t\t\n        <div class=\"cs-title-wrap\">\t            <div class=\"cs-title-text\">\n\t                <p><strong>Hotel R\u00f6ssle<\/strong><\/p>\n<p>Johann-Peter-Hebel-Strasse 7<br \/>75335 Dobel<br \/>Germany<\/p>\n<p>Phone: +49 7083 935 99 59<br \/>Fax: +49 7083 935 99 60<br \/>Email: roessledobel@gmail.com<\/p>\n<p>Internet: <span style=\"text-decoration: underline; color: #0000ff;\"><a style=\"color: #0000ff; text-decoration: underline;\" href=\"https:\/\/roessle-dobel.de\/en\/\" target=\"_blank\" rel=\"noopener\"><span style=\"color: #b99d75; text-decoration: underline;\">https:\/\/roessle-dobel.de\/<\/span><\/a><\/span><\/p>\n<p>Business owner: Marina Babrovskaya (individual entrepreneur)<br \/>VAT ID No.: DE 305900430<\/p>\n<p>Responsible for content according to Section 55 Paragraph 2 RStV: Marina Babrovskaya (address as above)<\/p>\n\t            <\/div>        <\/div>\t\t<\/div>\n\t\t\t\t<\/div>\n\t\t\t\t<div class=\"elementor-element elementor-element-c2a0463 elementor-widget elementor-widget-cs_title\" data-id=\"c2a0463\" data-element_type=\"widget\" data-widget_type=\"cs_title.default\">\n\t\t\t\t<div class=\"elementor-widget-container\">\n\t\t\t\n        <div class=\"cs-title-wrap\">\t            <h3 class=\"cs-title\">\n\t                Disclaimer - legal information\t            <\/h3>\t            <div class=\"cs-title-text\">\n\t                <ol>\n<li><strong>Limitation of liability<\/strong><\/li>\n<\/ol>\n<p>The content of this website has been created with the greatest possible care. However, the Hotel R\u00f6ssle accepts no liability for the topicality, accuracy, completeness or quality of the information provided. The use of the contents of the website is at the user&#8217;s own risk. Liability claims against the Hotel R\u00f6ssle relating to material or immaterial damage caused by the use or non-use of the information provided or by the use of incorrect or incomplete information are fundamentally excluded, unless there is evidence of wilful intent or gross negligence on the part of the Hotel R\u00f6ssle.<\/p>\n<ol start=\"2\">\n<li><strong>External links<\/strong><\/li>\n<\/ol>\n<p>This website contains links to third-party websites (&#8220;external links&#8221;) over whose content we have no influence. Therefore, we cannot accept any liability for this third-party content. The respective provider or operator of the pages is always responsible for the content of the linked pages. The linked pages were checked for possible legal violations at the time of linking. Illegal contents were not recognizable at the time of linking. However, permanent monitoring of the content of the linked pages is not reasonable without concrete evidence of an infringement. If we become aware of any legal infringements, we will remove such links immediately.<\/p>\n<ol start=\"3\">\n<li><strong>Copyright<\/strong><\/li>\n<\/ol>\n<p>The content and works created by the site operators on these pages are subject to German copyright law. Duplication, processing, distribution and any form of commercialization of such material beyond the scope of the copyright law shall require the prior written consent of its respective author or creator. Downloads and copies of this site are only permitted for private, non-commercial use. Insofar as the content on this site was not created by the operator, the copyrights of third parties are respected. In particular, third-party content is identified as such. Should you nevertheless become aware of a copyright infringement, please inform us accordingly. If we become aware of any legal infringements, we will remove such content immediately.<\/p>\n<ol start=\"4\">\n<li><strong>Data protection<\/strong><\/li>\n<\/ol>\n<p>You will find our data protection conditions explained separately on the following page: <span style=\"text-decoration: underline; color: #b99d75;\"><a style=\"color: #b99d75; text-decoration: underline;\" href=\"https:\/\/roessle-dobel.de\/en\/privacy-policy\/\" target=\"_blank\" rel=\"noopener\">https:\/\/roessle-dobel.de\/en\/privacy-policy\/<\/a><\/span>.<\/p>\n<ol start=\"5\">\n<li><strong>Dispute resolution<\/strong><\/li>\n<\/ol>\n<p>The European Commission provides a platform for out-of-court online dispute resolution (ODR platform), which can be accessed at <span style=\"text-decoration: underline; color: #b99d75;\"><a style=\"color: #b99d75; text-decoration: underline;\" href=\"http:\/\/www.ec.europa.eu\/consumers\/odr\" target=\"_blank\" rel=\"noopener\">www.ec.europa.eu\/consumers\/odr<\/a><\/span> can be accessed. We are neither obliged nor willing to participate in dispute resolution proceedings before a consumer arbitration board.<\/p>\n<p>You can find our e-mail address in our <span style=\"color: #000000;\">Legal Notice<\/span> or via the link <span style=\"text-decoration: underline; color: #b99d75;\"><a style=\"color: #b99d75; text-decoration: underline;\" href=\"https:\/\/roessle-dobel.de\/en\/contacts\/\" target=\"_blank\" rel=\"noopener\">contact us<\/a><\/span>. <\/p>\n<ol start=\"6\">\n<li><strong>Legal information for lawyers<\/strong><\/li>\n<\/ol>\n<p>In the event of competition law or similar problems, we ask you to contact us in advance to avoid unnecessary legal disputes and costs. The cost note of a lawyer&#8217;s warning without prior contact with the trade owner or his legal representation is rejected as unfounded in the sense of the duty to minimize damages. We will have abusive warnings prosecuted under criminal and civil law.<\/p>\n\t            <\/div>        <\/div>\t\t<\/div>\n\t\t\t\t<\/div>\n\t\t\t\t\t<\/div>\n\t\t<\/div>\n\t\t\t\t\t<\/div>\n\t\t<\/section>\n\t\t\t\t<section class=\"elementor-section elementor-top-section elementor-element elementor-element-e811dc0 elementor-section-content-middle elementor-reverse-tablet elementor-reverse-mobile elementor-section-boxed elementor-section-height-default elementor-section-height-default\" data-id=\"e811dc0\" data-element_type=\"section\">\n\t\t\t\t\t\t<div class=\"elementor-container elementor-column-gap-no\">\n\t\t\t\t\t<div class=\"elementor-column elementor-col-100 elementor-top-column elementor-element elementor-element-b0f026a\" data-id=\"b0f026a\" data-element_type=\"column\">\n\t\t\t<div class=\"elementor-widget-wrap elementor-element-populated\">\n\t\t\t\t\t\t<div class=\"elementor-element elementor-element-2bbab7f elementor-widget elementor-widget-cs_title\" data-id=\"2bbab7f\" data-element_type=\"widget\" data-widget_type=\"cs_title.default\">\n\t\t\t\t<div class=\"elementor-widget-container\">\n\t\t\t\n        <div class=\"cs-title-wrap\">\t            <div class=\"cs-title-text\">\n\t                <p><strong>Realization<\/strong><\/p>\n<p>Content management system: WordPress CMS<\/p>\n<p>Web design and graphics: Loft.Ocean &#8211; <span style=\"text-decoration: underline; color: #b99d75;\"><a style=\"color: #b99d75;\" href=\"https:\/\/www.loftocean.com\" target=\"_blank\" rel=\"noopener\">https:\/\/www.loftocean.com<\/a><\/span><\/p>\n<p>Image sources: Marina Babrovskaya, Loft.Ocean<\/p>\n<p>Contents and texts: Marina Babrovskaya, Municipality of Dobel, Schwarzwald Tourismus GmbH<\/p>\n\t            <\/div>        <\/div>\t\t<\/div>\n\t\t\t\t<\/div>\n\t\t\t\t\t<\/div>\n\t\t<\/div>\n\t\t\t\t\t<\/div>\n\t\t<\/section>\n\t\t\t\t<\/div>\n\t\t","protected":false},"excerpt":{"rendered":"<p>Legal Notice Legal Notice Hotel R\u00f6ssle Johann-Peter-Hebel-Strasse 775335 DobelGermany Phone: +49 7083 935 99 59Fax: +49 7083 935 99 60Email: roessledobel@gmail.com Internet: https:\/\/roessle-dobel.de\/ Business owner: Marina Babrovskaya (individual entrepreneur)VAT ID No.: DE 305900430 Responsible for content according to Section 55 Paragraph 2 RStV: Marina Babrovskaya (address as above) Disclaimer &#8211; legal information Limitation of liability &#8230;<\/p>\n","protected":false},"author":1,"featured_media":0,"parent":0,"menu_order":0,"comment_status":"closed","ping_status":"closed","template":"template-wide-content.php","meta":{"cozystay_single_page_hide_site_header":"","cozystay_single_page_site_header_source":"","cozystay_single_page_custom_site_header":"0","cozystay_single_page_custom_sticky_site_header":"0","cozystay_single_page_hide_page_title":"on","cozystay_single_page_header_section_size":"","cozystay_single_page_header_background_color":"","cozystay_single_page_header_background_position_x":"center","cozystay_single_page_header_background_position_y":"center","cozystay_single_page_header_background_size":"cover","cozystay_single_page_header_background_repeat":"off","cozystay_single_page_header_background_scroll":"on","cozystay_single_page_header_text_color":"","cozystay_single_page_header_show_breadcrumb":"","cozystay_single_page_site_footer_hide_main":"","cozystay_single_custom_site_footer_main_source":"","cozystay_single_custom_site_footer_main":"0","cozystay_single_page_site_footer_hide_above":"","cozystay_single_custom_site_footer_above_source":"","cozystay_single_custom_site_footer_above":"0","cozystay_single_page_site_footer_hide_instagram":"","cozystay_single_page_site_footer_hide_bottom":"","cozystay_single_custom_mobile_menu_source":"","cozystay_single_custom_mobile_menu":"0","cozystay_single_custom_mobile_menu_animation":"","cozystay_single_custom_mobile_menu_width":"","cozystay_single_custom_mobile_menu_custom_width":375,"footnotes":""},"class_list":["post-8343","page","type-page","status-publish","hentry"],"yoast_head":"<!-- This site is optimized with the Yoast SEO plugin v23.5 - https:\/\/yoast.com\/wordpress\/plugins\/seo\/ -->\n<title>Legal Notice - Hotel R\u00f6ssle in Dobel \u2014 Schwarzwald<\/title>\n<meta name=\"robots\" content=\"index, follow, max-snippet:-1, max-image-preview:large, max-video-preview:-1\" \/>\n<link rel=\"canonical\" href=\"https:\/\/roessle-dobel.de\/en\/imprint\/\" \/>\n<meta property=\"og:locale\" content=\"en_US\" \/>\n<meta property=\"og:type\" content=\"article\" \/>\n<meta property=\"og:title\" content=\"Legal Notice - Hotel R\u00f6ssle in Dobel \u2014 Schwarzwald\" \/>\n<meta property=\"og:description\" content=\"Legal Notice Legal Notice Hotel R\u00f6ssle Johann-Peter-Hebel-Strasse 775335 DobelGermany Phone: +49 7083 935 99 59Fax: +49 7083 935 99 60Email: roessledobel@gmail.com Internet: https:\/\/roessle-dobel.de\/ Business owner: Marina Babrovskaya (individual entrepreneur)VAT ID No.: DE 305900430 Responsible for content according to Section 55 Paragraph 2 RStV: Marina Babrovskaya (address as above) Disclaimer &#8211; legal information Limitation of liability ...\" \/>\n<meta property=\"og:url\" content=\"https:\/\/roessle-dobel.de\/en\/imprint\/\" \/>\n<meta property=\"og:site_name\" content=\"Hotel R\u00f6ssle in Dobel \u2014 Schwarzwald\" \/>\n<meta property=\"article:modified_time\" content=\"2024-02-05T18:16:16+00:00\" \/>\n<meta name=\"twitter:card\" content=\"summary_large_image\" \/>\n<meta name=\"twitter:label1\" content=\"Est. reading time\" \/>\n\t<meta name=\"twitter:data1\" content=\"3 minutes\" \/>\n<script type=\"application\/ld+json\" class=\"yoast-schema-graph\">{\"@context\":\"https:\/\/schema.org\",\"@graph\":[{\"@type\":\"WebPage\",\"@id\":\"https:\/\/roessle-dobel.de\/en\/imprint\/\",\"url\":\"https:\/\/roessle-dobel.de\/en\/imprint\/\",\"name\":\"Legal Notice - Hotel R\u00f6ssle in Dobel \u2014 Schwarzwald\",\"isPartOf\":{\"@id\":\"https:\/\/roessle-dobel.de\/en\/#website\"},\"datePublished\":\"2023-12-04T10:52:12+00:00\",\"dateModified\":\"2024-02-05T18:16:16+00:00\",\"breadcrumb\":{\"@id\":\"https:\/\/roessle-dobel.de\/en\/imprint\/#breadcrumb\"},\"inLanguage\":\"en-US\",\"potentialAction\":[{\"@type\":\"ReadAction\",\"target\":[\"https:\/\/roessle-dobel.de\/en\/imprint\/\"]}]},{\"@type\":\"BreadcrumbList\",\"@id\":\"https:\/\/roessle-dobel.de\/en\/imprint\/#breadcrumb\",\"itemListElement\":[{\"@type\":\"ListItem\",\"position\":1,\"name\":\"Home\",\"item\":\"https:\/\/roessle-dobel.de\/en\/home-page\/\"},{\"@type\":\"ListItem\",\"position\":2,\"name\":\"Legal Notice\"}]},{\"@type\":\"WebSite\",\"@id\":\"https:\/\/roessle-dobel.de\/en\/#website\",\"url\":\"https:\/\/roessle-dobel.de\/en\/\",\"name\":\"Hotel R\u00f6ssle in Dobel \u2014 Schwarzwald\",\"description\":\"Das Hotel R\u00f6ssle befindet sich in einer ruhigen Lage in der Gemeinde Dobel, im landschaftlich wundersch\u00f6nen Nordschwarzwald, unweit von Baden-Baden. Wir bieten unseren G\u00e4sten komfortable Zimmer, kostenlose Parkpl\u00e4tze und WLAN, Spielzimmer und Vieles mehr.\",\"potentialAction\":[{\"@type\":\"SearchAction\",\"target\":{\"@type\":\"EntryPoint\",\"urlTemplate\":\"https:\/\/roessle-dobel.de\/en\/?s={search_term_string}\"},\"query-input\":{\"@type\":\"PropertyValueSpecification\",\"valueRequired\":true,\"valueName\":\"search_term_string\"}}],\"inLanguage\":\"en-US\"}]}<\/script>\n<!-- \/ Yoast SEO plugin. -->","yoast_head_json":{"title":"Legal Notice - Hotel R\u00f6ssle in Dobel \u2014 Schwarzwald","robots":{"index":"index","follow":"follow","max-snippet":"max-snippet:-1","max-image-preview":"max-image-preview:large","max-video-preview":"max-video-preview:-1"},"canonical":"https:\/\/roessle-dobel.de\/en\/imprint\/","og_locale":"en_US","og_type":"article","og_title":"Legal Notice - Hotel R\u00f6ssle in Dobel \u2014 Schwarzwald","og_description":"Legal Notice Legal Notice Hotel R\u00f6ssle Johann-Peter-Hebel-Strasse 775335 DobelGermany Phone: +49 7083 935 99 59Fax: +49 7083 935 99 60Email: roessledobel@gmail.com Internet: https:\/\/roessle-dobel.de\/ Business owner: Marina Babrovskaya (individual entrepreneur)VAT ID No.: DE 305900430 Responsible for content according to Section 55 Paragraph 2 RStV: Marina Babrovskaya (address as above) Disclaimer &#8211; legal information Limitation of liability ...","og_url":"https:\/\/roessle-dobel.de\/en\/imprint\/","og_site_name":"Hotel R\u00f6ssle in Dobel \u2014 Schwarzwald","article_modified_time":"2024-02-05T18:16:16+00:00","twitter_card":"summary_large_image","twitter_misc":{"Est. reading time":"3 minutes"},"schema":{"@context":"https:\/\/schema.org","@graph":[{"@type":"WebPage","@id":"https:\/\/roessle-dobel.de\/en\/imprint\/","url":"https:\/\/roessle-dobel.de\/en\/imprint\/","name":"Legal Notice - Hotel R\u00f6ssle in Dobel \u2014 Schwarzwald","isPartOf":{"@id":"https:\/\/roessle-dobel.de\/en\/#website"},"datePublished":"2023-12-04T10:52:12+00:00","dateModified":"2024-02-05T18:16:16+00:00","breadcrumb":{"@id":"https:\/\/roessle-dobel.de\/en\/imprint\/#breadcrumb"},"inLanguage":"en-US","potentialAction":[{"@type":"ReadAction","target":["https:\/\/roessle-dobel.de\/en\/imprint\/"]}]},{"@type":"BreadcrumbList","@id":"https:\/\/roessle-dobel.de\/en\/imprint\/#breadcrumb","itemListElement":[{"@type":"ListItem","position":1,"name":"Home","item":"https:\/\/roessle-dobel.de\/en\/home-page\/"},{"@type":"ListItem","position":2,"name":"Legal Notice"}]},{"@type":"WebSite","@id":"https:\/\/roessle-dobel.de\/en\/#website","url":"https:\/\/roessle-dobel.de\/en\/","name":"Hotel R\u00f6ssle in Dobel \u2014 Schwarzwald","description":"Das Hotel R\u00f6ssle befindet sich in einer ruhigen Lage in der Gemeinde Dobel, im landschaftlich wundersch\u00f6nen Nordschwarzwald, unweit von Baden-Baden. Wir bieten unseren G\u00e4sten komfortable Zimmer, kostenlose Parkpl\u00e4tze und WLAN, Spielzimmer und Vieles mehr.","potentialAction":[{"@type":"SearchAction","target":{"@type":"EntryPoint","urlTemplate":"https:\/\/roessle-dobel.de\/en\/?s={search_term_string}"},"query-input":{"@type":"PropertyValueSpecification","valueRequired":true,"valueName":"search_term_string"}}],"inLanguage":"en-US"}]}},"_links":{"self":[{"href":"https:\/\/roessle-dobel.de\/en\/wp-json\/wp\/v2\/pages\/8343","targetHints":{"allow":["GET"]}}],"collection":[{"href":"https:\/\/roessle-dobel.de\/en\/wp-json\/wp\/v2\/pages"}],"about":[{"href":"https:\/\/roessle-dobel.de\/en\/wp-json\/wp\/v2\/types\/page"}],"author":[{"embeddable":true,"href":"https:\/\/roessle-dobel.de\/en\/wp-json\/wp\/v2\/users\/1"}],"replies":[{"embeddable":true,"href":"https:\/\/roessle-dobel.de\/en\/wp-json\/wp\/v2\/comments?post=8343"}],"version-history":[{"count":7,"href":"https:\/\/roessle-dobel.de\/en\/wp-json\/wp\/v2\/pages\/8343\/revisions"}],"predecessor-version":[{"id":10626,"href":"https:\/\/roessle-dobel.de\/en\/wp-json\/wp\/v2\/pages\/8343\/revisions\/10626"}],"wp:attachment":[{"href":"https:\/\/roessle-dobel.de\/en\/wp-json\/wp\/v2\/media?parent=8343"}],"curies":[{"name":"wp","href":"https:\/\/api.w.org\/{rel}","templated":true}]}}