{"id":8361,"date":"2023-11-13T16:02:25","date_gmt":"2023-11-13T15:02:25","guid":{"rendered":"https:\/\/roessle-dobel.de\/services\/"},"modified":"2024-02-09T16:10:13","modified_gmt":"2024-02-09T15:10:13","slug":"services","status":"publish","type":"page","link":"https:\/\/roessle-dobel.de\/en\/services\/","title":{"rendered":"Services"},"content":{"rendered":"\t\t<div data-elementor-type=\"wp-page\" data-elementor-id=\"8361\" class=\"elementor elementor-8361 elementor-3449\">\n\t\t\t\t\t\t<section class=\"elementor-section elementor-top-section elementor-element elementor-element-09b8c18 elementor-section-height-min-height cs-section-content-fullwidth cs_scroll_y_100 cs-parallax-on-scroll elementor-section-boxed elementor-section-height-default elementor-section-items-middle\" data-id=\"09b8c18\" data-element_type=\"section\" data-settings=\"{&quot;background_background&quot;:&quot;classic&quot;}\" data-cs-parallax-y=\"100\" style=\"background-image: none;\" data-cs-background-image=\"https:\/\/roessle-dobel.de\/wp-content\/uploads\/2023\/10\/20220916_155252-1.jpg\">\n\t\t\t\t\t\t\t<div class=\"elementor-background-overlay\"><\/div>\n\t\t\t\t\t\t\t<div class=\"elementor-container elementor-column-gap-no\">\n\t\t\t\t\t<div class=\"elementor-column elementor-col-100 elementor-top-column elementor-element elementor-element-06b65e3 dark-color\" data-id=\"06b65e3\" data-element_type=\"column\">\n\t\t\t<div class=\"elementor-widget-wrap elementor-element-populated\">\n\t\t\t\t\t\t<div class=\"elementor-element elementor-element-8d4d550 elementor-widget elementor-widget-cs_title\" data-id=\"8d4d550\" data-element_type=\"widget\" data-widget_type=\"cs_title.default\">\n\t\t\t\t<div class=\"elementor-widget-container\">\n\t\t\t\n        <div class=\"cs-title-wrap text-center\">\t            <div class=\"cs-subtitle-wrap\"><span class=\"cs-subtitle color-white\">A bright and unforgettable vacation<\/span><\/div>\t            <h1 class=\"cs-title\">\n\t                Hotel services\t            <\/h1>\t            <div class=\"cs-title-text\">\n\t                <p>We strive to offer our guests maximum comfort and personal approach<\/p>\n\t            <\/div>        <\/div>\t\t<\/div>\n\t\t\t\t<\/div>\n\t\t\t\t\t<\/div>\n\t\t<\/div>\n\t\t\t\t\t<\/div>\n\t\t<\/section>\n\t\t\t\t<section class=\"elementor-section elementor-top-section elementor-element elementor-element-604b846 elementor-section-boxed elementor-section-height-default elementor-section-height-default\" data-id=\"604b846\" data-element_type=\"section\">\n\t\t\t\t\t\t<div class=\"elementor-container elementor-column-gap-no\">\n\t\t\t\t\t<div class=\"elementor-column elementor-col-100 elementor-top-column elementor-element elementor-element-a1837a0\" data-id=\"a1837a0\" data-element_type=\"column\">\n\t\t\t<div class=\"elementor-widget-wrap elementor-element-populated\">\n\t\t\t\t\t\t<div class=\"elementor-element elementor-element-c0dbc40 elementor-widget elementor-widget-cs_title\" data-id=\"c0dbc40\" data-element_type=\"widget\" data-widget_type=\"cs_title.default\">\n\t\t\t\t<div class=\"elementor-widget-container\">\n\t\t\t\n        <div class=\"cs-title-wrap text-center\">\t            <div class=\"cs-subtitle-wrap\"><span class=\"cs-subtitle\">FACILITIES AND SERVICES<\/span><\/div>\t            <h5 class=\"cs-title\">\n\t                Discover our services\t            <\/h5>\t            <div class=\"cs-title-text\">\n\t                <p>The Hotel R\u00f6ssle offers various services for your comfort during your stay. The hotel offers popular services such as free Wi-Fi, parking, games room, etc. We are constantly improving the service, doing everything to make our guests feel as comfortable as possible. Relax with pleasure and enjoy every moment.<\/p>\n\t            <\/div>        <\/div>\t\t<\/div>\n\t\t\t\t<\/div>\n\t\t\t\t<div class=\"elementor-element elementor-element-6c50d5c elementor-widget elementor-widget-cs_info_box\" data-id=\"6c50d5c\" data-element_type=\"widget\" data-widget_type=\"cs_info_box.default\">\n\t\t\t\t<div class=\"elementor-widget-container\">\n\t\t\t\n\t\t\t<div class=\"cs-info-box column-3 valign-top img-left\">\n                <div class=\"cs-info-box-wrap\">                    <div class=\"cs-info-box-item elementor-repeater-item-417b2ae\">\n                    \t<div class=\"cs-item-container\">\t                        <div class=\"cs-info-box-img\"><i aria-hidden=\"true\" class=\"flaticon flaticon-breakfast-5\"><\/i>\t                        <\/div>\t                        <div class=\"cs-info-box-content\">\n\t                            <h6 class=\"cs-title cs-info-box-title\">Breakfast buffet\t\t\t\t\t\t\t\t<\/h6>\t                            \t<div class=\"cs-info-box-text\"><p>A delicious and healthy breakfast awaits you every morning. Breakfast is included in <b><i>the room rate<\/b><\/i>.  <\/p><\/div>\t\t                            <div class=\"cs-info-box-btn\">\n\t\t                                <a href=\"https:\/\/roessle-dobel.de\/en\/breakfast\/\" class=\"button cs-btn-underline\">\n\t\t                                    <span class=\"cs-btn-text\">Read more<\/span>\t\t                                <\/a>\n\t\t                            <\/div>\t                        <\/div>\t                    <\/div>\n                    <\/div>                    <div class=\"cs-info-box-item elementor-repeater-item-32cf39b\">\n                    \t<div class=\"cs-item-container\">\t                        <div class=\"cs-info-box-img\"><i aria-hidden=\"true\" class=\"flaticon flaticon-wifi-2\"><\/i>\t                        <\/div>\t                        <div class=\"cs-info-box-content\">\n\t                            <h6 class=\"cs-title cs-info-box-title\">Wi-Fi\t\t\t\t\t\t\t\t<\/h6>\t                            \t<div class=\"cs-info-box-text\"><p><b><i>Free<\/b><\/i> Wi-Fi internet is available in every room and in public areas of the hotel.<\/p><\/div>\t                        <\/div>\t                    <\/div>\n                    <\/div>                    <div class=\"cs-info-box-item elementor-repeater-item-85225fd\">\n                    \t<div class=\"cs-item-container\">\t                        <div class=\"cs-info-box-img\"><i aria-hidden=\"true\" class=\"flaticon flaticon-parking-1\"><\/i>\t                        <\/div>\t                        <div class=\"cs-info-box-content\">\n\t                            <h6 class=\"cs-title cs-info-box-title\">Parking\t\t\t\t\t\t\t\t<\/h6>\t                            \t<div class=\"cs-info-box-text\"><p><b><i>Free<\/b><\/i> private parking is available near the hotel for guests. Reservation is not required.\n<\/p><\/div>\t                        <\/div>\t                    <\/div>\n                    <\/div>                    <div class=\"cs-info-box-item elementor-repeater-item-0c32f7d\">\n                    \t<div class=\"cs-item-container\">\t                        <div class=\"cs-info-box-img\"><i aria-hidden=\"true\" class=\"flaticon flaticon-sunny\"><\/i>\t                        <\/div>\t                        <div class=\"cs-info-box-content\">\n\t                            <h6 class=\"cs-title cs-info-box-title\">Sun terrace\t\t\t\t\t\t\t\t<\/h6>\t                            \t<div class=\"cs-info-box-text\"><p>Spend a wonderful time here with your family or friends in the fresh air.\n<\/p><\/div>\t\t                            <div class=\"cs-info-box-btn\">\n\t\t                                <a href=\"https:\/\/roessle-dobel.de\/en\/sun-terrace\/\" class=\"button cs-btn-underline\">\n\t\t                                    <span class=\"cs-btn-text\">Read more<\/span>\t\t                                <\/a>\n\t\t                            <\/div>\t                        <\/div>\t                    <\/div>\n                    <\/div>                    <div class=\"cs-info-box-item elementor-repeater-item-f4216c3\">\n                    \t<div class=\"cs-item-container\">\t                        <div class=\"cs-info-box-img\"><i aria-hidden=\"true\" class=\"flaticon flaticon-sofa\"><\/i>\t                        <\/div>\t                        <div class=\"cs-info-box-content\">\n\t                            <h6 class=\"cs-title cs-info-box-title\">Lounge area\t\t\t\t\t\t\t\t<\/h6>\t                            \t<div class=\"cs-info-box-text\"><p>A cozy space designed for rest, relaxation and comfortable pastime. <\/p><\/div>\t\t                            <div class=\"cs-info-box-btn\">\n\t\t                                <a href=\"https:\/\/roessle-dobel.de\/en\/recreation-room\/\" class=\"button cs-btn-underline\">\n\t\t                                    <span class=\"cs-btn-text\">Read more<\/span>\t\t                                <\/a>\n\t\t                            <\/div>\t                        <\/div>\t                    <\/div>\n                    <\/div>                    <div class=\"cs-info-box-item elementor-repeater-item-e0dd676\">\n                    \t<div class=\"cs-item-container\">\t                        <div class=\"cs-info-box-img\"><i aria-hidden=\"true\" class=\"flaticon flaticon-win\"><\/i>\t                        <\/div>\t                        <div class=\"cs-info-box-content\">\n\t                            <h6 class=\"cs-title cs-info-box-title\">Game rooms\t\t\t\t\t\t\t\t<\/h6>\t                            \t<div class=\"cs-info-box-text\"><p>The game rooms have air hockey table, table soccer, table tennis and more.\nAccess is <i><b>free of charge<\/b><\/i>. \n<\/p><\/div>\t\t                            <div class=\"cs-info-box-btn\">\n\t\t                                <a href=\"https:\/\/roessle-dobel.de\/en\/playroom\/\" class=\"button cs-btn-underline\">\n\t\t                                    <span class=\"cs-btn-text\">Read more<\/span>\t\t                                <\/a>\n\t\t                            <\/div>\t                        <\/div>\t                    <\/div>\n                    <\/div>                    <div class=\"cs-info-box-item elementor-repeater-item-0cc6ea5\">\n                    \t<div class=\"cs-item-container\">\t                        <div class=\"cs-info-box-img\"><i aria-hidden=\"true\" class=\"flaticon flaticon-spa\"><\/i>\t                        <\/div>\t                        <div class=\"cs-info-box-content\">\n\t                            <h6 class=\"cs-title cs-info-box-title\">Sauna\t\t\t\t\t\t\t\t<\/h6>\t                            \t<div class=\"cs-info-box-text\"><p>The sauna is only available by appointment and for an additional fee.  <\/p><\/div>\t\t                            <div class=\"cs-info-box-btn\">\n\t\t                                <a href=\"https:\/\/roessle-dobel.de\/en\/sauna\/\" class=\"button cs-btn-underline\">\n\t\t                                    <span class=\"cs-btn-text\">Read more<\/span>\t\t                                <\/a>\n\t\t                            <\/div>\t                        <\/div>\t                    <\/div>\n                    <\/div>                    <div class=\"cs-info-box-item elementor-repeater-item-7f8f68f\">\n                    \t<div class=\"cs-item-container\">\t                        <div class=\"cs-info-box-img\"><i aria-hidden=\"true\" class=\"flaticon flaticon-traveling\"><\/i>\t                        <\/div>\t                        <div class=\"cs-info-box-content\">\n\t                            <h6 class=\"cs-title cs-info-box-title\">Elevator in the main building\t\t\t\t\t\t\t\t<\/h6>\t                            \t<div class=\"cs-info-box-text\"><p>The main building of the hotel an elevator to access rooms on the upper floors.<\/p><\/div>\t                        <\/div>\t                    <\/div>\n                    <\/div>                    <div class=\"cs-info-box-item elementor-repeater-item-7ec700a\">\n                    \t<div class=\"cs-item-container\">\t                        <div class=\"cs-info-box-img\"><i aria-hidden=\"true\" class=\"flaticon flaticon-baby-crib\"><\/i>\t                        <\/div>\t                        <div class=\"cs-info-box-content\">\n\t                            <h6 class=\"cs-title cs-info-box-title\">Baby cots and extra beds\t\t\t\t\t\t\t\t<\/h6>\t                            \t<div class=\"cs-info-box-text\"><p>Some rooms can accommodate a baby cot or extra bed. The service is available upon request.\n<\/p><\/div>\t\t                            <div class=\"cs-info-box-btn\">\n\t\t                                <a href=\"https:\/\/roessle-dobel.de\/en\/childrens-and-extra-beds\/\" class=\"button cs-btn-underline\">\n\t\t                                    <span class=\"cs-btn-text\">Read more<\/span>\t\t                                <\/a>\n\t\t                            <\/div>\t                        <\/div>\t                    <\/div>\n                    <\/div>                    <div class=\"cs-info-box-item elementor-repeater-item-9e2c733\">\n                    \t<div class=\"cs-item-container\">\t                        <div class=\"cs-info-box-img\"><i aria-hidden=\"true\" class=\"flaticon flaticon-coffee-cup\"><\/i>\t                        <\/div>\t                        <div class=\"cs-info-box-content\">\n\t                            <h6 class=\"cs-title cs-info-box-title\">Drinks\t\t\t\t\t\t\t\t<\/h6>\t                            \t<div class=\"cs-info-box-text\"><p>You will find mineral water, tea and coffee in your room. Other drinks can be purchased at the hotel for a fee.\n\n<\/p><\/div>\t                        <\/div>\t                    <\/div>\n                    <\/div>                    <div class=\"cs-info-box-item elementor-repeater-item-322506f\">\n                    \t<div class=\"cs-item-container\">\t                        <div class=\"cs-info-box-img\"><i aria-hidden=\"true\" class=\"flaticon flaticon-veterinary\"><\/i>\t                        <\/div>\t                        <div class=\"cs-info-box-content\">\n\t                            <h6 class=\"cs-title cs-info-box-title\">Pets\t\t\t\t\t\t\t\t<\/h6>\t                            \t<div class=\"cs-info-box-text\"><p>Pets are allowed upon prior request. Additional charges may apply. Please contact us by phone or e-mail.\n\n<\/p><\/div>\t                        <\/div>\t                    <\/div>\n                    <\/div>                    <div class=\"cs-info-box-item elementor-repeater-item-1cf514d\">\n                    \t<div class=\"cs-item-container\">\t                        <div class=\"cs-info-box-img\"><i aria-hidden=\"true\" class=\"flaticon flaticon-travel-bag-1\"><\/i>\t                        <\/div>\t                        <div class=\"cs-info-box-content\">\n\t                            <h6 class=\"cs-title cs-info-box-title\">Luggage transportation\t\t\t\t\t\t\t\t<\/h6>\t                            \t<div class=\"cs-info-box-text\"><p>The service for hiking tourists is available upon request and at an extra charge.\nFor further information, please contact us by phone or e-mail.\n\n\n<\/p><\/div>\t                        <\/div>\t                    <\/div>\n                    <\/div>                    <div class=\"cs-info-box-item elementor-repeater-item-de62f42\">\n                    \t<div class=\"cs-item-container\">\t                        <div class=\"cs-info-box-img\"><i aria-hidden=\"true\" class=\"flaticon flaticon-car-1\"><\/i>\t                        <\/div>\t                        <div class=\"cs-info-box-content\">\n\t                            <h6 class=\"cs-title cs-info-box-title\">Taxi call\t\t\t\t\t\t\t\t<\/h6>\t                            \t<div class=\"cs-info-box-text\"><p>Contact the administrator at the reception and he will call you a taxi to the hotel.\n\n\n<\/p><\/div>\t                        <\/div>\t                    <\/div>\n                    <\/div>\t\t\t\t<\/div>\n\t\t\t<\/div>\t\t<\/div>\n\t\t\t\t<\/div>\n\t\t\t\t\t<\/div>\n\t\t<\/div>\n\t\t\t\t\t<\/div>\n\t\t<\/section>\n\t\t\t\t<section class=\"elementor-section elementor-top-section elementor-element elementor-element-6260d74 elementor-section-boxed elementor-section-height-default elementor-section-height-default\" data-id=\"6260d74\" data-element_type=\"section\">\n\t\t\t\t\t\t<div class=\"elementor-container elementor-column-gap-no\">\n\t\t\t\t\t<div class=\"elementor-column elementor-col-100 elementor-top-column elementor-element elementor-element-fe4d010\" data-id=\"fe4d010\" data-element_type=\"column\">\n\t\t\t<div class=\"elementor-widget-wrap elementor-element-populated\">\n\t\t\t\t\t\t<div class=\"elementor-element elementor-element-f206fcd elementor-widget elementor-widget-cs_title\" data-id=\"f206fcd\" data-element_type=\"widget\" data-widget_type=\"cs_title.default\">\n\t\t\t\t<div class=\"elementor-widget-container\">\n\t\t\t\n        <div class=\"cs-title-wrap text-center\">\t            <div class=\"cs-title-text\">\n\t                <p>If you have any questions or requests, please do not hesitate to contact us by phone or e-mail.<\/p>\n<p>We wish you a pleasant stay!<\/p>\n\t            <\/div>        <\/div>\t\t<\/div>\n\t\t\t\t<\/div>\n\t\t\t\t\t<\/div>\n\t\t<\/div>\n\t\t\t\t\t<\/div>\n\t\t<\/section>\n\t\t\t\t<\/div>\n\t\t","protected":false},"excerpt":{"rendered":"<p>A bright and unforgettable vacation Hotel services We strive to offer our guests maximum comfort and personal approach FACILITIES AND SERVICES Discover our services The Hotel R\u00f6ssle offers various services for your comfort during your stay. The hotel offers popular services such as free Wi-Fi, parking, games room, etc. We are constantly improving the service, &#8230;<\/p>\n","protected":false},"author":1,"featured_media":0,"parent":0,"menu_order":0,"comment_status":"closed","ping_status":"closed","template":"template-wide-content.php","meta":{"cozystay_single_page_hide_site_header":"","cozystay_single_page_site_header_source":"","cozystay_single_page_custom_site_header":"0","cozystay_single_page_custom_sticky_site_header":"0","cozystay_single_page_hide_page_title":"on","cozystay_single_page_header_section_size":"","cozystay_single_page_header_background_color":"","cozystay_single_page_header_background_position_x":"center","cozystay_single_page_header_background_position_y":"center","cozystay_single_page_header_background_size":"cover","cozystay_single_page_header_background_repeat":"off","cozystay_single_page_header_background_scroll":"on","cozystay_single_page_header_text_color":"","cozystay_single_page_header_show_breadcrumb":"","cozystay_single_page_site_footer_hide_main":"","cozystay_single_custom_site_footer_main_source":"","cozystay_single_custom_site_footer_main":"0","cozystay_single_page_site_footer_hide_above":"","cozystay_single_custom_site_footer_above_source":"","cozystay_single_custom_site_footer_above":"0","cozystay_single_page_site_footer_hide_instagram":"","cozystay_single_page_site_footer_hide_bottom":"","cozystay_single_custom_mobile_menu_source":"","cozystay_single_custom_mobile_menu":"0","cozystay_single_custom_mobile_menu_animation":"","cozystay_single_custom_mobile_menu_width":"","cozystay_single_custom_mobile_menu_custom_width":375,"footnotes":""},"class_list":["post-8361","page","type-page","status-publish","hentry"],"yoast_head":"<!-- This site is optimized with the Yoast SEO plugin v23.5 - https:\/\/yoast.com\/wordpress\/plugins\/seo\/ -->\n<title>Services - Hotel R\u00f6ssle in Dobel \u2014 Schwarzwald<\/title>\n<meta name=\"robots\" content=\"index, follow, max-snippet:-1, max-image-preview:large, max-video-preview:-1\" \/>\n<link rel=\"canonical\" href=\"https:\/\/roessle-dobel.de\/en\/services\/\" \/>\n<meta property=\"og:locale\" content=\"en_US\" \/>\n<meta property=\"og:type\" content=\"article\" \/>\n<meta property=\"og:title\" content=\"Services - Hotel R\u00f6ssle in Dobel \u2014 Schwarzwald\" \/>\n<meta property=\"og:description\" content=\"A bright and unforgettable vacation Hotel services We strive to offer our guests maximum comfort and personal approach FACILITIES AND SERVICES Discover our services The Hotel R\u00f6ssle offers various services for your comfort during your stay. The hotel offers popular services such as free Wi-Fi, parking, games room, etc. We are constantly improving the service, ...\" \/>\n<meta property=\"og:url\" content=\"https:\/\/roessle-dobel.de\/en\/services\/\" \/>\n<meta property=\"og:site_name\" content=\"Hotel R\u00f6ssle in Dobel \u2014 Schwarzwald\" \/>\n<meta property=\"article:modified_time\" content=\"2024-02-09T15:10:13+00:00\" \/>\n<meta name=\"twitter:card\" content=\"summary_large_image\" \/>\n<meta name=\"twitter:label1\" content=\"Est. reading time\" \/>\n\t<meta name=\"twitter:data1\" content=\"2 minutes\" \/>\n<script type=\"application\/ld+json\" class=\"yoast-schema-graph\">{\"@context\":\"https:\/\/schema.org\",\"@graph\":[{\"@type\":\"WebPage\",\"@id\":\"https:\/\/roessle-dobel.de\/en\/services\/\",\"url\":\"https:\/\/roessle-dobel.de\/en\/services\/\",\"name\":\"Services - Hotel R\u00f6ssle in Dobel \u2014 Schwarzwald\",\"isPartOf\":{\"@id\":\"https:\/\/roessle-dobel.de\/en\/#website\"},\"datePublished\":\"2023-11-13T15:02:25+00:00\",\"dateModified\":\"2024-02-09T15:10:13+00:00\",\"breadcrumb\":{\"@id\":\"https:\/\/roessle-dobel.de\/en\/services\/#breadcrumb\"},\"inLanguage\":\"en-US\",\"potentialAction\":[{\"@type\":\"ReadAction\",\"target\":[\"https:\/\/roessle-dobel.de\/en\/services\/\"]}]},{\"@type\":\"BreadcrumbList\",\"@id\":\"https:\/\/roessle-dobel.de\/en\/services\/#breadcrumb\",\"itemListElement\":[{\"@type\":\"ListItem\",\"position\":1,\"name\":\"Home\",\"item\":\"https:\/\/roessle-dobel.de\/en\/home-page\/\"},{\"@type\":\"ListItem\",\"position\":2,\"name\":\"Services\"}]},{\"@type\":\"WebSite\",\"@id\":\"https:\/\/roessle-dobel.de\/en\/#website\",\"url\":\"https:\/\/roessle-dobel.de\/en\/\",\"name\":\"Hotel R\u00f6ssle in Dobel \u2014 Schwarzwald\",\"description\":\"Das Hotel R\u00f6ssle befindet sich in einer ruhigen Lage in der Gemeinde Dobel, im landschaftlich wundersch\u00f6nen Nordschwarzwald, unweit von Baden-Baden. Wir bieten unseren G\u00e4sten komfortable Zimmer, kostenlose Parkpl\u00e4tze und WLAN, Spielzimmer und Vieles mehr.\",\"potentialAction\":[{\"@type\":\"SearchAction\",\"target\":{\"@type\":\"EntryPoint\",\"urlTemplate\":\"https:\/\/roessle-dobel.de\/en\/?s={search_term_string}\"},\"query-input\":{\"@type\":\"PropertyValueSpecification\",\"valueRequired\":true,\"valueName\":\"search_term_string\"}}],\"inLanguage\":\"en-US\"}]}<\/script>\n<!-- \/ Yoast SEO plugin. -->","yoast_head_json":{"title":"Services - Hotel R\u00f6ssle in Dobel \u2014 Schwarzwald","robots":{"index":"index","follow":"follow","max-snippet":"max-snippet:-1","max-image-preview":"max-image-preview:large","max-video-preview":"max-video-preview:-1"},"canonical":"https:\/\/roessle-dobel.de\/en\/services\/","og_locale":"en_US","og_type":"article","og_title":"Services - Hotel R\u00f6ssle in Dobel \u2014 Schwarzwald","og_description":"A bright and unforgettable vacation Hotel services We strive to offer our guests maximum comfort and personal approach FACILITIES AND SERVICES Discover our services The Hotel R\u00f6ssle offers various services for your comfort during your stay. The hotel offers popular services such as free Wi-Fi, parking, games room, etc. We are constantly improving the service, ...","og_url":"https:\/\/roessle-dobel.de\/en\/services\/","og_site_name":"Hotel R\u00f6ssle in Dobel \u2014 Schwarzwald","article_modified_time":"2024-02-09T15:10:13+00:00","twitter_card":"summary_large_image","twitter_misc":{"Est. reading time":"2 minutes"},"schema":{"@context":"https:\/\/schema.org","@graph":[{"@type":"WebPage","@id":"https:\/\/roessle-dobel.de\/en\/services\/","url":"https:\/\/roessle-dobel.de\/en\/services\/","name":"Services - Hotel R\u00f6ssle in Dobel \u2014 Schwarzwald","isPartOf":{"@id":"https:\/\/roessle-dobel.de\/en\/#website"},"datePublished":"2023-11-13T15:02:25+00:00","dateModified":"2024-02-09T15:10:13+00:00","breadcrumb":{"@id":"https:\/\/roessle-dobel.de\/en\/services\/#breadcrumb"},"inLanguage":"en-US","potentialAction":[{"@type":"ReadAction","target":["https:\/\/roessle-dobel.de\/en\/services\/"]}]},{"@type":"BreadcrumbList","@id":"https:\/\/roessle-dobel.de\/en\/services\/#breadcrumb","itemListElement":[{"@type":"ListItem","position":1,"name":"Home","item":"https:\/\/roessle-dobel.de\/en\/home-page\/"},{"@type":"ListItem","position":2,"name":"Services"}]},{"@type":"WebSite","@id":"https:\/\/roessle-dobel.de\/en\/#website","url":"https:\/\/roessle-dobel.de\/en\/","name":"Hotel R\u00f6ssle in Dobel \u2014 Schwarzwald","description":"Das Hotel R\u00f6ssle befindet sich in einer ruhigen Lage in der Gemeinde Dobel, im landschaftlich wundersch\u00f6nen Nordschwarzwald, unweit von Baden-Baden. Wir bieten unseren G\u00e4sten komfortable Zimmer, kostenlose Parkpl\u00e4tze und WLAN, Spielzimmer und Vieles mehr.","potentialAction":[{"@type":"SearchAction","target":{"@type":"EntryPoint","urlTemplate":"https:\/\/roessle-dobel.de\/en\/?s={search_term_string}"},"query-input":{"@type":"PropertyValueSpecification","valueRequired":true,"valueName":"search_term_string"}}],"inLanguage":"en-US"}]}},"_links":{"self":[{"href":"https:\/\/roessle-dobel.de\/en\/wp-json\/wp\/v2\/pages\/8361","targetHints":{"allow":["GET"]}}],"collection":[{"href":"https:\/\/roessle-dobel.de\/en\/wp-json\/wp\/v2\/pages"}],"about":[{"href":"https:\/\/roessle-dobel.de\/en\/wp-json\/wp\/v2\/types\/page"}],"author":[{"embeddable":true,"href":"https:\/\/roessle-dobel.de\/en\/wp-json\/wp\/v2\/users\/1"}],"replies":[{"embeddable":true,"href":"https:\/\/roessle-dobel.de\/en\/wp-json\/wp\/v2\/comments?post=8361"}],"version-history":[{"count":13,"href":"https:\/\/roessle-dobel.de\/en\/wp-json\/wp\/v2\/pages\/8361\/revisions"}],"predecessor-version":[{"id":10965,"href":"https:\/\/roessle-dobel.de\/en\/wp-json\/wp\/v2\/pages\/8361\/revisions\/10965"}],"wp:attachment":[{"href":"https:\/\/roessle-dobel.de\/en\/wp-json\/wp\/v2\/media?parent=8361"}],"curies":[{"name":"wp","href":"https:\/\/api.w.org\/{rel}","templated":true}]}}