{"id":8260,"date":"2023-12-04T11:52:12","date_gmt":"2023-12-04T10:52:12","guid":{"rendered":"https:\/\/roessle-dobel.de\/mentions-legales\/"},"modified":"2024-02-06T11:55:16","modified_gmt":"2024-02-06T10:55:16","slug":"mentions-legales","status":"publish","type":"page","link":"https:\/\/roessle-dobel.de\/fr\/mentions-legales\/","title":{"rendered":"Mentions l\u00e9gales"},"content":{"rendered":"\t\t<div data-elementor-type=\"wp-page\" data-elementor-id=\"8260\" class=\"elementor elementor-8260 elementor-6883\">\n\t\t\t\t\t\t<section class=\"elementor-section elementor-top-section elementor-element elementor-element-eb3574c elementor-section-height-min-height cs-section-content-fullwidth cs_scroll_y_100 cs-parallax-on-scroll elementor-section-boxed elementor-section-height-default elementor-section-items-middle\" data-id=\"eb3574c\" data-element_type=\"section\" data-settings=\"{&quot;background_background&quot;:&quot;classic&quot;}\" data-cs-parallax-y=\"100\" style=\"background-image: none;\" data-cs-background-image=\"https:\/\/roessle-dobel.de\/wp-content\/uploads\/2023\/10\/20220916_155252-1.jpg\">\n\t\t\t\t\t\t\t<div class=\"elementor-background-overlay\"><\/div>\n\t\t\t\t\t\t\t<div class=\"elementor-container elementor-column-gap-no\">\n\t\t\t\t\t<div class=\"elementor-column elementor-col-100 elementor-top-column elementor-element elementor-element-dbdfb2d dark-color\" data-id=\"dbdfb2d\" data-element_type=\"column\">\n\t\t\t<div class=\"elementor-widget-wrap elementor-element-populated\">\n\t\t\t\t\t\t<div class=\"elementor-element elementor-element-67b2a8a elementor-widget elementor-widget-cs_title\" data-id=\"67b2a8a\" data-element_type=\"widget\" data-widget_type=\"cs_title.default\">\n\t\t\t\t<div class=\"elementor-widget-container\">\n\t\t\t\n        <div class=\"cs-title-wrap text-center\">\t            <h1 class=\"cs-title\">\n\t                Mentions l\u00e9gales\t            <\/h1>        <\/div>\t\t<\/div>\n\t\t\t\t<\/div>\n\t\t\t\t\t<\/div>\n\t\t<\/div>\n\t\t\t\t\t<\/div>\n\t\t<\/section>\n\t\t\t\t<section class=\"elementor-section elementor-top-section elementor-element elementor-element-dc796f4 elementor-section-content-middle elementor-reverse-tablet elementor-reverse-mobile elementor-section-boxed elementor-section-height-default elementor-section-height-default\" data-id=\"dc796f4\" data-element_type=\"section\">\n\t\t\t\t\t\t<div class=\"elementor-container elementor-column-gap-no\">\n\t\t\t\t\t<div class=\"elementor-column elementor-col-100 elementor-top-column elementor-element elementor-element-9bd94d1\" data-id=\"9bd94d1\" data-element_type=\"column\">\n\t\t\t<div class=\"elementor-widget-wrap elementor-element-populated\">\n\t\t\t\t\t\t<div class=\"elementor-element elementor-element-fee0ed7 elementor-widget elementor-widget-cs_title\" data-id=\"fee0ed7\" data-element_type=\"widget\" data-widget_type=\"cs_title.default\">\n\t\t\t\t<div class=\"elementor-widget-container\">\n\t\t\t\n        <div class=\"cs-title-wrap\">\t            <h3 class=\"cs-title\">\n\t                Mentions l\u00e9gales\t            <\/h3>        <\/div>\t\t<\/div>\n\t\t\t\t<\/div>\n\t\t\t\t<div class=\"elementor-element elementor-element-017c2b4 elementor-widget elementor-widget-cs_title\" data-id=\"017c2b4\" data-element_type=\"widget\" data-widget_type=\"cs_title.default\">\n\t\t\t\t<div class=\"elementor-widget-container\">\n\t\t\t\n        <div class=\"cs-title-wrap\">\t            <div class=\"cs-title-text\">\n\t                <p><strong>H\u00f4tel R\u00f6ssle<\/strong><\/p>\n<p>Johann-Peter-Hebel-Stra\u00dfe 7<br \/>75335 Dobel<br \/>Allemagne<\/p>\n<p>T\u00e9l\u00e9phone : +49 7083 935 99 59<br \/>T\u00e9l\u00e9copieur : +49 7083 935 99 60<br \/>E-Mail : roessledobel@gmail.com<\/p>\n<p>Internet : <span style=\"text-decoration: underline; color: #0000ff;\"><a style=\"color: #0000ff; text-decoration: underline;\" href=\"https:\/\/roessle-dobel.de\/fr\/\" target=\"_blank\" rel=\"noopener\"><span style=\"color: #b99d75; text-decoration: underline;\">https:\/\/roessle-dobel.de\/<\/span><\/a><\/span><\/p>\n<p>Propri\u00e9taire de l&rsquo;entreprise : Marina Babrovskaya (entrepreneur individuel)<br \/>Num\u00e9ro d&rsquo;identification TVA : DE 305900430<\/p>\n<p>Responsable du contenu selon l&rsquo;article 55, paragraphe 2 du RStV : Marina Babrovskaya (adresse ci-dessus)<\/p>\n\t            <\/div>        <\/div>\t\t<\/div>\n\t\t\t\t<\/div>\n\t\t\t\t<div class=\"elementor-element elementor-element-c2a0463 elementor-widget elementor-widget-cs_title\" data-id=\"c2a0463\" data-element_type=\"widget\" data-widget_type=\"cs_title.default\">\n\t\t\t\t<div class=\"elementor-widget-container\">\n\t\t\t\n        <div class=\"cs-title-wrap\">\t            <h3 class=\"cs-title\">\n\t                Clause de non-responsabilit\u00e9 - informations juridiques\t            <\/h3>\t            <div class=\"cs-title-text\">\n\t                <ol>\n<li><strong>Limitation de responsabilit\u00e9<\/strong><\/li>\n<\/ol>\n<p>Le contenu de ce site web a \u00e9t\u00e9 \u00e9labor\u00e9 avec le plus grand soin. L&rsquo;h\u00f4tel R\u00f6ssle ne garantit toutefois pas l&rsquo;actualit\u00e9, l&rsquo;exactitude, l&rsquo;exhaustivit\u00e9 ou la qualit\u00e9 des informations mises \u00e0 disposition. L&rsquo;utilisation des contenus du site web se fait aux risques et p\u00e9rils de l&rsquo;utilisateur. L&rsquo;H\u00f4tel R\u00f6ssle ne saurait \u00eatre tenu responsable des dommages mat\u00e9riels ou immat\u00e9riels r\u00e9sultant de l&rsquo;utilisation ou de la non-utilisation des informations pr\u00e9sent\u00e9es ou de l&rsquo;utilisation d&rsquo;informations erron\u00e9es ou incompl\u00e8tes, dans la mesure o\u00f9 il n&rsquo;est pas prouv\u00e9 que l&rsquo;H\u00f4tel R\u00f6ssle a commis une faute intentionnelle ou une n\u00e9gligence grave.<\/p>\n<ol start=\"2\">\n<li><strong>Liens externes<\/strong><\/li>\n<\/ol>\n<p>Ce site web contient des liens vers des sites web de tiers (\u00ab\u00a0liens externes\u00a0\u00bb), sur le contenu desquels nous n&rsquo;avons aucune influence. C&rsquo;est pourquoi nous ne pouvons pas non plus nous porter garants de ces contenus \u00e9trangers. Le fournisseur ou l&rsquo;exploitant des pages li\u00e9es est toujours responsable du contenu de ces pages. Les pages li\u00e9es ont \u00e9t\u00e9 v\u00e9rifi\u00e9es au moment de la cr\u00e9ation du lien afin de s&rsquo;assurer qu&rsquo;elles n&rsquo;enfreignaient pas la loi. Aucun contenu ill\u00e9gal n&rsquo;a \u00e9t\u00e9 identifi\u00e9 au moment de la cr\u00e9ation des liens. Un contr\u00f4le permanent du contenu des pages li\u00e9es n&rsquo;est toutefois pas exigible sans indices concrets d&rsquo;une violation de la loi. D\u00e8s que nous aurons connaissance de violations de la loi, nous supprimerons imm\u00e9diatement de tels liens.<\/p>\n<ol start=\"3\">\n<li><strong>Droit d&rsquo;auteur<\/strong><\/li>\n<\/ol>\n<p>Les contenus et \u0153uvres cr\u00e9\u00e9s par les exploitants de ces pages sont soumis au droit d&rsquo;auteur allemand. La reproduction, le traitement, la diffusion et toute forme d&rsquo;exploitation en dehors des limites du droit d&rsquo;auteur requi\u00e8rent l&rsquo;accord \u00e9crit de l&rsquo;auteur ou du cr\u00e9ateur concern\u00e9. Les t\u00e9l\u00e9chargements et les copies de cette page ne sont autoris\u00e9s que pour un usage priv\u00e9 et non commercial. Dans la mesure o\u00f9 les contenus de ce site n&rsquo;ont pas \u00e9t\u00e9 cr\u00e9\u00e9s par l&rsquo;exploitant, les droits d&rsquo;auteur de tiers sont respect\u00e9s. En particulier, les contenus de tiers sont identifi\u00e9s comme tels. Si vous deviez n\u00e9anmoins constater une violation des droits d&rsquo;auteur, nous vous prions de nous en informer. D\u00e8s que nous aurons connaissance d&rsquo;une violation de la loi, nous supprimerons imm\u00e9diatement de tels contenus.<\/p>\n<ol start=\"4\">\n<li><strong>Protection des donn\u00e9es<\/strong><\/li>\n<\/ol>\n<p>Nos conditions de protection des donn\u00e9es sont expliqu\u00e9es s\u00e9par\u00e9ment sur la page suivante : <span style=\"text-decoration: underline; color: #b99d75;\"><a style=\"color: #b99d75; text-decoration: underline;\" href=\"https:\/\/roessle-dobel.de\/fr\/declaration-de-confidentialite\/\" target=\"_blank\" rel=\"noopener\">https:\/\/roessle-dobel.de\/fr\/declaration-de-confidentialite\/<\/a><\/span>.<\/p>\n<ol start=\"5\">\n<li><strong>R\u00e8glement des litiges<\/strong><\/li>\n<\/ol>\n<p>La Commission europ\u00e9enne met \u00e0 disposition une plateforme de r\u00e8glement extrajudiciaire des litiges en ligne (plateforme RLL), accessible \u00e0 l&rsquo;adresse suivante <span style=\"text-decoration: underline; color: #b99d75;\"><a style=\"color: #b99d75; text-decoration: underline;\" href=\"http:\/\/www.ec.europa.eu\/consumers\/odr\" target=\"_blank\" rel=\"noopener\">www.ec.europa.eu\/consumers\/odr<\/a><\/span> qui peut \u00eatre consult\u00e9e. Nous ne sommes ni oblig\u00e9s ni dispos\u00e9s \u00e0 participer \u00e0 une proc\u00e9dure de r\u00e8glement des litiges devant un organisme de conciliation des consommateurs.<\/p>\n<p>Vous trouverez notre adresse e-mail dans nos <span style=\"color: #000000;\">mentions l\u00e9gales<\/span> ou via le lien <span style=\"text-decoration: underline; color: #b99d75;\"><a style=\"color: #b99d75; text-decoration: underline;\" href=\"https:\/\/roessle-dobel.de\/fr\/contacts\/\" target=\"_blank\" rel=\"noopener\">Contact<\/a><\/span>. <\/p>\n<ol start=\"6\">\n<li><strong>Informations juridiques pour les avocats<\/strong><\/li>\n<\/ol>\n<p>En cas de probl\u00e8mes de droit de la concurrence ou de probl\u00e8mes similaires, nous vous prions, afin d&rsquo;\u00e9viter des litiges et des frais inutiles, de nous contacter \u00e0 l&rsquo;avance. Les frais d&rsquo;une mise en demeure par un avocat sans prise de contact pr\u00e9alable avec le propri\u00e9taire du fonds de commerce ou son repr\u00e9sentant l\u00e9gal sont rejet\u00e9s comme non fond\u00e9s, conform\u00e9ment \u00e0 l&rsquo;obligation de r\u00e9duire les dommages. Nous poursuivrons les avertissements abusifs en justice, tant au niveau p\u00e9nal que civil.<\/p>\n\t            <\/div>        <\/div>\t\t<\/div>\n\t\t\t\t<\/div>\n\t\t\t\t\t<\/div>\n\t\t<\/div>\n\t\t\t\t\t<\/div>\n\t\t<\/section>\n\t\t\t\t<section class=\"elementor-section elementor-top-section elementor-element elementor-element-e811dc0 elementor-section-content-middle elementor-reverse-tablet elementor-reverse-mobile elementor-section-boxed elementor-section-height-default elementor-section-height-default\" data-id=\"e811dc0\" data-element_type=\"section\">\n\t\t\t\t\t\t<div class=\"elementor-container elementor-column-gap-no\">\n\t\t\t\t\t<div class=\"elementor-column elementor-col-100 elementor-top-column elementor-element elementor-element-b0f026a\" data-id=\"b0f026a\" data-element_type=\"column\">\n\t\t\t<div class=\"elementor-widget-wrap elementor-element-populated\">\n\t\t\t\t\t\t<div class=\"elementor-element elementor-element-2bbab7f elementor-widget elementor-widget-cs_title\" data-id=\"2bbab7f\" data-element_type=\"widget\" data-widget_type=\"cs_title.default\">\n\t\t\t\t<div class=\"elementor-widget-container\">\n\t\t\t\n        <div class=\"cs-title-wrap\">\t            <div class=\"cs-title-text\">\n\t                <p><strong>R\u00e9alisation<\/strong><\/p>\n<p>Syst\u00e8me de gestion de contenu : WordPress CMS<\/p>\n<p>Design Web et graphiques : Loft.Ocean &#8211; <span style=\"text-decoration: underline; color: #b99d75;\"><a style=\"color: #b99d75;\" href=\"https:\/\/www.loftocean.com\" target=\"_blank\" rel=\"noopener\">https:\/\/www.loftocean.com<\/a><\/span><\/p>\n<p>Sources de l&rsquo;image : Marina Babrovskaya, Loft.Ocean<\/p>\n<p>Contenu et textes : Marina Babrovskaya, municipalit\u00e9 de Dobel, Schwarzwald Tourismus GmbH<\/p>\n\t            <\/div>        <\/div>\t\t<\/div>\n\t\t\t\t<\/div>\n\t\t\t\t\t<\/div>\n\t\t<\/div>\n\t\t\t\t\t<\/div>\n\t\t<\/section>\n\t\t\t\t<\/div>\n\t\t","protected":false},"excerpt":{"rendered":"<p>Mentions l\u00e9gales Mentions l\u00e9gales H\u00f4tel R\u00f6ssle Johann-Peter-Hebel-Stra\u00dfe 775335 DobelAllemagne T\u00e9l\u00e9phone : +49 7083 935 99 59T\u00e9l\u00e9copieur : +49 7083 935 99 60E-Mail : roessledobel@gmail.com Internet : https:\/\/roessle-dobel.de\/ Propri\u00e9taire de l&rsquo;entreprise : Marina Babrovskaya (entrepreneur individuel)Num\u00e9ro d&rsquo;identification TVA : DE 305900430 Responsable du contenu selon l&rsquo;article 55, paragraphe 2 du RStV : Marina Babrovskaya (adresse ci-dessus) &#8230;<\/p>\n","protected":false},"author":1,"featured_media":0,"parent":0,"menu_order":0,"comment_status":"closed","ping_status":"closed","template":"template-wide-content.php","meta":{"cozystay_single_page_hide_site_header":"","cozystay_single_page_site_header_source":"","cozystay_single_page_custom_site_header":"0","cozystay_single_page_custom_sticky_site_header":"0","cozystay_single_page_hide_page_title":"on","cozystay_single_page_header_section_size":"","cozystay_single_page_header_background_color":"","cozystay_single_page_header_background_position_x":"center","cozystay_single_page_header_background_position_y":"center","cozystay_single_page_header_background_size":"cover","cozystay_single_page_header_background_repeat":"off","cozystay_single_page_header_background_scroll":"on","cozystay_single_page_header_text_color":"","cozystay_single_page_header_show_breadcrumb":"","cozystay_single_page_site_footer_hide_main":"","cozystay_single_custom_site_footer_main_source":"","cozystay_single_custom_site_footer_main":"0","cozystay_single_page_site_footer_hide_above":"","cozystay_single_custom_site_footer_above_source":"","cozystay_single_custom_site_footer_above":"0","cozystay_single_page_site_footer_hide_instagram":"","cozystay_single_page_site_footer_hide_bottom":"","cozystay_single_custom_mobile_menu_source":"","cozystay_single_custom_mobile_menu":"0","cozystay_single_custom_mobile_menu_animation":"","cozystay_single_custom_mobile_menu_width":"","cozystay_single_custom_mobile_menu_custom_width":375,"footnotes":""},"class_list":["post-8260","page","type-page","status-publish","hentry"],"yoast_head":"<!-- This site is optimized with the Yoast SEO plugin v23.5 - https:\/\/yoast.com\/wordpress\/plugins\/seo\/ -->\n<title>Mentions l\u00e9gales - Hotel R\u00f6ssle in Dobel \u2014 Schwarzwald<\/title>\n<meta name=\"robots\" content=\"index, follow, max-snippet:-1, max-image-preview:large, max-video-preview:-1\" \/>\n<link rel=\"canonical\" href=\"https:\/\/roessle-dobel.de\/fr\/mentions-legales\/\" \/>\n<meta property=\"og:locale\" content=\"fr_FR\" \/>\n<meta property=\"og:type\" content=\"article\" \/>\n<meta property=\"og:title\" content=\"Mentions l\u00e9gales - Hotel R\u00f6ssle in Dobel \u2014 Schwarzwald\" \/>\n<meta property=\"og:description\" content=\"Mentions l\u00e9gales Mentions l\u00e9gales H\u00f4tel R\u00f6ssle Johann-Peter-Hebel-Stra\u00dfe 775335 DobelAllemagne T\u00e9l\u00e9phone : +49 7083 935 99 59T\u00e9l\u00e9copieur : +49 7083 935 99 60E-Mail : roessledobel@gmail.com Internet : https:\/\/roessle-dobel.de\/ Propri\u00e9taire de l&rsquo;entreprise : Marina Babrovskaya (entrepreneur individuel)Num\u00e9ro d&rsquo;identification TVA : DE 305900430 Responsable du contenu selon l&rsquo;article 55, paragraphe 2 du RStV : Marina Babrovskaya (adresse ci-dessus) ...\" \/>\n<meta property=\"og:url\" content=\"https:\/\/roessle-dobel.de\/fr\/mentions-legales\/\" \/>\n<meta property=\"og:site_name\" content=\"Hotel R\u00f6ssle in Dobel \u2014 Schwarzwald\" \/>\n<meta property=\"article:modified_time\" content=\"2024-02-06T10:55:16+00:00\" \/>\n<meta name=\"twitter:card\" content=\"summary_large_image\" \/>\n<meta name=\"twitter:label1\" content=\"Dur\u00e9e de lecture estim\u00e9e\" \/>\n\t<meta name=\"twitter:data1\" content=\"4 minutes\" \/>\n<script type=\"application\/ld+json\" class=\"yoast-schema-graph\">{\"@context\":\"https:\/\/schema.org\",\"@graph\":[{\"@type\":\"WebPage\",\"@id\":\"https:\/\/roessle-dobel.de\/fr\/mentions-legales\/\",\"url\":\"https:\/\/roessle-dobel.de\/fr\/mentions-legales\/\",\"name\":\"Mentions l\u00e9gales - Hotel R\u00f6ssle in Dobel \u2014 Schwarzwald\",\"isPartOf\":{\"@id\":\"https:\/\/roessle-dobel.de\/fr\/#website\"},\"datePublished\":\"2023-12-04T10:52:12+00:00\",\"dateModified\":\"2024-02-06T10:55:16+00:00\",\"breadcrumb\":{\"@id\":\"https:\/\/roessle-dobel.de\/fr\/mentions-legales\/#breadcrumb\"},\"inLanguage\":\"fr-FR\",\"potentialAction\":[{\"@type\":\"ReadAction\",\"target\":[\"https:\/\/roessle-dobel.de\/fr\/mentions-legales\/\"]}]},{\"@type\":\"BreadcrumbList\",\"@id\":\"https:\/\/roessle-dobel.de\/fr\/mentions-legales\/#breadcrumb\",\"itemListElement\":[{\"@type\":\"ListItem\",\"position\":1,\"name\":\"Home\",\"item\":\"https:\/\/roessle-dobel.de\/fr\/page-daccueil\/\"},{\"@type\":\"ListItem\",\"position\":2,\"name\":\"Mentions l\u00e9gales\"}]},{\"@type\":\"WebSite\",\"@id\":\"https:\/\/roessle-dobel.de\/fr\/#website\",\"url\":\"https:\/\/roessle-dobel.de\/fr\/\",\"name\":\"Hotel R\u00f6ssle in Dobel \u2014 Schwarzwald\",\"description\":\"Das Hotel R\u00f6ssle befindet sich in einer ruhigen Lage in der Gemeinde Dobel, im landschaftlich wundersch\u00f6nen Nordschwarzwald, unweit von Baden-Baden. Wir bieten unseren G\u00e4sten komfortable Zimmer, kostenlose Parkpl\u00e4tze und WLAN, Spielzimmer und Vieles mehr.\",\"potentialAction\":[{\"@type\":\"SearchAction\",\"target\":{\"@type\":\"EntryPoint\",\"urlTemplate\":\"https:\/\/roessle-dobel.de\/fr\/?s={search_term_string}\"},\"query-input\":{\"@type\":\"PropertyValueSpecification\",\"valueRequired\":true,\"valueName\":\"search_term_string\"}}],\"inLanguage\":\"fr-FR\"}]}<\/script>\n<!-- \/ Yoast SEO plugin. -->","yoast_head_json":{"title":"Mentions l\u00e9gales - Hotel R\u00f6ssle in Dobel \u2014 Schwarzwald","robots":{"index":"index","follow":"follow","max-snippet":"max-snippet:-1","max-image-preview":"max-image-preview:large","max-video-preview":"max-video-preview:-1"},"canonical":"https:\/\/roessle-dobel.de\/fr\/mentions-legales\/","og_locale":"fr_FR","og_type":"article","og_title":"Mentions l\u00e9gales - Hotel R\u00f6ssle in Dobel \u2014 Schwarzwald","og_description":"Mentions l\u00e9gales Mentions l\u00e9gales H\u00f4tel R\u00f6ssle Johann-Peter-Hebel-Stra\u00dfe 775335 DobelAllemagne T\u00e9l\u00e9phone : +49 7083 935 99 59T\u00e9l\u00e9copieur : +49 7083 935 99 60E-Mail : roessledobel@gmail.com Internet : https:\/\/roessle-dobel.de\/ Propri\u00e9taire de l&rsquo;entreprise : Marina Babrovskaya (entrepreneur individuel)Num\u00e9ro d&rsquo;identification TVA : DE 305900430 Responsable du contenu selon l&rsquo;article 55, paragraphe 2 du RStV : Marina Babrovskaya (adresse ci-dessus) ...","og_url":"https:\/\/roessle-dobel.de\/fr\/mentions-legales\/","og_site_name":"Hotel R\u00f6ssle in Dobel \u2014 Schwarzwald","article_modified_time":"2024-02-06T10:55:16+00:00","twitter_card":"summary_large_image","twitter_misc":{"Dur\u00e9e de lecture estim\u00e9e":"4 minutes"},"schema":{"@context":"https:\/\/schema.org","@graph":[{"@type":"WebPage","@id":"https:\/\/roessle-dobel.de\/fr\/mentions-legales\/","url":"https:\/\/roessle-dobel.de\/fr\/mentions-legales\/","name":"Mentions l\u00e9gales - Hotel R\u00f6ssle in Dobel \u2014 Schwarzwald","isPartOf":{"@id":"https:\/\/roessle-dobel.de\/fr\/#website"},"datePublished":"2023-12-04T10:52:12+00:00","dateModified":"2024-02-06T10:55:16+00:00","breadcrumb":{"@id":"https:\/\/roessle-dobel.de\/fr\/mentions-legales\/#breadcrumb"},"inLanguage":"fr-FR","potentialAction":[{"@type":"ReadAction","target":["https:\/\/roessle-dobel.de\/fr\/mentions-legales\/"]}]},{"@type":"BreadcrumbList","@id":"https:\/\/roessle-dobel.de\/fr\/mentions-legales\/#breadcrumb","itemListElement":[{"@type":"ListItem","position":1,"name":"Home","item":"https:\/\/roessle-dobel.de\/fr\/page-daccueil\/"},{"@type":"ListItem","position":2,"name":"Mentions l\u00e9gales"}]},{"@type":"WebSite","@id":"https:\/\/roessle-dobel.de\/fr\/#website","url":"https:\/\/roessle-dobel.de\/fr\/","name":"Hotel R\u00f6ssle in Dobel \u2014 Schwarzwald","description":"Das Hotel R\u00f6ssle befindet sich in einer ruhigen Lage in der Gemeinde Dobel, im landschaftlich wundersch\u00f6nen Nordschwarzwald, unweit von Baden-Baden. Wir bieten unseren G\u00e4sten komfortable Zimmer, kostenlose Parkpl\u00e4tze und WLAN, Spielzimmer und Vieles mehr.","potentialAction":[{"@type":"SearchAction","target":{"@type":"EntryPoint","urlTemplate":"https:\/\/roessle-dobel.de\/fr\/?s={search_term_string}"},"query-input":{"@type":"PropertyValueSpecification","valueRequired":true,"valueName":"search_term_string"}}],"inLanguage":"fr-FR"}]}},"_links":{"self":[{"href":"https:\/\/roessle-dobel.de\/fr\/wp-json\/wp\/v2\/pages\/8260","targetHints":{"allow":["GET"]}}],"collection":[{"href":"https:\/\/roessle-dobel.de\/fr\/wp-json\/wp\/v2\/pages"}],"about":[{"href":"https:\/\/roessle-dobel.de\/fr\/wp-json\/wp\/v2\/types\/page"}],"author":[{"embeddable":true,"href":"https:\/\/roessle-dobel.de\/fr\/wp-json\/wp\/v2\/users\/1"}],"replies":[{"embeddable":true,"href":"https:\/\/roessle-dobel.de\/fr\/wp-json\/wp\/v2\/comments?post=8260"}],"version-history":[{"count":3,"href":"https:\/\/roessle-dobel.de\/fr\/wp-json\/wp\/v2\/pages\/8260\/revisions"}],"predecessor-version":[{"id":10628,"href":"https:\/\/roessle-dobel.de\/fr\/wp-json\/wp\/v2\/pages\/8260\/revisions\/10628"}],"wp:attachment":[{"href":"https:\/\/roessle-dobel.de\/fr\/wp-json\/wp\/v2\/media?parent=8260"}],"curies":[{"name":"wp","href":"https:\/\/api.w.org\/{rel}","templated":true}]}}