{"id":8262,"date":"2023-11-13T16:02:25","date_gmt":"2023-11-13T15:02:25","guid":{"rendered":"https:\/\/roessle-dobel.de\/services\/"},"modified":"2024-02-09T16:11:35","modified_gmt":"2024-02-09T15:11:35","slug":"services","status":"publish","type":"page","link":"https:\/\/roessle-dobel.de\/fr\/services\/","title":{"rendered":"Services"},"content":{"rendered":"\t\t<div data-elementor-type=\"wp-page\" data-elementor-id=\"8262\" class=\"elementor elementor-8262 elementor-3449\">\n\t\t\t\t\t\t<section class=\"elementor-section elementor-top-section elementor-element elementor-element-09b8c18 elementor-section-height-min-height cs-section-content-fullwidth cs_scroll_y_100 cs-parallax-on-scroll elementor-section-boxed elementor-section-height-default elementor-section-items-middle\" data-id=\"09b8c18\" data-element_type=\"section\" data-settings=\"{&quot;background_background&quot;:&quot;classic&quot;}\" data-cs-parallax-y=\"100\" style=\"background-image: none;\" data-cs-background-image=\"https:\/\/roessle-dobel.de\/wp-content\/uploads\/2023\/10\/20220916_155252-1.jpg\">\n\t\t\t\t\t\t\t<div class=\"elementor-background-overlay\"><\/div>\n\t\t\t\t\t\t\t<div class=\"elementor-container elementor-column-gap-no\">\n\t\t\t\t\t<div class=\"elementor-column elementor-col-100 elementor-top-column elementor-element elementor-element-06b65e3 dark-color\" data-id=\"06b65e3\" data-element_type=\"column\">\n\t\t\t<div class=\"elementor-widget-wrap elementor-element-populated\">\n\t\t\t\t\t\t<div class=\"elementor-element elementor-element-8d4d550 elementor-widget elementor-widget-cs_title\" data-id=\"8d4d550\" data-element_type=\"widget\" data-widget_type=\"cs_title.default\">\n\t\t\t\t<div class=\"elementor-widget-container\">\n\t\t\t\n        <div class=\"cs-title-wrap text-center\">\t            <div class=\"cs-subtitle-wrap\"><span class=\"cs-subtitle color-white\">Des vacances lumineuses et inoubliables<\/span><\/div>\t            <h1 class=\"cs-title\">\n\t                Services h\u00f4teliers\t            <\/h1>\t            <div class=\"cs-title-text\">\n\t                <p>Nous nous effor\u00e7ons d&rsquo;offrir \u00e0 nos h\u00f4tes un confort maximal et un service personnalis\u00e9.<\/p>\n\t            <\/div>        <\/div>\t\t<\/div>\n\t\t\t\t<\/div>\n\t\t\t\t\t<\/div>\n\t\t<\/div>\n\t\t\t\t\t<\/div>\n\t\t<\/section>\n\t\t\t\t<section class=\"elementor-section elementor-top-section elementor-element elementor-element-604b846 elementor-section-boxed elementor-section-height-default elementor-section-height-default\" data-id=\"604b846\" data-element_type=\"section\">\n\t\t\t\t\t\t<div class=\"elementor-container elementor-column-gap-no\">\n\t\t\t\t\t<div class=\"elementor-column elementor-col-100 elementor-top-column elementor-element elementor-element-a1837a0\" data-id=\"a1837a0\" data-element_type=\"column\">\n\t\t\t<div class=\"elementor-widget-wrap elementor-element-populated\">\n\t\t\t\t\t\t<div class=\"elementor-element elementor-element-c0dbc40 elementor-widget elementor-widget-cs_title\" data-id=\"c0dbc40\" data-element_type=\"widget\" data-widget_type=\"cs_title.default\">\n\t\t\t\t<div class=\"elementor-widget-container\">\n\t\t\t\n        <div class=\"cs-title-wrap text-center\">\t            <div class=\"cs-subtitle-wrap\"><span class=\"cs-subtitle\">COMMODIT\u00c9S ET SERVICES<\/span><\/div>\t            <h5 class=\"cs-title\">\n\t                D\u00e9couvrez nos services\t            <\/h5>\t            <div class=\"cs-title-text\">\n\t                <p>L&rsquo;H\u00f4tel R\u00f6ssle offre diff\u00e9rents services pour votre confort pendant votre s\u00e9jour. L&rsquo;h\u00f4tel offre des services populaires tels que Wi-Fi gratuit, parking, salle de jeux, etc. Nous am\u00e9liorons constamment le service, faisant tout pour que nos clients se sentent aussi \u00e0 l&rsquo;aise que possible. D\u00e9tendez-vous avec plaisir et profitez de chaque moment.<\/p>\n\t            <\/div>        <\/div>\t\t<\/div>\n\t\t\t\t<\/div>\n\t\t\t\t<div class=\"elementor-element elementor-element-6c50d5c elementor-widget elementor-widget-cs_info_box\" data-id=\"6c50d5c\" data-element_type=\"widget\" data-widget_type=\"cs_info_box.default\">\n\t\t\t\t<div class=\"elementor-widget-container\">\n\t\t\t\n\t\t\t<div class=\"cs-info-box column-3 valign-top img-left\">\n                <div class=\"cs-info-box-wrap\">                    <div class=\"cs-info-box-item elementor-repeater-item-417b2ae\">\n                    \t<div class=\"cs-item-container\">\t                        <div class=\"cs-info-box-img\"><i aria-hidden=\"true\" class=\"flaticon flaticon-breakfast-5\"><\/i>\t                        <\/div>\t                        <div class=\"cs-info-box-content\">\n\t                            <h6 class=\"cs-title cs-info-box-title\">Petit d\u00e9jeuner buffet\t\t\t\t\t\t\t\t<\/h6>\t                            \t<div class=\"cs-info-box-text\"><p>Un petit-d\u00e9jeuner d\u00e9licieux et sain vous attend chaque matin. Le petit d\u00e9jeuner est <b><i>inclus dans le tarif de la chambre<\/b><\/i>.  <\/p><\/div>\t\t                            <div class=\"cs-info-box-btn\">\n\t\t                                <a href=\"https:\/\/roessle-dobel.de\/fr\/petit-dejeuner\/\" class=\"button cs-btn-underline\">\n\t\t                                    <span class=\"cs-btn-text\">Lire la suite<\/span>\t\t                                <\/a>\n\t\t                            <\/div>\t                        <\/div>\t                    <\/div>\n                    <\/div>                    <div class=\"cs-info-box-item elementor-repeater-item-32cf39b\">\n                    \t<div class=\"cs-item-container\">\t                        <div class=\"cs-info-box-img\"><i aria-hidden=\"true\" class=\"flaticon flaticon-wifi-2\"><\/i>\t                        <\/div>\t                        <div class=\"cs-info-box-content\">\n\t                            <h6 class=\"cs-title cs-info-box-title\">Wifi\t\t\t\t\t\t\t\t<\/h6>\t                            \t<div class=\"cs-info-box-text\"><p><b><i>Une connexion Wi-Fi gratuite<\/b><\/i> est disponible dans chaque chambre et dans les espaces publics de l'h\u00f4tel.<\/p><\/div>\t                        <\/div>\t                    <\/div>\n                    <\/div>                    <div class=\"cs-info-box-item elementor-repeater-item-85225fd\">\n                    \t<div class=\"cs-item-container\">\t                        <div class=\"cs-info-box-img\"><i aria-hidden=\"true\" class=\"flaticon flaticon-parking-1\"><\/i>\t                        <\/div>\t                        <div class=\"cs-info-box-content\">\n\t                            <h6 class=\"cs-title cs-info-box-title\">Parking\t\t\t\t\t\t\t\t<\/h6>\t                            \t<div class=\"cs-info-box-text\"><p><b><i>Un parking priv\u00e9 gratuit<\/b><\/i> est disponible \u00e0 proximit\u00e9 de l'h\u00f4tel pour les clients. La r\u00e9servation n'est pas requise.\n<\/p><\/div>\t                        <\/div>\t                    <\/div>\n                    <\/div>                    <div class=\"cs-info-box-item elementor-repeater-item-0c32f7d\">\n                    \t<div class=\"cs-item-container\">\t                        <div class=\"cs-info-box-img\"><i aria-hidden=\"true\" class=\"flaticon flaticon-sunny\"><\/i>\t                        <\/div>\t                        <div class=\"cs-info-box-content\">\n\t                            <h6 class=\"cs-title cs-info-box-title\">Terrasse ensoleill\u00e9e\t\t\t\t\t\t\t\t<\/h6>\t                            \t<div class=\"cs-info-box-text\"><p>Passez un merveilleux moment ici avec votre famille ou vos amis dans l'air frais.\n<\/p><\/div>\t\t                            <div class=\"cs-info-box-btn\">\n\t\t                                <a href=\"https:\/\/roessle-dobel.de\/fr\/terrasse-ensoleillee\/\" class=\"button cs-btn-underline\">\n\t\t                                    <span class=\"cs-btn-text\">Lire la suite<\/span>\t\t                                <\/a>\n\t\t                            <\/div>\t                        <\/div>\t                    <\/div>\n                    <\/div>                    <div class=\"cs-info-box-item elementor-repeater-item-f4216c3\">\n                    \t<div class=\"cs-item-container\">\t                        <div class=\"cs-info-box-img\"><i aria-hidden=\"true\" class=\"flaticon flaticon-sofa\"><\/i>\t                        <\/div>\t                        <div class=\"cs-info-box-content\">\n\t                            <h6 class=\"cs-title cs-info-box-title\">Salle de loisirs\t\t\t\t\t\t\t\t<\/h6>\t                            \t<div class=\"cs-info-box-text\"><p>Un espace confortable con\u00e7u pour le repos, la d\u00e9tente et un passe-temps confortable. <\/p><\/div>\t\t                            <div class=\"cs-info-box-btn\">\n\t\t                                <a href=\"https:\/\/roessle-dobel.de\/fr\/salle-de-loisirs\/\" class=\"button cs-btn-underline\">\n\t\t                                    <span class=\"cs-btn-text\">Lire la suite<\/span>\t\t                                <\/a>\n\t\t                            <\/div>\t                        <\/div>\t                    <\/div>\n                    <\/div>                    <div class=\"cs-info-box-item elementor-repeater-item-e0dd676\">\n                    \t<div class=\"cs-item-container\">\t                        <div class=\"cs-info-box-img\"><i aria-hidden=\"true\" class=\"flaticon flaticon-win\"><\/i>\t                        <\/div>\t                        <div class=\"cs-info-box-content\">\n\t                            <h6 class=\"cs-title cs-info-box-title\">Salles de jeux\t\t\t\t\t\t\t\t<\/h6>\t                            \t<div class=\"cs-info-box-text\"><p>Les salles de jeux ont air hockey table, soccer de table, tennis de table et plus encore.\nL'acc\u00e8s est <i><b>gratuit<\/b><\/i>. \n<\/p><\/div>\t\t                            <div class=\"cs-info-box-btn\">\n\t\t                                <a href=\"https:\/\/roessle-dobel.de\/fr\/salle-de-jeux\/\" class=\"button cs-btn-underline\">\n\t\t                                    <span class=\"cs-btn-text\">Lire la suite<\/span>\t\t                                <\/a>\n\t\t                            <\/div>\t                        <\/div>\t                    <\/div>\n                    <\/div>                    <div class=\"cs-info-box-item elementor-repeater-item-0cc6ea5\">\n                    \t<div class=\"cs-item-container\">\t                        <div class=\"cs-info-box-img\"><i aria-hidden=\"true\" class=\"flaticon flaticon-spa\"><\/i>\t                        <\/div>\t                        <div class=\"cs-info-box-content\">\n\t                            <h6 class=\"cs-title cs-info-box-title\">Sauna\t\t\t\t\t\t\t\t<\/h6>\t                            \t<div class=\"cs-info-box-text\"><p>Le sauna est disponible uniquement sur rendez-vous et moyennant des frais suppl\u00e9mentaires.  <\/p><\/div>\t\t                            <div class=\"cs-info-box-btn\">\n\t\t                                <a href=\"https:\/\/roessle-dobel.de\/fr\/sauna\/\" class=\"button cs-btn-underline\">\n\t\t                                    <span class=\"cs-btn-text\">Lire la suite<\/span>\t\t                                <\/a>\n\t\t                            <\/div>\t                        <\/div>\t                    <\/div>\n                    <\/div>                    <div class=\"cs-info-box-item elementor-repeater-item-7f8f68f\">\n                    \t<div class=\"cs-item-container\">\t                        <div class=\"cs-info-box-img\"><i aria-hidden=\"true\" class=\"flaticon flaticon-traveling\"><\/i>\t                        <\/div>\t                        <div class=\"cs-info-box-content\">\n\t                            <h6 class=\"cs-title cs-info-box-title\">Ascenseur dans le b\u00e2timent principal\t\t\t\t\t\t\t\t<\/h6>\t                            \t<div class=\"cs-info-box-text\"><p>Le b\u00e2timent principal de l'h\u00f4tel dispose d'un ascenseur pour acc\u00e9der aux chambres situ\u00e9es aux \u00e9tages sup\u00e9rieurs.<\/p><\/div>\t                        <\/div>\t                    <\/div>\n                    <\/div>                    <div class=\"cs-info-box-item elementor-repeater-item-7ec700a\">\n                    \t<div class=\"cs-item-container\">\t                        <div class=\"cs-info-box-img\"><i aria-hidden=\"true\" class=\"flaticon flaticon-baby-crib\"><\/i>\t                        <\/div>\t                        <div class=\"cs-info-box-content\">\n\t                            <h6 class=\"cs-title cs-info-box-title\">Lits b\u00e9b\u00e9s et lits d'appoint\t\t\t\t\t\t\t\t<\/h6>\t                            \t<div class=\"cs-info-box-text\"><p>Certaines chambres peuvent accueillir un lit b\u00e9b\u00e9 ou un lit d'appoint. Le service est disponible sur demande.\n<\/p><\/div>\t\t                            <div class=\"cs-info-box-btn\">\n\t\t                                <a href=\"https:\/\/roessle-dobel.de\/fr\/lits-denfant-et-lits-dappoint\/\" class=\"button cs-btn-underline\">\n\t\t                                    <span class=\"cs-btn-text\">Lire la suite<\/span>\t\t                                <\/a>\n\t\t                            <\/div>\t                        <\/div>\t                    <\/div>\n                    <\/div>                    <div class=\"cs-info-box-item elementor-repeater-item-9e2c733\">\n                    \t<div class=\"cs-item-container\">\t                        <div class=\"cs-info-box-img\"><i aria-hidden=\"true\" class=\"flaticon flaticon-coffee-cup\"><\/i>\t                        <\/div>\t                        <div class=\"cs-info-box-content\">\n\t                            <h6 class=\"cs-title cs-info-box-title\">Boissons\t\t\t\t\t\t\t\t<\/h6>\t                            \t<div class=\"cs-info-box-text\"><p>Dans la chambre, vous trouverez de l'eau min\u00e9rale, du th\u00e9 et du caf\u00e9. D'autres boissons peuvent \u00eatre achet\u00e9es \u00e0 l'h\u00f4tel moyennant un suppl\u00e9ment.\n\n<\/p><\/div>\t                        <\/div>\t                    <\/div>\n                    <\/div>                    <div class=\"cs-info-box-item elementor-repeater-item-322506f\">\n                    \t<div class=\"cs-item-container\">\t                        <div class=\"cs-info-box-img\"><i aria-hidden=\"true\" class=\"flaticon flaticon-veterinary\"><\/i>\t                        <\/div>\t                        <div class=\"cs-info-box-content\">\n\t                            <h6 class=\"cs-title cs-info-box-title\">Animaux de compagnie\t\t\t\t\t\t\t\t<\/h6>\t                            \t<div class=\"cs-info-box-text\"><p>Les animaux domestiques sont autoris\u00e9s sur demande. Des frais suppl\u00e9mentaires peuvent s'appliquer. Veuillez nous contacter par t\u00e9l\u00e9phone ou par e-mail.\n\n<\/p><\/div>\t                        <\/div>\t                    <\/div>\n                    <\/div>                    <div class=\"cs-info-box-item elementor-repeater-item-1cf514d\">\n                    \t<div class=\"cs-item-container\">\t                        <div class=\"cs-info-box-img\"><i aria-hidden=\"true\" class=\"flaticon flaticon-travel-bag-1\"><\/i>\t                        <\/div>\t                        <div class=\"cs-info-box-content\">\n\t                            <h6 class=\"cs-title cs-info-box-title\">Transport de bagages\t\t\t\t\t\t\t\t<\/h6>\t                            \t<div class=\"cs-info-box-text\"><p>Le service pour les touristes randonneurs est disponible sur demande et moyennant des frais suppl\u00e9mentaires.\nPour plus d\u2019informations, veuillez nous contacter par t\u00e9l\u00e9phone ou par e-mail.\n\n\n<\/p><\/div>\t                        <\/div>\t                    <\/div>\n                    <\/div>                    <div class=\"cs-info-box-item elementor-repeater-item-de62f42\">\n                    \t<div class=\"cs-item-container\">\t                        <div class=\"cs-info-box-img\"><i aria-hidden=\"true\" class=\"flaticon flaticon-car-1\"><\/i>\t                        <\/div>\t                        <div class=\"cs-info-box-content\">\n\t                            <h6 class=\"cs-title cs-info-box-title\">Appel de taxi\t\t\t\t\t\t\t\t<\/h6>\t                            \t<div class=\"cs-info-box-text\"><p>Contactez l'administrateur \u00e0 la r\u00e9ception et il vous appellera un taxi jusqu'\u00e0 l'h\u00f4tel.\n\n\n<\/p><\/div>\t                        <\/div>\t                    <\/div>\n                    <\/div>\t\t\t\t<\/div>\n\t\t\t<\/div>\t\t<\/div>\n\t\t\t\t<\/div>\n\t\t\t\t\t<\/div>\n\t\t<\/div>\n\t\t\t\t\t<\/div>\n\t\t<\/section>\n\t\t\t\t<section class=\"elementor-section elementor-top-section elementor-element elementor-element-6260d74 elementor-section-boxed elementor-section-height-default elementor-section-height-default\" data-id=\"6260d74\" data-element_type=\"section\">\n\t\t\t\t\t\t<div class=\"elementor-container elementor-column-gap-no\">\n\t\t\t\t\t<div class=\"elementor-column elementor-col-100 elementor-top-column elementor-element elementor-element-fe4d010\" data-id=\"fe4d010\" data-element_type=\"column\">\n\t\t\t<div class=\"elementor-widget-wrap elementor-element-populated\">\n\t\t\t\t\t\t<div class=\"elementor-element elementor-element-f206fcd elementor-widget elementor-widget-cs_title\" data-id=\"f206fcd\" data-element_type=\"widget\" data-widget_type=\"cs_title.default\">\n\t\t\t\t<div class=\"elementor-widget-container\">\n\t\t\t\n        <div class=\"cs-title-wrap text-center\">\t            <div class=\"cs-title-text\">\n\t                <p>Si vous avez des questions ou des demandes, n&rsquo;h\u00e9sitez pas \u00e0 nous contacter par t\u00e9l\u00e9phone ou par e-mail.<\/p>\n<p>Nous vous souhaitons un agr\u00e9able s\u00e9jour !<\/p>\n\t            <\/div>        <\/div>\t\t<\/div>\n\t\t\t\t<\/div>\n\t\t\t\t\t<\/div>\n\t\t<\/div>\n\t\t\t\t\t<\/div>\n\t\t<\/section>\n\t\t\t\t<\/div>\n\t\t","protected":false},"excerpt":{"rendered":"<p>Des vacances lumineuses et inoubliables Services h\u00f4teliers Nous nous effor\u00e7ons d&rsquo;offrir \u00e0 nos h\u00f4tes un confort maximal et un service personnalis\u00e9. COMMODIT\u00c9S ET SERVICES D\u00e9couvrez nos services L&rsquo;H\u00f4tel R\u00f6ssle offre diff\u00e9rents services pour votre confort pendant votre s\u00e9jour. L&rsquo;h\u00f4tel offre des services populaires tels que Wi-Fi gratuit, parking, salle de jeux, etc. Nous am\u00e9liorons constamment &#8230;<\/p>\n","protected":false},"author":1,"featured_media":0,"parent":0,"menu_order":0,"comment_status":"closed","ping_status":"closed","template":"template-wide-content.php","meta":{"cozystay_single_page_hide_site_header":"","cozystay_single_page_site_header_source":"","cozystay_single_page_custom_site_header":"0","cozystay_single_page_custom_sticky_site_header":"0","cozystay_single_page_hide_page_title":"on","cozystay_single_page_header_section_size":"","cozystay_single_page_header_background_color":"","cozystay_single_page_header_background_position_x":"center","cozystay_single_page_header_background_position_y":"center","cozystay_single_page_header_background_size":"cover","cozystay_single_page_header_background_repeat":"off","cozystay_single_page_header_background_scroll":"on","cozystay_single_page_header_text_color":"","cozystay_single_page_header_show_breadcrumb":"","cozystay_single_page_site_footer_hide_main":"","cozystay_single_custom_site_footer_main_source":"","cozystay_single_custom_site_footer_main":"0","cozystay_single_page_site_footer_hide_above":"","cozystay_single_custom_site_footer_above_source":"","cozystay_single_custom_site_footer_above":"0","cozystay_single_page_site_footer_hide_instagram":"","cozystay_single_page_site_footer_hide_bottom":"","cozystay_single_custom_mobile_menu_source":"","cozystay_single_custom_mobile_menu":"0","cozystay_single_custom_mobile_menu_animation":"","cozystay_single_custom_mobile_menu_width":"","cozystay_single_custom_mobile_menu_custom_width":375,"footnotes":""},"class_list":["post-8262","page","type-page","status-publish","hentry"],"yoast_head":"<!-- This site is optimized with the Yoast SEO plugin v23.5 - https:\/\/yoast.com\/wordpress\/plugins\/seo\/ -->\n<title>Services - Hotel R\u00f6ssle in Dobel \u2014 Schwarzwald<\/title>\n<meta name=\"robots\" content=\"index, follow, max-snippet:-1, max-image-preview:large, max-video-preview:-1\" \/>\n<link rel=\"canonical\" href=\"https:\/\/roessle-dobel.de\/fr\/services\/\" \/>\n<meta property=\"og:locale\" content=\"fr_FR\" \/>\n<meta property=\"og:type\" content=\"article\" \/>\n<meta property=\"og:title\" content=\"Services - Hotel R\u00f6ssle in Dobel \u2014 Schwarzwald\" \/>\n<meta property=\"og:description\" content=\"Des vacances lumineuses et inoubliables Services h\u00f4teliers Nous nous effor\u00e7ons d&rsquo;offrir \u00e0 nos h\u00f4tes un confort maximal et un service personnalis\u00e9. COMMODIT\u00c9S ET SERVICES D\u00e9couvrez nos services L&rsquo;H\u00f4tel R\u00f6ssle offre diff\u00e9rents services pour votre confort pendant votre s\u00e9jour. L&rsquo;h\u00f4tel offre des services populaires tels que Wi-Fi gratuit, parking, salle de jeux, etc. Nous am\u00e9liorons constamment ...\" \/>\n<meta property=\"og:url\" content=\"https:\/\/roessle-dobel.de\/fr\/services\/\" \/>\n<meta property=\"og:site_name\" content=\"Hotel R\u00f6ssle in Dobel \u2014 Schwarzwald\" \/>\n<meta property=\"article:modified_time\" content=\"2024-02-09T15:11:35+00:00\" \/>\n<meta name=\"twitter:card\" content=\"summary_large_image\" \/>\n<meta name=\"twitter:label1\" content=\"Dur\u00e9e de lecture estim\u00e9e\" \/>\n\t<meta name=\"twitter:data1\" content=\"2 minutes\" \/>\n<script type=\"application\/ld+json\" class=\"yoast-schema-graph\">{\"@context\":\"https:\/\/schema.org\",\"@graph\":[{\"@type\":\"WebPage\",\"@id\":\"https:\/\/roessle-dobel.de\/fr\/services\/\",\"url\":\"https:\/\/roessle-dobel.de\/fr\/services\/\",\"name\":\"Services - Hotel R\u00f6ssle in Dobel \u2014 Schwarzwald\",\"isPartOf\":{\"@id\":\"https:\/\/roessle-dobel.de\/fr\/#website\"},\"datePublished\":\"2023-11-13T15:02:25+00:00\",\"dateModified\":\"2024-02-09T15:11:35+00:00\",\"breadcrumb\":{\"@id\":\"https:\/\/roessle-dobel.de\/fr\/services\/#breadcrumb\"},\"inLanguage\":\"fr-FR\",\"potentialAction\":[{\"@type\":\"ReadAction\",\"target\":[\"https:\/\/roessle-dobel.de\/fr\/services\/\"]}]},{\"@type\":\"BreadcrumbList\",\"@id\":\"https:\/\/roessle-dobel.de\/fr\/services\/#breadcrumb\",\"itemListElement\":[{\"@type\":\"ListItem\",\"position\":1,\"name\":\"Home\",\"item\":\"https:\/\/roessle-dobel.de\/fr\/page-daccueil\/\"},{\"@type\":\"ListItem\",\"position\":2,\"name\":\"Services\"}]},{\"@type\":\"WebSite\",\"@id\":\"https:\/\/roessle-dobel.de\/fr\/#website\",\"url\":\"https:\/\/roessle-dobel.de\/fr\/\",\"name\":\"Hotel R\u00f6ssle in Dobel \u2014 Schwarzwald\",\"description\":\"Das Hotel R\u00f6ssle befindet sich in einer ruhigen Lage in der Gemeinde Dobel, im landschaftlich wundersch\u00f6nen Nordschwarzwald, unweit von Baden-Baden. Wir bieten unseren G\u00e4sten komfortable Zimmer, kostenlose Parkpl\u00e4tze und WLAN, Spielzimmer und Vieles mehr.\",\"potentialAction\":[{\"@type\":\"SearchAction\",\"target\":{\"@type\":\"EntryPoint\",\"urlTemplate\":\"https:\/\/roessle-dobel.de\/fr\/?s={search_term_string}\"},\"query-input\":{\"@type\":\"PropertyValueSpecification\",\"valueRequired\":true,\"valueName\":\"search_term_string\"}}],\"inLanguage\":\"fr-FR\"}]}<\/script>\n<!-- \/ Yoast SEO plugin. -->","yoast_head_json":{"title":"Services - Hotel R\u00f6ssle in Dobel \u2014 Schwarzwald","robots":{"index":"index","follow":"follow","max-snippet":"max-snippet:-1","max-image-preview":"max-image-preview:large","max-video-preview":"max-video-preview:-1"},"canonical":"https:\/\/roessle-dobel.de\/fr\/services\/","og_locale":"fr_FR","og_type":"article","og_title":"Services - Hotel R\u00f6ssle in Dobel \u2014 Schwarzwald","og_description":"Des vacances lumineuses et inoubliables Services h\u00f4teliers Nous nous effor\u00e7ons d&rsquo;offrir \u00e0 nos h\u00f4tes un confort maximal et un service personnalis\u00e9. COMMODIT\u00c9S ET SERVICES D\u00e9couvrez nos services L&rsquo;H\u00f4tel R\u00f6ssle offre diff\u00e9rents services pour votre confort pendant votre s\u00e9jour. L&rsquo;h\u00f4tel offre des services populaires tels que Wi-Fi gratuit, parking, salle de jeux, etc. Nous am\u00e9liorons constamment ...","og_url":"https:\/\/roessle-dobel.de\/fr\/services\/","og_site_name":"Hotel R\u00f6ssle in Dobel \u2014 Schwarzwald","article_modified_time":"2024-02-09T15:11:35+00:00","twitter_card":"summary_large_image","twitter_misc":{"Dur\u00e9e de lecture estim\u00e9e":"2 minutes"},"schema":{"@context":"https:\/\/schema.org","@graph":[{"@type":"WebPage","@id":"https:\/\/roessle-dobel.de\/fr\/services\/","url":"https:\/\/roessle-dobel.de\/fr\/services\/","name":"Services - Hotel R\u00f6ssle in Dobel \u2014 Schwarzwald","isPartOf":{"@id":"https:\/\/roessle-dobel.de\/fr\/#website"},"datePublished":"2023-11-13T15:02:25+00:00","dateModified":"2024-02-09T15:11:35+00:00","breadcrumb":{"@id":"https:\/\/roessle-dobel.de\/fr\/services\/#breadcrumb"},"inLanguage":"fr-FR","potentialAction":[{"@type":"ReadAction","target":["https:\/\/roessle-dobel.de\/fr\/services\/"]}]},{"@type":"BreadcrumbList","@id":"https:\/\/roessle-dobel.de\/fr\/services\/#breadcrumb","itemListElement":[{"@type":"ListItem","position":1,"name":"Home","item":"https:\/\/roessle-dobel.de\/fr\/page-daccueil\/"},{"@type":"ListItem","position":2,"name":"Services"}]},{"@type":"WebSite","@id":"https:\/\/roessle-dobel.de\/fr\/#website","url":"https:\/\/roessle-dobel.de\/fr\/","name":"Hotel R\u00f6ssle in Dobel \u2014 Schwarzwald","description":"Das Hotel R\u00f6ssle befindet sich in einer ruhigen Lage in der Gemeinde Dobel, im landschaftlich wundersch\u00f6nen Nordschwarzwald, unweit von Baden-Baden. Wir bieten unseren G\u00e4sten komfortable Zimmer, kostenlose Parkpl\u00e4tze und WLAN, Spielzimmer und Vieles mehr.","potentialAction":[{"@type":"SearchAction","target":{"@type":"EntryPoint","urlTemplate":"https:\/\/roessle-dobel.de\/fr\/?s={search_term_string}"},"query-input":{"@type":"PropertyValueSpecification","valueRequired":true,"valueName":"search_term_string"}}],"inLanguage":"fr-FR"}]}},"_links":{"self":[{"href":"https:\/\/roessle-dobel.de\/fr\/wp-json\/wp\/v2\/pages\/8262","targetHints":{"allow":["GET"]}}],"collection":[{"href":"https:\/\/roessle-dobel.de\/fr\/wp-json\/wp\/v2\/pages"}],"about":[{"href":"https:\/\/roessle-dobel.de\/fr\/wp-json\/wp\/v2\/types\/page"}],"author":[{"embeddable":true,"href":"https:\/\/roessle-dobel.de\/fr\/wp-json\/wp\/v2\/users\/1"}],"replies":[{"embeddable":true,"href":"https:\/\/roessle-dobel.de\/fr\/wp-json\/wp\/v2\/comments?post=8262"}],"version-history":[{"count":15,"href":"https:\/\/roessle-dobel.de\/fr\/wp-json\/wp\/v2\/pages\/8262\/revisions"}],"predecessor-version":[{"id":10967,"href":"https:\/\/roessle-dobel.de\/fr\/wp-json\/wp\/v2\/pages\/8262\/revisions\/10967"}],"wp:attachment":[{"href":"https:\/\/roessle-dobel.de\/fr\/wp-json\/wp\/v2\/media?parent=8262"}],"curies":[{"name":"wp","href":"https:\/\/api.w.org\/{rel}","templated":true}]}}