{"id":8319,"date":"2023-11-21T10:21:53","date_gmt":"2023-11-21T09:21:53","guid":{"rendered":"https:\/\/roessle-dobel.de\/lits-denfant-et-lits-dappoint\/"},"modified":"2025-12-05T20:02:16","modified_gmt":"2025-12-05T19:02:16","slug":"lits-denfant-et-lits-dappoint","status":"publish","type":"page","link":"https:\/\/roessle-dobel.de\/fr\/lits-denfant-et-lits-dappoint\/","title":{"rendered":"Lits b\u00e9b\u00e9s et lits d&rsquo;appoint"},"content":{"rendered":"\t\t<div data-elementor-type=\"wp-page\" data-elementor-id=\"8319\" class=\"elementor elementor-8319 elementor-4946\">\n\t\t\t\t\t\t<section class=\"elementor-section elementor-top-section elementor-element elementor-element-3f10891 elementor-section-height-min-height cs-section-content-fullwidth cs_scroll_y_100 cs-parallax-on-scroll elementor-section-boxed elementor-section-height-default elementor-section-items-middle\" data-id=\"3f10891\" data-element_type=\"section\" data-settings=\"{&quot;background_background&quot;:&quot;classic&quot;}\" data-cs-parallax-y=\"100\" style=\"background-image: none;\" data-cs-background-image=\"https:\/\/roessle-dobel.de\/wp-content\/uploads\/2023\/10\/20220916_155252-1.jpg\">\n\t\t\t\t\t\t\t<div class=\"elementor-background-overlay\"><\/div>\n\t\t\t\t\t\t\t<div class=\"elementor-container elementor-column-gap-no\">\n\t\t\t\t\t<div class=\"elementor-column elementor-col-100 elementor-top-column elementor-element elementor-element-043372c dark-color\" data-id=\"043372c\" data-element_type=\"column\">\n\t\t\t<div class=\"elementor-widget-wrap elementor-element-populated\">\n\t\t\t\t\t\t<div class=\"elementor-element elementor-element-be2a030 elementor-widget elementor-widget-cs_title\" data-id=\"be2a030\" data-element_type=\"widget\" data-widget_type=\"cs_title.default\">\n\t\t\t\t<div class=\"elementor-widget-container\">\n\t\t\t\n        <div class=\"cs-title-wrap text-center\">\t            <div class=\"cs-subtitle-wrap\"><span class=\"cs-subtitle color-white\">Des vacances pour toute la famille<\/span><\/div>\t            <h1 class=\"cs-title\">\n\t                Lits b\u00e9b\u00e9s et lits d'appoint\t            <\/h1>\t            <div class=\"cs-title-text\">\n\t                <p>Profitez de vacances en famille sans soucis \u00e0 Dobel<\/p>\n\t            <\/div>        <\/div>\t\t<\/div>\n\t\t\t\t<\/div>\n\t\t\t\t\t<\/div>\n\t\t<\/div>\n\t\t\t\t\t<\/div>\n\t\t<\/section>\n\t\t\t\t<section class=\"elementor-section elementor-top-section elementor-element elementor-element-816e13a elementor-section-content-middle elementor-reverse-tablet elementor-reverse-mobile elementor-section-boxed elementor-section-height-default elementor-section-height-default\" data-id=\"816e13a\" data-element_type=\"section\">\n\t\t\t\t\t\t<div class=\"elementor-container elementor-column-gap-no\">\n\t\t\t\t\t<div class=\"elementor-column elementor-col-50 elementor-top-column elementor-element elementor-element-ba0a0da\" data-id=\"ba0a0da\" data-element_type=\"column\">\n\t\t\t<div class=\"elementor-widget-wrap elementor-element-populated\">\n\t\t\t\t\t\t<div class=\"elementor-element elementor-element-3b05760 elementor-widget elementor-widget-cs_title\" data-id=\"3b05760\" data-element_type=\"widget\" data-widget_type=\"cs_title.default\">\n\t\t\t\t<div class=\"elementor-widget-container\">\n\t\t\t\n        <div class=\"cs-title-wrap\">\t            <div class=\"cs-subtitle-wrap\"><span class=\"cs-subtitle\">H\u00e9bergement avec enfants<\/span><\/div>\t            <h3 class=\"cs-title\">\n\t                Passer du temps ensemble\t            <\/h3>\t            <div class=\"cs-title-text\">\n\t                <p>Nous prenons soin de tous les invit\u00e9s, petits et grands. Nous sommes heureux de fournir des lits b\u00e9b\u00e9 ou des lits d&rsquo;appoint dans certaines de nos chambres.<\/p>\n<p><strong>Un lit b\u00e9b\u00e9<\/strong> peut \u00eatre install\u00e9 dans les cat\u00e9gories de chambres suivantes :<\/p>\n\t            <\/div>        <\/div>\t\t<\/div>\n\t\t\t\t<\/div>\n\t\t\t\t<div class=\"elementor-element elementor-element-4bfb119 elementor-widget elementor-widget-cs_list\" data-id=\"4bfb119\" data-element_type=\"widget\" data-widget_type=\"cs_list.default\">\n\t\t\t\t<div class=\"elementor-widget-container\">\n\t\t\t\n            <ul class=\"cs-list cs-list-type-unordered color-primary\">                <li>                        <span class=\"list-icon color-primary\">\n                            <i aria-hidden=\"true\" class=\"fas fa-circle\"><\/i>                        <\/span>                    <span class=\"list-content\">Chambre Double Confort<\/span>                        <a class=\"list-link\" href=\"https:\/\/roessle-dobel.de\/fr\/room\/chambre-double-confort\/\"><\/a>                <\/li>                <li>                        <span class=\"list-icon color-primary\">\n                            <i aria-hidden=\"true\" class=\"fas fa-circle\"><\/i>                        <\/span>                    <span class=\"list-content\">Chambre Triple Confort<\/span>                        <a class=\"list-link\" href=\"https:\/\/roessle-dobel.de\/fr\/room\/confort-chambre-a-trois-lits\/\"><\/a>                <\/li>                <li>                        <span class=\"list-icon color-primary\">\n                            <i aria-hidden=\"true\" class=\"fas fa-circle\"><\/i>                        <\/span>                    <span class=\"list-content\">Appartement avec 2 Chambres<\/span>                        <a class=\"list-link\" href=\"https:\/\/roessle-dobel.de\/fr\/room\/appartement-avec-2-chambres\/\"><\/a>                <\/li>                <li>                        <span class=\"list-icon color-primary\">\n                            <i aria-hidden=\"true\" class=\"fas fa-circle\"><\/i>                        <\/span>                    <span class=\"list-content\">Chambre Quadruple Sup\u00e9rieure<\/span>                        <a class=\"list-link\" href=\"https:\/\/roessle-dobel.de\/fr\/room\/chambre-quadruple-superieure\/\"><\/a>                <\/li>                <li>                        <span class=\"list-icon color-primary\">\n                            <i aria-hidden=\"true\" class=\"fas fa-circle\"><\/i>                        <\/span>                    <span class=\"list-content\">Suite avec 2 Chambres<\/span>                        <a class=\"list-link\" href=\"https:\/\/roessle-dobel.de\/fr\/room\/suite-avec-2-chambres-a-coucher\/\"><\/a>                <\/li>                <li>                        <span class=\"list-icon color-primary\">\n                            <i aria-hidden=\"true\" class=\"fas fa-circle\"><\/i>                        <\/span>                    <span class=\"list-content\">Chambre Familiale Standard<\/span>                        <a class=\"list-link\" href=\"https:\/\/roessle-dobel.de\/fr\/room\/chambre-familiale-standard\/\"><\/a>                <\/li>            <\/ul>\t\t<\/div>\n\t\t\t\t<\/div>\n\t\t\t\t\t<\/div>\n\t\t<\/div>\n\t\t\t\t<div class=\"elementor-column elementor-col-50 elementor-top-column elementor-element elementor-element-1fb0dcd elementor-hidden-tablet elementor-hidden-mobile\" data-id=\"1fb0dcd\" data-element_type=\"column\">\n\t\t\t<div class=\"elementor-widget-wrap elementor-element-populated\">\n\t\t\t\t\t\t<section class=\"elementor-section elementor-inner-section elementor-element elementor-element-cc63cf3 elementor-section-boxed elementor-section-height-default elementor-section-height-default\" data-id=\"cc63cf3\" data-element_type=\"section\">\n\t\t\t\t\t\t<div class=\"elementor-container elementor-column-gap-no\">\n\t\t\t\t\t<div class=\"elementor-column elementor-col-100 elementor-inner-column elementor-element elementor-element-085be5b\" data-id=\"085be5b\" data-element_type=\"column\">\n\t\t\t<div class=\"elementor-widget-wrap elementor-element-populated\">\n\t\t\t\t\t\t<div class=\"elementor-element elementor-element-10aa65a elementor-widget__width-initial elementor-invisible elementor-widget elementor-widget-image\" data-id=\"10aa65a\" data-element_type=\"widget\" data-settings=\"{&quot;_animation&quot;:&quot;rotateIn&quot;,&quot;_animation_tablet&quot;:&quot;fadeInUp&quot;}\" data-widget_type=\"image.default\">\n\t\t\t\t<div class=\"elementor-widget-container\">\n\t\t\t\t\t\t\t\t\t\t\t\t\t<img fetchpriority=\"high\" decoding=\"async\" width=\"600\" height=\"600\" src=\"https:\/\/roessle-dobel.de\/wp-content\/uploads\/2023\/12\/20190717_133105-s1-3.jpg\" class=\"attachment-cozystay_600x600-crop size-cozystay_600x600-crop wp-image-8220\" alt=\"\" srcset=\"https:\/\/roessle-dobel.de\/wp-content\/uploads\/2023\/12\/20190717_133105-s1-3.jpg 600w, https:\/\/roessle-dobel.de\/wp-content\/uploads\/2023\/12\/20190717_133105-s1-3-300x300.jpg 300w, https:\/\/roessle-dobel.de\/wp-content\/uploads\/2023\/12\/20190717_133105-s1-3-150x150.jpg 150w, https:\/\/roessle-dobel.de\/wp-content\/uploads\/2023\/12\/20190717_133105-s1-3-550x550.jpg 550w, https:\/\/roessle-dobel.de\/wp-content\/uploads\/2023\/12\/20190717_133105-s1-3-370x370.jpg 370w, https:\/\/roessle-dobel.de\/wp-content\/uploads\/2023\/12\/20190717_133105-s1-3-255x255.jpg 255w\" sizes=\"(max-width: 600px) 100vw, 600px\" \/>\t\t\t\t\t\t\t\t\t\t\t\t\t<\/div>\n\t\t\t\t<\/div>\n\t\t\t\t\t<\/div>\n\t\t<\/div>\n\t\t\t\t\t<\/div>\n\t\t<\/section>\n\t\t\t\t<div class=\"elementor-element elementor-element-71a1aad animated-fast elementor-widget elementor-widget-image\" data-id=\"71a1aad\" data-element_type=\"widget\" data-settings=\"{&quot;_animation&quot;:&quot;none&quot;,&quot;_animation_delay&quot;:150,&quot;_animation_tablet&quot;:&quot;fadeInUp&quot;}\" data-widget_type=\"image.default\">\n\t\t\t\t<div class=\"elementor-widget-container\">\n\t\t\t\t\t\t\t\t\t\t\t\t\t<img decoding=\"async\" width=\"600\" height=\"600\" src=\"https:\/\/roessle-dobel.de\/wp-content\/uploads\/2023\/11\/s-urlaub-s1.jpg\" class=\"attachment-cozystay_600x600-crop size-cozystay_600x600-crop wp-image-7983\" alt=\"\" srcset=\"https:\/\/roessle-dobel.de\/wp-content\/uploads\/2023\/11\/s-urlaub-s1.jpg 600w, https:\/\/roessle-dobel.de\/wp-content\/uploads\/2023\/11\/s-urlaub-s1-300x300.jpg 300w, https:\/\/roessle-dobel.de\/wp-content\/uploads\/2023\/11\/s-urlaub-s1-150x150.jpg 150w, https:\/\/roessle-dobel.de\/wp-content\/uploads\/2023\/11\/s-urlaub-s1-550x550.jpg 550w, https:\/\/roessle-dobel.de\/wp-content\/uploads\/2023\/11\/s-urlaub-s1-370x370.jpg 370w, https:\/\/roessle-dobel.de\/wp-content\/uploads\/2023\/11\/s-urlaub-s1-255x255.jpg 255w\" sizes=\"(max-width: 600px) 100vw, 600px\" \/>\t\t\t\t\t\t\t\t\t\t\t\t\t<\/div>\n\t\t\t\t<\/div>\n\t\t\t\t\t<\/div>\n\t\t<\/div>\n\t\t\t\t\t<\/div>\n\t\t<\/section>\n\t\t\t\t<section class=\"elementor-section elementor-top-section elementor-element elementor-element-4d41880 elementor-section-content-middle elementor-reverse-tablet elementor-reverse-mobile elementor-section-boxed elementor-section-height-default elementor-section-height-default\" data-id=\"4d41880\" data-element_type=\"section\">\n\t\t\t\t\t\t<div class=\"elementor-container elementor-column-gap-no\">\n\t\t\t\t\t<div class=\"elementor-column elementor-col-100 elementor-top-column elementor-element elementor-element-95611a5\" data-id=\"95611a5\" data-element_type=\"column\">\n\t\t\t<div class=\"elementor-widget-wrap elementor-element-populated\">\n\t\t\t\t\t\t<div class=\"elementor-element elementor-element-f6c2997 elementor-widget elementor-widget-cs_title\" data-id=\"f6c2997\" data-element_type=\"widget\" data-widget_type=\"cs_title.default\">\n\t\t\t\t<div class=\"elementor-widget-container\">\n\t\t\t\n        <div class=\"cs-title-wrap\">\t            <div class=\"cs-title-text\">\n\t                <p><strong>Un lit d&rsquo;appoint<\/strong> peut \u00eatre install\u00e9 dans certaines chambres d&rsquo;h\u00f4tel. Pour plus d&rsquo;informations sur un lit d&rsquo;appoint, veuillez nous contacter par t\u00e9l\u00e9phone ou par email.<\/p>\n\t            <\/div>        <\/div>\t\t<\/div>\n\t\t\t\t<\/div>\n\t\t\t\t\t<\/div>\n\t\t<\/div>\n\t\t\t\t\t<\/div>\n\t\t<\/section>\n\t\t\t\t<section class=\"elementor-section elementor-top-section elementor-element elementor-element-394c6e3 elementor-section-content-middle elementor-reverse-tablet elementor-reverse-mobile elementor-section-boxed elementor-section-height-default elementor-section-height-default\" data-id=\"394c6e3\" data-element_type=\"section\">\n\t\t\t\t\t\t<div class=\"elementor-container elementor-column-gap-no\">\n\t\t\t\t\t<div class=\"elementor-column elementor-col-100 elementor-top-column elementor-element elementor-element-4e4d258\" data-id=\"4e4d258\" data-element_type=\"column\">\n\t\t\t<div class=\"elementor-widget-wrap elementor-element-populated\">\n\t\t\t\t\t\t<div class=\"elementor-element elementor-element-7fe7921 elementor-widget elementor-widget-cs_info_box\" data-id=\"7fe7921\" data-element_type=\"widget\" data-widget_type=\"cs_info_box.default\">\n\t\t\t\t<div class=\"elementor-widget-container\">\n\t\t\t\n\t\t\t<div class=\"cs-info-box column-1 valign-middle img-left\">\n                <div class=\"cs-info-box-wrap\">                    <div class=\"cs-info-box-item elementor-repeater-item-f0b7ca0\">\n                    \t<div class=\"cs-item-container\">\t                        <div class=\"cs-info-box-img\"><i aria-hidden=\"true\" class=\"flaticon flaticon-baby-crib\"><\/i>\t                        <\/div>\t                        <div class=\"cs-info-box-content\">\n\t                            <h5 class=\"cs-title cs-info-box-title\">Lit b\u00e9b\u00e9\t\t\t\t\t\t\t\t<\/h5>\t                            \t<div class=\"cs-info-box-text\"><p>Un enfant de moins de 3 ans s\u00e9journe <b>gratuitement<\/b> dans un lit b\u00e9b\u00e9.<\/p><\/div>\t                        <\/div>\t                    <\/div>\n                    <\/div>                    <div class=\"cs-info-box-item elementor-repeater-item-cc71e4f\">\n                    \t<div class=\"cs-item-container\">\t                        <div class=\"cs-info-box-img\"><i aria-hidden=\"true\" class=\"flaticon flaticon-bed-7\"><\/i>\t                        <\/div>\t                        <div class=\"cs-info-box-content\">\n\t                            <h5 class=\"cs-title cs-info-box-title\">Lit d'appoint\t\t\t\t\t\t\t\t<\/h5>\t                            \t<div class=\"cs-info-box-text\"><p>Un enfant de 3 \u00e0 16 ans est factur\u00e9 30 \u20ac par personne et par nuit pour l'utilisation d'un lit d'appoint.<\/p><\/div>\t                        <\/div>\t                    <\/div>\n                    <\/div>\t\t\t\t<\/div>\n\t\t\t<\/div>\t\t<\/div>\n\t\t\t\t<\/div>\n\t\t\t\t\t<\/div>\n\t\t<\/div>\n\t\t\t\t\t<\/div>\n\t\t<\/section>\n\t\t\t\t<section class=\"elementor-section elementor-top-section elementor-element elementor-element-944ebcc elementor-section-content-middle elementor-reverse-tablet elementor-reverse-mobile elementor-section-boxed elementor-section-height-default elementor-section-height-default\" data-id=\"944ebcc\" data-element_type=\"section\">\n\t\t\t\t\t\t<div class=\"elementor-container elementor-column-gap-no\">\n\t\t\t\t\t<div class=\"elementor-column elementor-col-100 elementor-top-column elementor-element elementor-element-d8e102e\" data-id=\"d8e102e\" data-element_type=\"column\">\n\t\t\t<div class=\"elementor-widget-wrap elementor-element-populated\">\n\t\t\t\t\t\t<div class=\"elementor-element elementor-element-7850303 elementor-widget elementor-widget-cs_title\" data-id=\"7850303\" data-element_type=\"widget\" data-widget_type=\"cs_title.default\">\n\t\t\t\t<div class=\"elementor-widget-container\">\n\t\t\t\n        <div class=\"cs-title-wrap\">\t            <div class=\"cs-title-text\">\n\t                <p>Le petit d\u00e9jeuner est inclus dans le prix.<\/p>\n<p>Les chambres peuvent accueillir au maximum un lit b\u00e9b\u00e9 ou un lit d&rsquo;appoint.<\/p>\n<p>Des lits b\u00e9b\u00e9 ou des lits d&rsquo;appoint sont disponibles uniquement sur demande et doivent \u00eatre confirm\u00e9s par la direction.<\/p>\n\t            <\/div>        <\/div>\t\t<\/div>\n\t\t\t\t<\/div>\n\t\t\t\t\t<\/div>\n\t\t<\/div>\n\t\t\t\t\t<\/div>\n\t\t<\/section>\n\t\t\t\t<\/div>\n\t\t","protected":false},"excerpt":{"rendered":"<p>Des vacances pour toute la famille Lits b\u00e9b\u00e9s et lits d&rsquo;appoint Profitez de vacances en famille sans soucis \u00e0 Dobel H\u00e9bergement avec enfants Passer du temps ensemble Nous prenons soin de tous les invit\u00e9s, petits et grands. Nous sommes heureux de fournir des lits b\u00e9b\u00e9 ou des lits d&rsquo;appoint dans certaines de nos chambres. Un &#8230;<\/p>\n","protected":false},"author":1,"featured_media":0,"parent":0,"menu_order":0,"comment_status":"closed","ping_status":"closed","template":"template-wide-content.php","meta":{"cozystay_single_page_hide_site_header":"","cozystay_single_page_site_header_source":"","cozystay_single_page_custom_site_header":"0","cozystay_single_page_custom_sticky_site_header":"0","cozystay_single_page_hide_page_title":"on","cozystay_single_page_header_section_size":"","cozystay_single_page_header_background_color":"","cozystay_single_page_header_background_position_x":"center","cozystay_single_page_header_background_position_y":"center","cozystay_single_page_header_background_size":"cover","cozystay_single_page_header_background_repeat":"off","cozystay_single_page_header_background_scroll":"on","cozystay_single_page_header_text_color":"","cozystay_single_page_header_show_breadcrumb":"","cozystay_single_page_site_footer_hide_main":"","cozystay_single_custom_site_footer_main_source":"","cozystay_single_custom_site_footer_main":"0","cozystay_single_page_site_footer_hide_above":"","cozystay_single_custom_site_footer_above_source":"","cozystay_single_custom_site_footer_above":"0","cozystay_single_page_site_footer_hide_instagram":"","cozystay_single_page_site_footer_hide_bottom":"","cozystay_single_custom_mobile_menu_source":"","cozystay_single_custom_mobile_menu":"0","cozystay_single_custom_mobile_menu_animation":"","cozystay_single_custom_mobile_menu_width":"","cozystay_single_custom_mobile_menu_custom_width":375,"footnotes":""},"class_list":["post-8319","page","type-page","status-publish","hentry"],"yoast_head":"<!-- This site is optimized with the Yoast SEO plugin v23.5 - https:\/\/yoast.com\/wordpress\/plugins\/seo\/ -->\n<title>Lits b\u00e9b\u00e9s et lits d&#039;appoint - Hotel R\u00f6ssle in Dobel \u2014 Schwarzwald<\/title>\n<meta name=\"robots\" content=\"index, follow, max-snippet:-1, max-image-preview:large, max-video-preview:-1\" \/>\n<link rel=\"canonical\" href=\"https:\/\/roessle-dobel.de\/fr\/lits-denfant-et-lits-dappoint\/\" \/>\n<meta property=\"og:locale\" content=\"fr_FR\" \/>\n<meta property=\"og:type\" content=\"article\" \/>\n<meta property=\"og:title\" content=\"Lits b\u00e9b\u00e9s et lits d&#039;appoint - Hotel R\u00f6ssle in Dobel \u2014 Schwarzwald\" \/>\n<meta property=\"og:description\" content=\"Des vacances pour toute la famille Lits b\u00e9b\u00e9s et lits d&rsquo;appoint Profitez de vacances en famille sans soucis \u00e0 Dobel H\u00e9bergement avec enfants Passer du temps ensemble Nous prenons soin de tous les invit\u00e9s, petits et grands. Nous sommes heureux de fournir des lits b\u00e9b\u00e9 ou des lits d&rsquo;appoint dans certaines de nos chambres. Un ...\" \/>\n<meta property=\"og:url\" content=\"https:\/\/roessle-dobel.de\/fr\/lits-denfant-et-lits-dappoint\/\" \/>\n<meta property=\"og:site_name\" content=\"Hotel R\u00f6ssle in Dobel \u2014 Schwarzwald\" \/>\n<meta property=\"article:modified_time\" content=\"2025-12-05T19:02:16+00:00\" \/>\n<meta property=\"og:image\" content=\"https:\/\/roessle-dobel.de\/wp-content\/uploads\/2023\/12\/20190717_133105-s1-3.jpg\" \/>\n<meta name=\"twitter:card\" content=\"summary_large_image\" \/>\n<meta name=\"twitter:label1\" content=\"Dur\u00e9e de lecture estim\u00e9e\" \/>\n\t<meta name=\"twitter:data1\" content=\"1 minute\" \/>\n<script type=\"application\/ld+json\" class=\"yoast-schema-graph\">{\"@context\":\"https:\/\/schema.org\",\"@graph\":[{\"@type\":\"WebPage\",\"@id\":\"https:\/\/roessle-dobel.de\/fr\/lits-denfant-et-lits-dappoint\/\",\"url\":\"https:\/\/roessle-dobel.de\/fr\/lits-denfant-et-lits-dappoint\/\",\"name\":\"Lits b\u00e9b\u00e9s et lits d'appoint - Hotel R\u00f6ssle in Dobel \u2014 Schwarzwald\",\"isPartOf\":{\"@id\":\"https:\/\/roessle-dobel.de\/fr\/#website\"},\"primaryImageOfPage\":{\"@id\":\"https:\/\/roessle-dobel.de\/fr\/lits-denfant-et-lits-dappoint\/#primaryimage\"},\"image\":{\"@id\":\"https:\/\/roessle-dobel.de\/fr\/lits-denfant-et-lits-dappoint\/#primaryimage\"},\"thumbnailUrl\":\"https:\/\/roessle-dobel.de\/wp-content\/uploads\/2023\/12\/20190717_133105-s1-3.jpg\",\"datePublished\":\"2023-11-21T09:21:53+00:00\",\"dateModified\":\"2025-12-05T19:02:16+00:00\",\"breadcrumb\":{\"@id\":\"https:\/\/roessle-dobel.de\/fr\/lits-denfant-et-lits-dappoint\/#breadcrumb\"},\"inLanguage\":\"fr-FR\",\"potentialAction\":[{\"@type\":\"ReadAction\",\"target\":[\"https:\/\/roessle-dobel.de\/fr\/lits-denfant-et-lits-dappoint\/\"]}]},{\"@type\":\"ImageObject\",\"inLanguage\":\"fr-FR\",\"@id\":\"https:\/\/roessle-dobel.de\/fr\/lits-denfant-et-lits-dappoint\/#primaryimage\",\"url\":\"https:\/\/roessle-dobel.de\/wp-content\/uploads\/2023\/12\/20190717_133105-s1-3.jpg\",\"contentUrl\":\"https:\/\/roessle-dobel.de\/wp-content\/uploads\/2023\/12\/20190717_133105-s1-3.jpg\"},{\"@type\":\"BreadcrumbList\",\"@id\":\"https:\/\/roessle-dobel.de\/fr\/lits-denfant-et-lits-dappoint\/#breadcrumb\",\"itemListElement\":[{\"@type\":\"ListItem\",\"position\":1,\"name\":\"Home\",\"item\":\"https:\/\/roessle-dobel.de\/fr\/page-daccueil\/\"},{\"@type\":\"ListItem\",\"position\":2,\"name\":\"Lits b\u00e9b\u00e9s et lits d&rsquo;appoint\"}]},{\"@type\":\"WebSite\",\"@id\":\"https:\/\/roessle-dobel.de\/fr\/#website\",\"url\":\"https:\/\/roessle-dobel.de\/fr\/\",\"name\":\"Hotel R\u00f6ssle in Dobel \u2014 Schwarzwald\",\"description\":\"Das Hotel R\u00f6ssle befindet sich in einer ruhigen Lage in der Gemeinde Dobel, im landschaftlich wundersch\u00f6nen Nordschwarzwald, unweit von Baden-Baden. Wir bieten unseren G\u00e4sten komfortable Zimmer, kostenlose Parkpl\u00e4tze und WLAN, Spielzimmer und Vieles mehr.\",\"potentialAction\":[{\"@type\":\"SearchAction\",\"target\":{\"@type\":\"EntryPoint\",\"urlTemplate\":\"https:\/\/roessle-dobel.de\/fr\/?s={search_term_string}\"},\"query-input\":{\"@type\":\"PropertyValueSpecification\",\"valueRequired\":true,\"valueName\":\"search_term_string\"}}],\"inLanguage\":\"fr-FR\"}]}<\/script>\n<!-- \/ Yoast SEO plugin. -->","yoast_head_json":{"title":"Lits b\u00e9b\u00e9s et lits d'appoint - Hotel R\u00f6ssle in Dobel \u2014 Schwarzwald","robots":{"index":"index","follow":"follow","max-snippet":"max-snippet:-1","max-image-preview":"max-image-preview:large","max-video-preview":"max-video-preview:-1"},"canonical":"https:\/\/roessle-dobel.de\/fr\/lits-denfant-et-lits-dappoint\/","og_locale":"fr_FR","og_type":"article","og_title":"Lits b\u00e9b\u00e9s et lits d'appoint - Hotel R\u00f6ssle in Dobel \u2014 Schwarzwald","og_description":"Des vacances pour toute la famille Lits b\u00e9b\u00e9s et lits d&rsquo;appoint Profitez de vacances en famille sans soucis \u00e0 Dobel H\u00e9bergement avec enfants Passer du temps ensemble Nous prenons soin de tous les invit\u00e9s, petits et grands. Nous sommes heureux de fournir des lits b\u00e9b\u00e9 ou des lits d&rsquo;appoint dans certaines de nos chambres. Un ...","og_url":"https:\/\/roessle-dobel.de\/fr\/lits-denfant-et-lits-dappoint\/","og_site_name":"Hotel R\u00f6ssle in Dobel \u2014 Schwarzwald","article_modified_time":"2025-12-05T19:02:16+00:00","og_image":[{"url":"https:\/\/roessle-dobel.de\/wp-content\/uploads\/2023\/12\/20190717_133105-s1-3.jpg"}],"twitter_card":"summary_large_image","twitter_misc":{"Dur\u00e9e de lecture estim\u00e9e":"1 minute"},"schema":{"@context":"https:\/\/schema.org","@graph":[{"@type":"WebPage","@id":"https:\/\/roessle-dobel.de\/fr\/lits-denfant-et-lits-dappoint\/","url":"https:\/\/roessle-dobel.de\/fr\/lits-denfant-et-lits-dappoint\/","name":"Lits b\u00e9b\u00e9s et lits d'appoint - Hotel R\u00f6ssle in Dobel \u2014 Schwarzwald","isPartOf":{"@id":"https:\/\/roessle-dobel.de\/fr\/#website"},"primaryImageOfPage":{"@id":"https:\/\/roessle-dobel.de\/fr\/lits-denfant-et-lits-dappoint\/#primaryimage"},"image":{"@id":"https:\/\/roessle-dobel.de\/fr\/lits-denfant-et-lits-dappoint\/#primaryimage"},"thumbnailUrl":"https:\/\/roessle-dobel.de\/wp-content\/uploads\/2023\/12\/20190717_133105-s1-3.jpg","datePublished":"2023-11-21T09:21:53+00:00","dateModified":"2025-12-05T19:02:16+00:00","breadcrumb":{"@id":"https:\/\/roessle-dobel.de\/fr\/lits-denfant-et-lits-dappoint\/#breadcrumb"},"inLanguage":"fr-FR","potentialAction":[{"@type":"ReadAction","target":["https:\/\/roessle-dobel.de\/fr\/lits-denfant-et-lits-dappoint\/"]}]},{"@type":"ImageObject","inLanguage":"fr-FR","@id":"https:\/\/roessle-dobel.de\/fr\/lits-denfant-et-lits-dappoint\/#primaryimage","url":"https:\/\/roessle-dobel.de\/wp-content\/uploads\/2023\/12\/20190717_133105-s1-3.jpg","contentUrl":"https:\/\/roessle-dobel.de\/wp-content\/uploads\/2023\/12\/20190717_133105-s1-3.jpg"},{"@type":"BreadcrumbList","@id":"https:\/\/roessle-dobel.de\/fr\/lits-denfant-et-lits-dappoint\/#breadcrumb","itemListElement":[{"@type":"ListItem","position":1,"name":"Home","item":"https:\/\/roessle-dobel.de\/fr\/page-daccueil\/"},{"@type":"ListItem","position":2,"name":"Lits b\u00e9b\u00e9s et lits d&rsquo;appoint"}]},{"@type":"WebSite","@id":"https:\/\/roessle-dobel.de\/fr\/#website","url":"https:\/\/roessle-dobel.de\/fr\/","name":"Hotel R\u00f6ssle in Dobel \u2014 Schwarzwald","description":"Das Hotel R\u00f6ssle befindet sich in einer ruhigen Lage in der Gemeinde Dobel, im landschaftlich wundersch\u00f6nen Nordschwarzwald, unweit von Baden-Baden. Wir bieten unseren G\u00e4sten komfortable Zimmer, kostenlose Parkpl\u00e4tze und WLAN, Spielzimmer und Vieles mehr.","potentialAction":[{"@type":"SearchAction","target":{"@type":"EntryPoint","urlTemplate":"https:\/\/roessle-dobel.de\/fr\/?s={search_term_string}"},"query-input":{"@type":"PropertyValueSpecification","valueRequired":true,"valueName":"search_term_string"}}],"inLanguage":"fr-FR"}]}},"_links":{"self":[{"href":"https:\/\/roessle-dobel.de\/fr\/wp-json\/wp\/v2\/pages\/8319","targetHints":{"allow":["GET"]}}],"collection":[{"href":"https:\/\/roessle-dobel.de\/fr\/wp-json\/wp\/v2\/pages"}],"about":[{"href":"https:\/\/roessle-dobel.de\/fr\/wp-json\/wp\/v2\/types\/page"}],"author":[{"embeddable":true,"href":"https:\/\/roessle-dobel.de\/fr\/wp-json\/wp\/v2\/users\/1"}],"replies":[{"embeddable":true,"href":"https:\/\/roessle-dobel.de\/fr\/wp-json\/wp\/v2\/comments?post=8319"}],"version-history":[{"count":15,"href":"https:\/\/roessle-dobel.de\/fr\/wp-json\/wp\/v2\/pages\/8319\/revisions"}],"predecessor-version":[{"id":13054,"href":"https:\/\/roessle-dobel.de\/fr\/wp-json\/wp\/v2\/pages\/8319\/revisions\/13054"}],"wp:attachment":[{"href":"https:\/\/roessle-dobel.de\/fr\/wp-json\/wp\/v2\/media?parent=8319"}],"curies":[{"name":"wp","href":"https:\/\/api.w.org\/{rel}","templated":true}]}}