{"id":8281,"date":"2023-12-04T11:52:12","date_gmt":"2023-12-04T10:52:12","guid":{"rendered":"https:\/\/roessle-dobel.de\/afdruk\/"},"modified":"2024-02-06T12:29:09","modified_gmt":"2024-02-06T11:29:09","slug":"afdruk","status":"publish","type":"page","link":"https:\/\/roessle-dobel.de\/nl\/afdruk\/","title":{"rendered":"Juridische kennisgeving"},"content":{"rendered":"\t\t<div data-elementor-type=\"wp-page\" data-elementor-id=\"8281\" class=\"elementor elementor-8281 elementor-6883\">\n\t\t\t\t\t\t<section class=\"elementor-section elementor-top-section elementor-element elementor-element-eb3574c elementor-section-height-min-height cs-section-content-fullwidth cs_scroll_y_100 cs-parallax-on-scroll elementor-section-boxed elementor-section-height-default elementor-section-items-middle\" data-id=\"eb3574c\" data-element_type=\"section\" data-settings=\"{&quot;background_background&quot;:&quot;classic&quot;}\" data-cs-parallax-y=\"100\" style=\"background-image: none;\" data-cs-background-image=\"https:\/\/roessle-dobel.de\/wp-content\/uploads\/2023\/10\/20220916_155252-1.jpg\">\n\t\t\t\t\t\t\t<div class=\"elementor-background-overlay\"><\/div>\n\t\t\t\t\t\t\t<div class=\"elementor-container elementor-column-gap-no\">\n\t\t\t\t\t<div class=\"elementor-column elementor-col-100 elementor-top-column elementor-element elementor-element-dbdfb2d dark-color\" data-id=\"dbdfb2d\" data-element_type=\"column\">\n\t\t\t<div class=\"elementor-widget-wrap elementor-element-populated\">\n\t\t\t\t\t\t<div class=\"elementor-element elementor-element-67b2a8a elementor-widget elementor-widget-cs_title\" data-id=\"67b2a8a\" data-element_type=\"widget\" data-widget_type=\"cs_title.default\">\n\t\t\t\t<div class=\"elementor-widget-container\">\n\t\t\t\n        <div class=\"cs-title-wrap text-center\">\t            <h1 class=\"cs-title\">\n\t                Juridische kennisgeving\t            <\/h1>        <\/div>\t\t<\/div>\n\t\t\t\t<\/div>\n\t\t\t\t\t<\/div>\n\t\t<\/div>\n\t\t\t\t\t<\/div>\n\t\t<\/section>\n\t\t\t\t<section class=\"elementor-section elementor-top-section elementor-element elementor-element-dc796f4 elementor-section-content-middle elementor-reverse-tablet elementor-reverse-mobile elementor-section-boxed elementor-section-height-default elementor-section-height-default\" data-id=\"dc796f4\" data-element_type=\"section\">\n\t\t\t\t\t\t<div class=\"elementor-container elementor-column-gap-no\">\n\t\t\t\t\t<div class=\"elementor-column elementor-col-100 elementor-top-column elementor-element elementor-element-9bd94d1\" data-id=\"9bd94d1\" data-element_type=\"column\">\n\t\t\t<div class=\"elementor-widget-wrap elementor-element-populated\">\n\t\t\t\t\t\t<div class=\"elementor-element elementor-element-fee0ed7 elementor-widget elementor-widget-cs_title\" data-id=\"fee0ed7\" data-element_type=\"widget\" data-widget_type=\"cs_title.default\">\n\t\t\t\t<div class=\"elementor-widget-container\">\n\t\t\t\n        <div class=\"cs-title-wrap\">\t            <h3 class=\"cs-title\">\n\t                Juridische kennisgeving\t            <\/h3>        <\/div>\t\t<\/div>\n\t\t\t\t<\/div>\n\t\t\t\t<div class=\"elementor-element elementor-element-017c2b4 elementor-widget elementor-widget-cs_title\" data-id=\"017c2b4\" data-element_type=\"widget\" data-widget_type=\"cs_title.default\">\n\t\t\t\t<div class=\"elementor-widget-container\">\n\t\t\t\n        <div class=\"cs-title-wrap\">\t            <div class=\"cs-title-text\">\n\t                <p><strong>Hotel R\u00f6ssle<\/strong><\/p>\n<p>Johann-Peter-Hebel-Stra\u00dfe 7<br \/>75335 Dobel<br \/>Duitsland<\/p>\n<p>Telefoon: +49 7083 935 99 59<br \/>Fax: +49 7083 935 99 60<br \/>E-mail: roessledobel@gmail.com<\/p>\n<p>Internet: <span style=\"text-decoration: underline; color: #0000ff;\"><a style=\"color: #0000ff; text-decoration: underline;\" href=\"https:\/\/roessle-dobel.de\/nl\/\" target=\"_blank\" rel=\"noopener\"><span style=\"color: #b99d75; text-decoration: underline;\">https:\/\/roessle-dobel.de\/<\/span><\/a><\/span><\/p>\n<p>Bedrijfseigenaar: Marina Babrovskaya (individuele ondernemer)<br \/>BTW-nummer: DE 305900430<\/p>\n<p>Verantwoordelijk voor de inhoud volgens artikel 55, lid 2 RStV: Marina Babrovskaya (adres zoals hierboven)<\/p>\n\t            <\/div>        <\/div>\t\t<\/div>\n\t\t\t\t<\/div>\n\t\t\t\t<div class=\"elementor-element elementor-element-c2a0463 elementor-widget elementor-widget-cs_title\" data-id=\"c2a0463\" data-element_type=\"widget\" data-widget_type=\"cs_title.default\">\n\t\t\t\t<div class=\"elementor-widget-container\">\n\t\t\t\n        <div class=\"cs-title-wrap\">\t            <h3 class=\"cs-title\">\n\t                Disclaimer - juridische informatie\t            <\/h3>\t            <div class=\"cs-title-text\">\n\t                <ol>\n<li><strong>Beperking van aansprakelijkheid<\/strong><\/li>\n<\/ol>\n<p>De inhoud van deze website is met de grootst mogelijke zorg samengesteld. Hotel R\u00f6ssle aanvaardt echter geen aansprakelijkheid voor de actualiteit, juistheid, volledigheid of kwaliteit van de verstrekte informatie. Het gebruik van de inhoud van de website is op eigen risico van de gebruiker. Aansprakelijkheidsclaims tegen Hotel R\u00f6ssle met betrekking tot materi\u00eble of immateri\u00eble schade die is veroorzaakt door het gebruik of niet-gebruik van de verstrekte informatie of door het gebruik van onjuiste of onvolledige informatie, zijn principieel uitgesloten, tenzij er sprake is van opzet of grove nalatigheid van Hotel R\u00f6ssle.<\/p>\n<ol start=\"2\">\n<li><strong>Externe links<\/strong><\/li>\n<\/ol>\n<p>Deze website bevat links naar websites van derden (&#8220;externe links&#8221;) op de inhoud waarvan wij geen invloed hebben. Daarom kunnen wij geen aansprakelijkheid aanvaarden voor de inhoud van derden. De respectieve aanbieder of exploitant van de pagina&#8217;s is altijd verantwoordelijk voor de inhoud van de gekoppelde pagina&#8217;s. De gelinkte pagina&#8217;s werden op het moment van koppelen gecontroleerd op mogelijke wetsovertredingen. Illegale inhoud was op het moment van koppelen niet herkenbaar. Een permanente controle van de inhoud van de gelinkte pagina&#8217;s is echter niet redelijk zonder concreet bewijs van een inbreuk. Als wij kennis krijgen van wettelijke overtredingen, zullen wij dergelijke links onmiddellijk verwijderen.<\/p>\n<ol start=\"3\">\n<li><strong>Copyright<\/strong><\/li>\n<\/ol>\n<p>De inhoud en werken die door de sitebeheerders op deze pagina&#8217;s zijn gemaakt, vallen onder het Duitse auteursrecht. Reproductie, bewerking, verspreiding en elke vorm van gebruik buiten de grenzen van het auteursrecht vereisen de schriftelijke toestemming van de respectieve auteur of maker. Downloads en kopie\u00ebn van deze site zijn alleen toegestaan voor priv\u00e9-, niet-commercieel gebruik. Voor zover de inhoud op deze site niet door de exploitant is gemaakt, worden de auteursrechten van derden gerespecteerd. Inhoud van derden wordt als zodanig gemarkeerd. Mocht u zich desondanks bewust worden van een inbreuk op het auteursrecht, dan verzoeken wij u ons hiervan op de hoogte te stellen. Als wij kennis krijgen van wettelijke overtredingen, zullen wij dergelijke links onmiddellijk verwijderen.<\/p>\n<ol start=\"4\">\n<li><strong>Gegevensbescherming<\/strong><\/li>\n<\/ol>\n<p>Onze voorwaarden voor gegevensbescherming worden afzonderlijk uitgelegd op de volgende pagina: <span style=\"text-decoration: underline; color: #b99d75;\"><a style=\"color: #b99d75; text-decoration: underline;\" href=\"https:\/\/roessle-dobel.de\/nl\/privacybeleid\/\" target=\"_blank\" rel=\"noopener\">https:\/\/roessle-dobel.de\/nl\/privacybeleid\/<\/a><\/span>.<\/p>\n<ol start=\"5\">\n<li><strong>Geschillen oplossen<\/strong><\/li>\n<\/ol>\n<p>De Europese Commissie biedt een platform voor buitengerechtelijke onlinegeschillenbeslechting (ODR-platform), dat kan worden geraadpleegd op <span style=\"text-decoration: underline; color: #b99d75;\"><a style=\"color: #b99d75; text-decoration: underline;\" href=\"http:\/\/www.ec.europa.eu\/consumers\/odr\" target=\"_blank\" rel=\"noopener\">www.ec.europa.eu\/consumers\/odr<\/a><\/span> kan worden geraadpleegd. Wij zijn niet verplicht of bereid om deel te nemen aan geschillenbeslechtingsprocedures voor een arbitragecommissie voor consumenten.<\/p>\n<p>U kunt ons e-mailadres vinden in onze <span style=\"color: #000000;\">juridische kennisgeving<\/span> of via de link <span style=\"text-decoration: underline; color: #b99d75;\"><a style=\"color: #b99d75; text-decoration: underline;\" href=\"https:\/\/roessle-dobel.de\/nl\/contacten\/\" target=\"_blank\" rel=\"noopener\">Contact<\/a><\/span>. <\/p>\n<ol start=\"6\">\n<li><strong>Juridische informatie voor advocaten<\/strong><\/li>\n<\/ol>\n<p>In het geval van mededingingsrechtelijke of soortgelijke problemen vragen wij u vooraf contact met ons op te nemen om onnodige juridische geschillen en kosten te voorkomen. De kostennota van een waarschuwing van een advocaat zonder voorafgaand contact met de handelaar of zijn juridische vertegenwoordiging wordt afgewezen als ongegrond in de zin van de plicht om schade te beperken. We zullen onrechtmatige waarschuwingen strafrechtelijk en civielrechtelijk laten vervolgen.<\/p>\n\t            <\/div>        <\/div>\t\t<\/div>\n\t\t\t\t<\/div>\n\t\t\t\t\t<\/div>\n\t\t<\/div>\n\t\t\t\t\t<\/div>\n\t\t<\/section>\n\t\t\t\t<section class=\"elementor-section elementor-top-section elementor-element elementor-element-e811dc0 elementor-section-content-middle elementor-reverse-tablet elementor-reverse-mobile elementor-section-boxed elementor-section-height-default elementor-section-height-default\" data-id=\"e811dc0\" data-element_type=\"section\">\n\t\t\t\t\t\t<div class=\"elementor-container elementor-column-gap-no\">\n\t\t\t\t\t<div class=\"elementor-column elementor-col-100 elementor-top-column elementor-element elementor-element-b0f026a\" data-id=\"b0f026a\" data-element_type=\"column\">\n\t\t\t<div class=\"elementor-widget-wrap elementor-element-populated\">\n\t\t\t\t\t\t<div class=\"elementor-element elementor-element-2bbab7f elementor-widget elementor-widget-cs_title\" data-id=\"2bbab7f\" data-element_type=\"widget\" data-widget_type=\"cs_title.default\">\n\t\t\t\t<div class=\"elementor-widget-container\">\n\t\t\t\n        <div class=\"cs-title-wrap\">\t            <div class=\"cs-title-text\">\n\t                <p><strong>Realisatie<\/strong><\/p>\n<p>Contentmanagementsysteem: WordPress CMS<\/p>\n<p>Webdesign en grafische vormgeving: Loft.Ocean <span style=\"text-decoration: underline; color: #b99d75;\"><a style=\"color: #b99d75;\" href=\"https:\/\/www.loftocean.com\" target=\"_blank\" rel=\"noopener\">https:\/\/www.loftocean.com<\/a><\/span><\/p>\n<p>Beeldbronnen: Marina Babrovskaya, Loft.Ocean<\/p>\n<p>Inhoud en teksten: Marina Babrovskaya, gemeente Dobel, Schwarzwald Tourismus GmbH<\/p>\n\t            <\/div>        <\/div>\t\t<\/div>\n\t\t\t\t<\/div>\n\t\t\t\t\t<\/div>\n\t\t<\/div>\n\t\t\t\t\t<\/div>\n\t\t<\/section>\n\t\t\t\t<\/div>\n\t\t","protected":false},"excerpt":{"rendered":"<p>Juridische kennisgeving Juridische kennisgeving Hotel R\u00f6ssle Johann-Peter-Hebel-Stra\u00dfe 775335 DobelDuitsland Telefoon: +49 7083 935 99 59Fax: +49 7083 935 99 60E-mail: roessledobel@gmail.com Internet: https:\/\/roessle-dobel.de\/ Bedrijfseigenaar: Marina Babrovskaya (individuele ondernemer)BTW-nummer: DE 305900430 Verantwoordelijk voor de inhoud volgens artikel 55, lid 2 RStV: Marina Babrovskaya (adres zoals hierboven) Disclaimer &#8211; juridische informatie Beperking van aansprakelijkheid De inhoud van &#8230;<\/p>\n","protected":false},"author":1,"featured_media":0,"parent":0,"menu_order":0,"comment_status":"closed","ping_status":"closed","template":"template-wide-content.php","meta":{"cozystay_single_page_hide_site_header":"","cozystay_single_page_site_header_source":"","cozystay_single_page_custom_site_header":"0","cozystay_single_page_custom_sticky_site_header":"0","cozystay_single_page_hide_page_title":"on","cozystay_single_page_header_section_size":"","cozystay_single_page_header_background_color":"","cozystay_single_page_header_background_position_x":"center","cozystay_single_page_header_background_position_y":"center","cozystay_single_page_header_background_size":"cover","cozystay_single_page_header_background_repeat":"off","cozystay_single_page_header_background_scroll":"on","cozystay_single_page_header_text_color":"","cozystay_single_page_header_show_breadcrumb":"","cozystay_single_page_site_footer_hide_main":"","cozystay_single_custom_site_footer_main_source":"","cozystay_single_custom_site_footer_main":"0","cozystay_single_page_site_footer_hide_above":"","cozystay_single_custom_site_footer_above_source":"","cozystay_single_custom_site_footer_above":"0","cozystay_single_page_site_footer_hide_instagram":"","cozystay_single_page_site_footer_hide_bottom":"","cozystay_single_custom_mobile_menu_source":"","cozystay_single_custom_mobile_menu":"0","cozystay_single_custom_mobile_menu_animation":"","cozystay_single_custom_mobile_menu_width":"","cozystay_single_custom_mobile_menu_custom_width":375,"footnotes":""},"class_list":["post-8281","page","type-page","status-publish","hentry"],"yoast_head":"<!-- This site is optimized with the Yoast SEO plugin v23.5 - https:\/\/yoast.com\/wordpress\/plugins\/seo\/ -->\n<title>Juridische kennisgeving - Hotel R\u00f6ssle in Dobel \u2014 Schwarzwald<\/title>\n<meta name=\"robots\" content=\"index, follow, max-snippet:-1, max-image-preview:large, max-video-preview:-1\" \/>\n<link rel=\"canonical\" href=\"https:\/\/roessle-dobel.de\/nl\/afdruk\/\" \/>\n<meta property=\"og:locale\" content=\"nl_NL\" \/>\n<meta property=\"og:type\" content=\"article\" \/>\n<meta property=\"og:title\" content=\"Juridische kennisgeving - Hotel R\u00f6ssle in Dobel \u2014 Schwarzwald\" \/>\n<meta property=\"og:description\" content=\"Juridische kennisgeving Juridische kennisgeving Hotel R\u00f6ssle Johann-Peter-Hebel-Stra\u00dfe 775335 DobelDuitsland Telefoon: +49 7083 935 99 59Fax: +49 7083 935 99 60E-mail: roessledobel@gmail.com Internet: https:\/\/roessle-dobel.de\/ Bedrijfseigenaar: Marina Babrovskaya (individuele ondernemer)BTW-nummer: DE 305900430 Verantwoordelijk voor de inhoud volgens artikel 55, lid 2 RStV: Marina Babrovskaya (adres zoals hierboven) Disclaimer &#8211; juridische informatie Beperking van aansprakelijkheid De inhoud van ...\" \/>\n<meta property=\"og:url\" content=\"https:\/\/roessle-dobel.de\/nl\/afdruk\/\" \/>\n<meta property=\"og:site_name\" content=\"Hotel R\u00f6ssle in Dobel \u2014 Schwarzwald\" \/>\n<meta property=\"article:modified_time\" content=\"2024-02-06T11:29:09+00:00\" \/>\n<meta name=\"twitter:card\" content=\"summary_large_image\" \/>\n<meta name=\"twitter:label1\" content=\"Geschatte leestijd\" \/>\n\t<meta name=\"twitter:data1\" content=\"3 minuten\" \/>\n<script type=\"application\/ld+json\" class=\"yoast-schema-graph\">{\"@context\":\"https:\/\/schema.org\",\"@graph\":[{\"@type\":\"WebPage\",\"@id\":\"https:\/\/roessle-dobel.de\/nl\/afdruk\/\",\"url\":\"https:\/\/roessle-dobel.de\/nl\/afdruk\/\",\"name\":\"Juridische kennisgeving - Hotel R\u00f6ssle in Dobel \u2014 Schwarzwald\",\"isPartOf\":{\"@id\":\"https:\/\/roessle-dobel.de\/nl\/#website\"},\"datePublished\":\"2023-12-04T10:52:12+00:00\",\"dateModified\":\"2024-02-06T11:29:09+00:00\",\"breadcrumb\":{\"@id\":\"https:\/\/roessle-dobel.de\/nl\/afdruk\/#breadcrumb\"},\"inLanguage\":\"nl-NL\",\"potentialAction\":[{\"@type\":\"ReadAction\",\"target\":[\"https:\/\/roessle-dobel.de\/nl\/afdruk\/\"]}]},{\"@type\":\"BreadcrumbList\",\"@id\":\"https:\/\/roessle-dobel.de\/nl\/afdruk\/#breadcrumb\",\"itemListElement\":[{\"@type\":\"ListItem\",\"position\":1,\"name\":\"Home\",\"item\":\"https:\/\/roessle-dobel.de\/nl\/startpagina\/\"},{\"@type\":\"ListItem\",\"position\":2,\"name\":\"Juridische kennisgeving\"}]},{\"@type\":\"WebSite\",\"@id\":\"https:\/\/roessle-dobel.de\/nl\/#website\",\"url\":\"https:\/\/roessle-dobel.de\/nl\/\",\"name\":\"Hotel R\u00f6ssle in Dobel \u2014 Schwarzwald\",\"description\":\"Das Hotel R\u00f6ssle befindet sich in einer ruhigen Lage in der Gemeinde Dobel, im landschaftlich wundersch\u00f6nen Nordschwarzwald, unweit von Baden-Baden. Wir bieten unseren G\u00e4sten komfortable Zimmer, kostenlose Parkpl\u00e4tze und WLAN, Spielzimmer und Vieles mehr.\",\"potentialAction\":[{\"@type\":\"SearchAction\",\"target\":{\"@type\":\"EntryPoint\",\"urlTemplate\":\"https:\/\/roessle-dobel.de\/nl\/?s={search_term_string}\"},\"query-input\":{\"@type\":\"PropertyValueSpecification\",\"valueRequired\":true,\"valueName\":\"search_term_string\"}}],\"inLanguage\":\"nl-NL\"}]}<\/script>\n<!-- \/ Yoast SEO plugin. -->","yoast_head_json":{"title":"Juridische kennisgeving - Hotel R\u00f6ssle in Dobel \u2014 Schwarzwald","robots":{"index":"index","follow":"follow","max-snippet":"max-snippet:-1","max-image-preview":"max-image-preview:large","max-video-preview":"max-video-preview:-1"},"canonical":"https:\/\/roessle-dobel.de\/nl\/afdruk\/","og_locale":"nl_NL","og_type":"article","og_title":"Juridische kennisgeving - Hotel R\u00f6ssle in Dobel \u2014 Schwarzwald","og_description":"Juridische kennisgeving Juridische kennisgeving Hotel R\u00f6ssle Johann-Peter-Hebel-Stra\u00dfe 775335 DobelDuitsland Telefoon: +49 7083 935 99 59Fax: +49 7083 935 99 60E-mail: roessledobel@gmail.com Internet: https:\/\/roessle-dobel.de\/ Bedrijfseigenaar: Marina Babrovskaya (individuele ondernemer)BTW-nummer: DE 305900430 Verantwoordelijk voor de inhoud volgens artikel 55, lid 2 RStV: Marina Babrovskaya (adres zoals hierboven) Disclaimer &#8211; juridische informatie Beperking van aansprakelijkheid De inhoud van ...","og_url":"https:\/\/roessle-dobel.de\/nl\/afdruk\/","og_site_name":"Hotel R\u00f6ssle in Dobel \u2014 Schwarzwald","article_modified_time":"2024-02-06T11:29:09+00:00","twitter_card":"summary_large_image","twitter_misc":{"Geschatte leestijd":"3 minuten"},"schema":{"@context":"https:\/\/schema.org","@graph":[{"@type":"WebPage","@id":"https:\/\/roessle-dobel.de\/nl\/afdruk\/","url":"https:\/\/roessle-dobel.de\/nl\/afdruk\/","name":"Juridische kennisgeving - Hotel R\u00f6ssle in Dobel \u2014 Schwarzwald","isPartOf":{"@id":"https:\/\/roessle-dobel.de\/nl\/#website"},"datePublished":"2023-12-04T10:52:12+00:00","dateModified":"2024-02-06T11:29:09+00:00","breadcrumb":{"@id":"https:\/\/roessle-dobel.de\/nl\/afdruk\/#breadcrumb"},"inLanguage":"nl-NL","potentialAction":[{"@type":"ReadAction","target":["https:\/\/roessle-dobel.de\/nl\/afdruk\/"]}]},{"@type":"BreadcrumbList","@id":"https:\/\/roessle-dobel.de\/nl\/afdruk\/#breadcrumb","itemListElement":[{"@type":"ListItem","position":1,"name":"Home","item":"https:\/\/roessle-dobel.de\/nl\/startpagina\/"},{"@type":"ListItem","position":2,"name":"Juridische kennisgeving"}]},{"@type":"WebSite","@id":"https:\/\/roessle-dobel.de\/nl\/#website","url":"https:\/\/roessle-dobel.de\/nl\/","name":"Hotel R\u00f6ssle in Dobel \u2014 Schwarzwald","description":"Das Hotel R\u00f6ssle befindet sich in einer ruhigen Lage in der Gemeinde Dobel, im landschaftlich wundersch\u00f6nen Nordschwarzwald, unweit von Baden-Baden. Wir bieten unseren G\u00e4sten komfortable Zimmer, kostenlose Parkpl\u00e4tze und WLAN, Spielzimmer und Vieles mehr.","potentialAction":[{"@type":"SearchAction","target":{"@type":"EntryPoint","urlTemplate":"https:\/\/roessle-dobel.de\/nl\/?s={search_term_string}"},"query-input":{"@type":"PropertyValueSpecification","valueRequired":true,"valueName":"search_term_string"}}],"inLanguage":"nl-NL"}]}},"_links":{"self":[{"href":"https:\/\/roessle-dobel.de\/nl\/wp-json\/wp\/v2\/pages\/8281","targetHints":{"allow":["GET"]}}],"collection":[{"href":"https:\/\/roessle-dobel.de\/nl\/wp-json\/wp\/v2\/pages"}],"about":[{"href":"https:\/\/roessle-dobel.de\/nl\/wp-json\/wp\/v2\/types\/page"}],"author":[{"embeddable":true,"href":"https:\/\/roessle-dobel.de\/nl\/wp-json\/wp\/v2\/users\/1"}],"replies":[{"embeddable":true,"href":"https:\/\/roessle-dobel.de\/nl\/wp-json\/wp\/v2\/comments?post=8281"}],"version-history":[{"count":5,"href":"https:\/\/roessle-dobel.de\/nl\/wp-json\/wp\/v2\/pages\/8281\/revisions"}],"predecessor-version":[{"id":10632,"href":"https:\/\/roessle-dobel.de\/nl\/wp-json\/wp\/v2\/pages\/8281\/revisions\/10632"}],"wp:attachment":[{"href":"https:\/\/roessle-dobel.de\/nl\/wp-json\/wp\/v2\/media?parent=8281"}],"curies":[{"name":"wp","href":"https:\/\/api.w.org\/{rel}","templated":true}]}}