{"id":8301,"date":"2023-11-13T16:02:25","date_gmt":"2023-11-13T15:02:25","guid":{"rendered":"https:\/\/roessle-dobel.de\/diensten\/"},"modified":"2024-02-09T16:12:31","modified_gmt":"2024-02-09T15:12:31","slug":"diensten","status":"publish","type":"page","link":"https:\/\/roessle-dobel.de\/nl\/diensten\/","title":{"rendered":"Diensten"},"content":{"rendered":"\t\t<div data-elementor-type=\"wp-page\" data-elementor-id=\"8301\" class=\"elementor elementor-8301 elementor-3449\">\n\t\t\t\t\t\t<section class=\"elementor-section elementor-top-section elementor-element elementor-element-09b8c18 elementor-section-height-min-height cs-section-content-fullwidth cs_scroll_y_100 cs-parallax-on-scroll elementor-section-boxed elementor-section-height-default elementor-section-items-middle\" data-id=\"09b8c18\" data-element_type=\"section\" data-settings=\"{&quot;background_background&quot;:&quot;classic&quot;}\" data-cs-parallax-y=\"100\" style=\"background-image: none;\" data-cs-background-image=\"https:\/\/roessle-dobel.de\/wp-content\/uploads\/2023\/10\/20220916_155252-1.jpg\">\n\t\t\t\t\t\t\t<div class=\"elementor-background-overlay\"><\/div>\n\t\t\t\t\t\t\t<div class=\"elementor-container elementor-column-gap-no\">\n\t\t\t\t\t<div class=\"elementor-column elementor-col-100 elementor-top-column elementor-element elementor-element-06b65e3 dark-color\" data-id=\"06b65e3\" data-element_type=\"column\">\n\t\t\t<div class=\"elementor-widget-wrap elementor-element-populated\">\n\t\t\t\t\t\t<div class=\"elementor-element elementor-element-8d4d550 elementor-widget elementor-widget-cs_title\" data-id=\"8d4d550\" data-element_type=\"widget\" data-widget_type=\"cs_title.default\">\n\t\t\t\t<div class=\"elementor-widget-container\">\n\t\t\t\n        <div class=\"cs-title-wrap text-center\">\t            <div class=\"cs-subtitle-wrap\"><span class=\"cs-subtitle color-white\">Heldere en onvergetelijke vakantie<\/span><\/div>\t            <h1 class=\"cs-title\">\n\t                Hoteldiensten\t            <\/h1>\t            <div class=\"cs-title-text\">\n\t                <p>We streven ernaar onze gasten maximaal comfort en persoonlijke aandacht te bieden<\/p>\n\t            <\/div>        <\/div>\t\t<\/div>\n\t\t\t\t<\/div>\n\t\t\t\t\t<\/div>\n\t\t<\/div>\n\t\t\t\t\t<\/div>\n\t\t<\/section>\n\t\t\t\t<section class=\"elementor-section elementor-top-section elementor-element elementor-element-604b846 elementor-section-boxed elementor-section-height-default elementor-section-height-default\" data-id=\"604b846\" data-element_type=\"section\">\n\t\t\t\t\t\t<div class=\"elementor-container elementor-column-gap-no\">\n\t\t\t\t\t<div class=\"elementor-column elementor-col-100 elementor-top-column elementor-element elementor-element-a1837a0\" data-id=\"a1837a0\" data-element_type=\"column\">\n\t\t\t<div class=\"elementor-widget-wrap elementor-element-populated\">\n\t\t\t\t\t\t<div class=\"elementor-element elementor-element-c0dbc40 elementor-widget elementor-widget-cs_title\" data-id=\"c0dbc40\" data-element_type=\"widget\" data-widget_type=\"cs_title.default\">\n\t\t\t\t<div class=\"elementor-widget-container\">\n\t\t\t\n        <div class=\"cs-title-wrap text-center\">\t            <div class=\"cs-subtitle-wrap\"><span class=\"cs-subtitle\">FACILITEITEN EN DIENSTEN<\/span><\/div>\t            <h5 class=\"cs-title\">\n\t                Ontdek onze diensten\t            <\/h5>\t            <div class=\"cs-title-text\">\n\t                <p>Hotel R\u00f6ssle biedt verschillende diensten voor uw comfort tijdens uw verblijf. Het hotel biedt populaire diensten zoals gratis WiFi, parkeergelegenheid, speelkamer, enz. Wij verbeteren onze service voortdurend en doen er alles aan om het onze gasten zo comfortabel mogelijk te maken. Ontspan met plezier en geniet van elk moment.<\/p>\n\t            <\/div>        <\/div>\t\t<\/div>\n\t\t\t\t<\/div>\n\t\t\t\t<div class=\"elementor-element elementor-element-6c50d5c elementor-widget elementor-widget-cs_info_box\" data-id=\"6c50d5c\" data-element_type=\"widget\" data-widget_type=\"cs_info_box.default\">\n\t\t\t\t<div class=\"elementor-widget-container\">\n\t\t\t\n\t\t\t<div class=\"cs-info-box column-3 valign-top img-left\">\n                <div class=\"cs-info-box-wrap\">                    <div class=\"cs-info-box-item elementor-repeater-item-417b2ae\">\n                    \t<div class=\"cs-item-container\">\t                        <div class=\"cs-info-box-img\"><i aria-hidden=\"true\" class=\"flaticon flaticon-breakfast-5\"><\/i>\t                        <\/div>\t                        <div class=\"cs-info-box-content\">\n\t                            <h6 class=\"cs-title cs-info-box-title\">Ontbijtbuffet\t\t\t\t\t\t\t\t<\/h6>\t                            \t<div class=\"cs-info-box-text\"><p>Elke ochtend staat er een heerlijk en gezond ontbijt voor u klaar. Het ontbijt is <b><i>bij de kamerprijs inbegrepen<\/b><\/i>.  <\/p><\/div>\t\t                            <div class=\"cs-info-box-btn\">\n\t\t                                <a href=\"https:\/\/roessle-dobel.de\/nl\/ontbijt\/\" class=\"button cs-btn-underline\">\n\t\t                                    <span class=\"cs-btn-text\">Meer lezen<\/span>\t\t                                <\/a>\n\t\t                            <\/div>\t                        <\/div>\t                    <\/div>\n                    <\/div>                    <div class=\"cs-info-box-item elementor-repeater-item-32cf39b\">\n                    \t<div class=\"cs-item-container\">\t                        <div class=\"cs-info-box-img\"><i aria-hidden=\"true\" class=\"flaticon flaticon-wifi-2\"><\/i>\t                        <\/div>\t                        <div class=\"cs-info-box-content\">\n\t                            <h6 class=\"cs-title cs-info-box-title\">Wifi\t\t\t\t\t\t\t\t<\/h6>\t                            \t<div class=\"cs-info-box-text\"><p><b><i>Gratis<\/b><\/i> Wifi is beschikbaar in elke kamer en in de openbare ruimtes van het hotel.<\/p><\/div>\t                        <\/div>\t                    <\/div>\n                    <\/div>                    <div class=\"cs-info-box-item elementor-repeater-item-85225fd\">\n                    \t<div class=\"cs-item-container\">\t                        <div class=\"cs-info-box-img\"><i aria-hidden=\"true\" class=\"flaticon flaticon-parking-1\"><\/i>\t                        <\/div>\t                        <div class=\"cs-info-box-content\">\n\t                            <h6 class=\"cs-title cs-info-box-title\">Parkeren\t\t\t\t\t\t\t\t<\/h6>\t                            \t<div class=\"cs-info-box-text\"><p><b><i>Gratis<\/b><\/i>  Priv\u00e9parkeergelegenheid is beschikbaar voor gasten in de buurt van het hotel. Reserveren is niet nodig.\n<\/p><\/div>\t                        <\/div>\t                    <\/div>\n                    <\/div>                    <div class=\"cs-info-box-item elementor-repeater-item-0c32f7d\">\n                    \t<div class=\"cs-item-container\">\t                        <div class=\"cs-info-box-img\"><i aria-hidden=\"true\" class=\"flaticon flaticon-sunny\"><\/i>\t                        <\/div>\t                        <div class=\"cs-info-box-content\">\n\t                            <h6 class=\"cs-title cs-info-box-title\">Zonneterras\t\t\t\t\t\t\t\t<\/h6>\t                            \t<div class=\"cs-info-box-text\"><p>Breng hier een heerlijke tijd door met uw familie of vrienden in de frisse lucht.\n<\/p><\/div>\t\t                            <div class=\"cs-info-box-btn\">\n\t\t                                <a href=\"https:\/\/roessle-dobel.de\/nl\/zonneterras\/\" class=\"button cs-btn-underline\">\n\t\t                                    <span class=\"cs-btn-text\">Meer lezen<\/span>\t\t                                <\/a>\n\t\t                            <\/div>\t                        <\/div>\t                    <\/div>\n                    <\/div>                    <div class=\"cs-info-box-item elementor-repeater-item-f4216c3\">\n                    \t<div class=\"cs-item-container\">\t                        <div class=\"cs-info-box-img\"><i aria-hidden=\"true\" class=\"flaticon flaticon-sofa\"><\/i>\t                        <\/div>\t                        <div class=\"cs-info-box-content\">\n\t                            <h6 class=\"cs-title cs-info-box-title\">Ontspanningsruimte\t\t\t\t\t\t\t\t<\/h6>\t                            \t<div class=\"cs-info-box-text\"><p>Een gezellige ruimte ontworpen voor rust, ontspanning en comfortabel tijdverdrijf. <\/p><\/div>\t\t                            <div class=\"cs-info-box-btn\">\n\t\t                                <a href=\"https:\/\/roessle-dobel.de\/nl\/recreatieruimte\/\" class=\"button cs-btn-underline\">\n\t\t                                    <span class=\"cs-btn-text\">Meer lezen<\/span>\t\t                                <\/a>\n\t\t                            <\/div>\t                        <\/div>\t                    <\/div>\n                    <\/div>                    <div class=\"cs-info-box-item elementor-repeater-item-e0dd676\">\n                    \t<div class=\"cs-item-container\">\t                        <div class=\"cs-info-box-img\"><i aria-hidden=\"true\" class=\"flaticon flaticon-win\"><\/i>\t                        <\/div>\t                        <div class=\"cs-info-box-content\">\n\t                            <h6 class=\"cs-title cs-info-box-title\">Speelkamers\t\t\t\t\t\t\t\t<\/h6>\t                            \t<div class=\"cs-info-box-text\"><p>De speelkamers hebben een airhockeytafel, tafelvoetbal, tafeltennis en meer.\nToegang is <i><b>gratis<\/b><\/i>. \n<\/p><\/div>\t\t                            <div class=\"cs-info-box-btn\">\n\t\t                                <a href=\"https:\/\/roessle-dobel.de\/nl\/speelkamer\/\" class=\"button cs-btn-underline\">\n\t\t                                    <span class=\"cs-btn-text\">Meer lezen<\/span>\t\t                                <\/a>\n\t\t                            <\/div>\t                        <\/div>\t                    <\/div>\n                    <\/div>                    <div class=\"cs-info-box-item elementor-repeater-item-0cc6ea5\">\n                    \t<div class=\"cs-item-container\">\t                        <div class=\"cs-info-box-img\"><i aria-hidden=\"true\" class=\"flaticon flaticon-spa\"><\/i>\t                        <\/div>\t                        <div class=\"cs-info-box-content\">\n\t                            <h6 class=\"cs-title cs-info-box-title\">Sauna\t\t\t\t\t\t\t\t<\/h6>\t                            \t<div class=\"cs-info-box-text\"><p>De sauna is alleen beschikbaar op afspraak en tegen een extra vergoeding. <\/p><\/div>\t\t                            <div class=\"cs-info-box-btn\">\n\t\t                                <a href=\"https:\/\/roessle-dobel.de\/nl\/sauna\/\" class=\"button cs-btn-underline\">\n\t\t                                    <span class=\"cs-btn-text\">Meer lezen<\/span>\t\t                                <\/a>\n\t\t                            <\/div>\t                        <\/div>\t                    <\/div>\n                    <\/div>                    <div class=\"cs-info-box-item elementor-repeater-item-7f8f68f\">\n                    \t<div class=\"cs-item-container\">\t                        <div class=\"cs-info-box-img\"><i aria-hidden=\"true\" class=\"flaticon flaticon-traveling\"><\/i>\t                        <\/div>\t                        <div class=\"cs-info-box-content\">\n\t                            <h6 class=\"cs-title cs-info-box-title\">Lift in het hoofdgebouw\t\t\t\t\t\t\t\t<\/h6>\t                            \t<div class=\"cs-info-box-text\"><p>Het hoofdgebouw van het hotel heeft een lift om de kamers op de bovenste verdiepingen te bereiken.<\/p><\/div>\t                        <\/div>\t                    <\/div>\n                    <\/div>                    <div class=\"cs-info-box-item elementor-repeater-item-7ec700a\">\n                    \t<div class=\"cs-item-container\">\t                        <div class=\"cs-info-box-img\"><i aria-hidden=\"true\" class=\"flaticon flaticon-baby-crib\"><\/i>\t                        <\/div>\t                        <div class=\"cs-info-box-content\">\n\t                            <h6 class=\"cs-title cs-info-box-title\">Babybedjes en extra bedden\t\t\t\t\t\t\t\t<\/h6>\t                            \t<div class=\"cs-info-box-text\"><p>In sommige kamers kan een babybedje of extra bed geplaatst worden. De dienst is op aanvraag beschikbaar.\n<\/p><\/div>\t\t                            <div class=\"cs-info-box-btn\">\n\t\t                                <a href=\"https:\/\/roessle-dobel.de\/nl\/kinderbedden-en-extra-bedden\/\" class=\"button cs-btn-underline\">\n\t\t                                    <span class=\"cs-btn-text\">Meer lezen<\/span>\t\t                                <\/a>\n\t\t                            <\/div>\t                        <\/div>\t                    <\/div>\n                    <\/div>                    <div class=\"cs-info-box-item elementor-repeater-item-9e2c733\">\n                    \t<div class=\"cs-item-container\">\t                        <div class=\"cs-info-box-img\"><i aria-hidden=\"true\" class=\"flaticon flaticon-coffee-cup\"><\/i>\t                        <\/div>\t                        <div class=\"cs-info-box-content\">\n\t                            <h6 class=\"cs-title cs-info-box-title\">Drankjes\t\t\t\t\t\t\t\t<\/h6>\t                            \t<div class=\"cs-info-box-text\"><p>In de kamer vindt u mineraalwater, thee en koffie. Andere drankjes zijn tegen betaling verkrijgbaar in het hotel.\n\n<\/p><\/div>\t                        <\/div>\t                    <\/div>\n                    <\/div>                    <div class=\"cs-info-box-item elementor-repeater-item-322506f\">\n                    \t<div class=\"cs-item-container\">\t                        <div class=\"cs-info-box-img\"><i aria-hidden=\"true\" class=\"flaticon flaticon-veterinary\"><\/i>\t                        <\/div>\t                        <div class=\"cs-info-box-content\">\n\t                            <h6 class=\"cs-title cs-info-box-title\">Huisdieren\t\t\t\t\t\t\t\t<\/h6>\t                            \t<div class=\"cs-info-box-text\"><p>Huisdieren zijn op aanvraag toegestaan. Er kunnen extra kosten van toepassing zijn. Neem dan contact met ons op per telefoon of e-mail.\n\n<\/p><\/div>\t                        <\/div>\t                    <\/div>\n                    <\/div>                    <div class=\"cs-info-box-item elementor-repeater-item-1cf514d\">\n                    \t<div class=\"cs-item-container\">\t                        <div class=\"cs-info-box-img\"><i aria-hidden=\"true\" class=\"flaticon flaticon-travel-bag-1\"><\/i>\t                        <\/div>\t                        <div class=\"cs-info-box-content\">\n\t                            <h6 class=\"cs-title cs-info-box-title\">Bagagevervoer\t\t\t\t\t\t\t\t<\/h6>\t                            \t<div class=\"cs-info-box-text\"><p>De service voor wandeltoeristen is beschikbaar op aanvraag en tegen betaling.\nNeem voor meer informatie contact met ons op via telefoon of e-mail.\n\n\n<\/p><\/div>\t                        <\/div>\t                    <\/div>\n                    <\/div>                    <div class=\"cs-info-box-item elementor-repeater-item-de62f42\">\n                    \t<div class=\"cs-item-container\">\t                        <div class=\"cs-info-box-img\"><i aria-hidden=\"true\" class=\"flaticon flaticon-car-1\"><\/i>\t                        <\/div>\t                        <div class=\"cs-info-box-content\">\n\t                            <h6 class=\"cs-title cs-info-box-title\">Taxi bellen\t\t\t\t\t\t\t\t<\/h6>\t                            \t<div class=\"cs-info-box-text\"><p>Neem contact op met de beheerder bij de receptie en hij zal voor u een taxi naar het hotel bellen.\n\n\n<\/p><\/div>\t                        <\/div>\t                    <\/div>\n                    <\/div>\t\t\t\t<\/div>\n\t\t\t<\/div>\t\t<\/div>\n\t\t\t\t<\/div>\n\t\t\t\t\t<\/div>\n\t\t<\/div>\n\t\t\t\t\t<\/div>\n\t\t<\/section>\n\t\t\t\t<section class=\"elementor-section elementor-top-section elementor-element elementor-element-6260d74 elementor-section-boxed elementor-section-height-default elementor-section-height-default\" data-id=\"6260d74\" data-element_type=\"section\">\n\t\t\t\t\t\t<div class=\"elementor-container elementor-column-gap-no\">\n\t\t\t\t\t<div class=\"elementor-column elementor-col-100 elementor-top-column elementor-element elementor-element-fe4d010\" data-id=\"fe4d010\" data-element_type=\"column\">\n\t\t\t<div class=\"elementor-widget-wrap elementor-element-populated\">\n\t\t\t\t\t\t<div class=\"elementor-element elementor-element-f206fcd elementor-widget elementor-widget-cs_title\" data-id=\"f206fcd\" data-element_type=\"widget\" data-widget_type=\"cs_title.default\">\n\t\t\t\t<div class=\"elementor-widget-container\">\n\t\t\t\n        <div class=\"cs-title-wrap text-center\">\t            <div class=\"cs-title-text\">\n\t                <p>Als u vragen of verzoeken heeft, aarzel dan niet om contact met ons op te nemen via telefoon of e-mail.<\/p>\n<p>Wij wensen u een aangenaam verblijf!<\/p>\n\t            <\/div>        <\/div>\t\t<\/div>\n\t\t\t\t<\/div>\n\t\t\t\t\t<\/div>\n\t\t<\/div>\n\t\t\t\t\t<\/div>\n\t\t<\/section>\n\t\t\t\t<\/div>\n\t\t","protected":false},"excerpt":{"rendered":"<p>Heldere en onvergetelijke vakantie Hoteldiensten We streven ernaar onze gasten maximaal comfort en persoonlijke aandacht te bieden FACILITEITEN EN DIENSTEN Ontdek onze diensten Hotel R\u00f6ssle biedt verschillende diensten voor uw comfort tijdens uw verblijf. Het hotel biedt populaire diensten zoals gratis WiFi, parkeergelegenheid, speelkamer, enz. Wij verbeteren onze service voortdurend en doen er alles aan &#8230;<\/p>\n","protected":false},"author":1,"featured_media":0,"parent":0,"menu_order":0,"comment_status":"closed","ping_status":"closed","template":"template-wide-content.php","meta":{"cozystay_single_page_hide_site_header":"","cozystay_single_page_site_header_source":"","cozystay_single_page_custom_site_header":"0","cozystay_single_page_custom_sticky_site_header":"0","cozystay_single_page_hide_page_title":"on","cozystay_single_page_header_section_size":"","cozystay_single_page_header_background_color":"","cozystay_single_page_header_background_position_x":"center","cozystay_single_page_header_background_position_y":"center","cozystay_single_page_header_background_size":"cover","cozystay_single_page_header_background_repeat":"off","cozystay_single_page_header_background_scroll":"on","cozystay_single_page_header_text_color":"","cozystay_single_page_header_show_breadcrumb":"","cozystay_single_page_site_footer_hide_main":"","cozystay_single_custom_site_footer_main_source":"","cozystay_single_custom_site_footer_main":"0","cozystay_single_page_site_footer_hide_above":"","cozystay_single_custom_site_footer_above_source":"","cozystay_single_custom_site_footer_above":"0","cozystay_single_page_site_footer_hide_instagram":"","cozystay_single_page_site_footer_hide_bottom":"","cozystay_single_custom_mobile_menu_source":"","cozystay_single_custom_mobile_menu":"0","cozystay_single_custom_mobile_menu_animation":"","cozystay_single_custom_mobile_menu_width":"","cozystay_single_custom_mobile_menu_custom_width":375,"footnotes":""},"class_list":["post-8301","page","type-page","status-publish","hentry"],"yoast_head":"<!-- This site is optimized with the Yoast SEO plugin v23.5 - https:\/\/yoast.com\/wordpress\/plugins\/seo\/ -->\n<title>Diensten - Hotel R\u00f6ssle in Dobel \u2014 Schwarzwald<\/title>\n<meta name=\"robots\" content=\"index, follow, max-snippet:-1, max-image-preview:large, max-video-preview:-1\" \/>\n<link rel=\"canonical\" href=\"https:\/\/roessle-dobel.de\/nl\/diensten\/\" \/>\n<meta property=\"og:locale\" content=\"nl_NL\" \/>\n<meta property=\"og:type\" content=\"article\" \/>\n<meta property=\"og:title\" content=\"Diensten - Hotel R\u00f6ssle in Dobel \u2014 Schwarzwald\" \/>\n<meta property=\"og:description\" content=\"Heldere en onvergetelijke vakantie Hoteldiensten We streven ernaar onze gasten maximaal comfort en persoonlijke aandacht te bieden FACILITEITEN EN DIENSTEN Ontdek onze diensten Hotel R\u00f6ssle biedt verschillende diensten voor uw comfort tijdens uw verblijf. Het hotel biedt populaire diensten zoals gratis WiFi, parkeergelegenheid, speelkamer, enz. Wij verbeteren onze service voortdurend en doen er alles aan ...\" \/>\n<meta property=\"og:url\" content=\"https:\/\/roessle-dobel.de\/nl\/diensten\/\" \/>\n<meta property=\"og:site_name\" content=\"Hotel R\u00f6ssle in Dobel \u2014 Schwarzwald\" \/>\n<meta property=\"article:modified_time\" content=\"2024-02-09T15:12:31+00:00\" \/>\n<meta name=\"twitter:card\" content=\"summary_large_image\" \/>\n<meta name=\"twitter:label1\" content=\"Geschatte leestijd\" \/>\n\t<meta name=\"twitter:data1\" content=\"2 minuten\" \/>\n<script type=\"application\/ld+json\" class=\"yoast-schema-graph\">{\"@context\":\"https:\/\/schema.org\",\"@graph\":[{\"@type\":\"WebPage\",\"@id\":\"https:\/\/roessle-dobel.de\/nl\/diensten\/\",\"url\":\"https:\/\/roessle-dobel.de\/nl\/diensten\/\",\"name\":\"Diensten - Hotel R\u00f6ssle in Dobel \u2014 Schwarzwald\",\"isPartOf\":{\"@id\":\"https:\/\/roessle-dobel.de\/nl\/#website\"},\"datePublished\":\"2023-11-13T15:02:25+00:00\",\"dateModified\":\"2024-02-09T15:12:31+00:00\",\"breadcrumb\":{\"@id\":\"https:\/\/roessle-dobel.de\/nl\/diensten\/#breadcrumb\"},\"inLanguage\":\"nl-NL\",\"potentialAction\":[{\"@type\":\"ReadAction\",\"target\":[\"https:\/\/roessle-dobel.de\/nl\/diensten\/\"]}]},{\"@type\":\"BreadcrumbList\",\"@id\":\"https:\/\/roessle-dobel.de\/nl\/diensten\/#breadcrumb\",\"itemListElement\":[{\"@type\":\"ListItem\",\"position\":1,\"name\":\"Home\",\"item\":\"https:\/\/roessle-dobel.de\/nl\/startpagina\/\"},{\"@type\":\"ListItem\",\"position\":2,\"name\":\"Diensten\"}]},{\"@type\":\"WebSite\",\"@id\":\"https:\/\/roessle-dobel.de\/nl\/#website\",\"url\":\"https:\/\/roessle-dobel.de\/nl\/\",\"name\":\"Hotel R\u00f6ssle in Dobel \u2014 Schwarzwald\",\"description\":\"Das Hotel R\u00f6ssle befindet sich in einer ruhigen Lage in der Gemeinde Dobel, im landschaftlich wundersch\u00f6nen Nordschwarzwald, unweit von Baden-Baden. Wir bieten unseren G\u00e4sten komfortable Zimmer, kostenlose Parkpl\u00e4tze und WLAN, Spielzimmer und Vieles mehr.\",\"potentialAction\":[{\"@type\":\"SearchAction\",\"target\":{\"@type\":\"EntryPoint\",\"urlTemplate\":\"https:\/\/roessle-dobel.de\/nl\/?s={search_term_string}\"},\"query-input\":{\"@type\":\"PropertyValueSpecification\",\"valueRequired\":true,\"valueName\":\"search_term_string\"}}],\"inLanguage\":\"nl-NL\"}]}<\/script>\n<!-- \/ Yoast SEO plugin. -->","yoast_head_json":{"title":"Diensten - Hotel R\u00f6ssle in Dobel \u2014 Schwarzwald","robots":{"index":"index","follow":"follow","max-snippet":"max-snippet:-1","max-image-preview":"max-image-preview:large","max-video-preview":"max-video-preview:-1"},"canonical":"https:\/\/roessle-dobel.de\/nl\/diensten\/","og_locale":"nl_NL","og_type":"article","og_title":"Diensten - Hotel R\u00f6ssle in Dobel \u2014 Schwarzwald","og_description":"Heldere en onvergetelijke vakantie Hoteldiensten We streven ernaar onze gasten maximaal comfort en persoonlijke aandacht te bieden FACILITEITEN EN DIENSTEN Ontdek onze diensten Hotel R\u00f6ssle biedt verschillende diensten voor uw comfort tijdens uw verblijf. Het hotel biedt populaire diensten zoals gratis WiFi, parkeergelegenheid, speelkamer, enz. Wij verbeteren onze service voortdurend en doen er alles aan ...","og_url":"https:\/\/roessle-dobel.de\/nl\/diensten\/","og_site_name":"Hotel R\u00f6ssle in Dobel \u2014 Schwarzwald","article_modified_time":"2024-02-09T15:12:31+00:00","twitter_card":"summary_large_image","twitter_misc":{"Geschatte leestijd":"2 minuten"},"schema":{"@context":"https:\/\/schema.org","@graph":[{"@type":"WebPage","@id":"https:\/\/roessle-dobel.de\/nl\/diensten\/","url":"https:\/\/roessle-dobel.de\/nl\/diensten\/","name":"Diensten - Hotel R\u00f6ssle in Dobel \u2014 Schwarzwald","isPartOf":{"@id":"https:\/\/roessle-dobel.de\/nl\/#website"},"datePublished":"2023-11-13T15:02:25+00:00","dateModified":"2024-02-09T15:12:31+00:00","breadcrumb":{"@id":"https:\/\/roessle-dobel.de\/nl\/diensten\/#breadcrumb"},"inLanguage":"nl-NL","potentialAction":[{"@type":"ReadAction","target":["https:\/\/roessle-dobel.de\/nl\/diensten\/"]}]},{"@type":"BreadcrumbList","@id":"https:\/\/roessle-dobel.de\/nl\/diensten\/#breadcrumb","itemListElement":[{"@type":"ListItem","position":1,"name":"Home","item":"https:\/\/roessle-dobel.de\/nl\/startpagina\/"},{"@type":"ListItem","position":2,"name":"Diensten"}]},{"@type":"WebSite","@id":"https:\/\/roessle-dobel.de\/nl\/#website","url":"https:\/\/roessle-dobel.de\/nl\/","name":"Hotel R\u00f6ssle in Dobel \u2014 Schwarzwald","description":"Das Hotel R\u00f6ssle befindet sich in einer ruhigen Lage in der Gemeinde Dobel, im landschaftlich wundersch\u00f6nen Nordschwarzwald, unweit von Baden-Baden. Wir bieten unseren G\u00e4sten komfortable Zimmer, kostenlose Parkpl\u00e4tze und WLAN, Spielzimmer und Vieles mehr.","potentialAction":[{"@type":"SearchAction","target":{"@type":"EntryPoint","urlTemplate":"https:\/\/roessle-dobel.de\/nl\/?s={search_term_string}"},"query-input":{"@type":"PropertyValueSpecification","valueRequired":true,"valueName":"search_term_string"}}],"inLanguage":"nl-NL"}]}},"_links":{"self":[{"href":"https:\/\/roessle-dobel.de\/nl\/wp-json\/wp\/v2\/pages\/8301","targetHints":{"allow":["GET"]}}],"collection":[{"href":"https:\/\/roessle-dobel.de\/nl\/wp-json\/wp\/v2\/pages"}],"about":[{"href":"https:\/\/roessle-dobel.de\/nl\/wp-json\/wp\/v2\/types\/page"}],"author":[{"embeddable":true,"href":"https:\/\/roessle-dobel.de\/nl\/wp-json\/wp\/v2\/users\/1"}],"replies":[{"embeddable":true,"href":"https:\/\/roessle-dobel.de\/nl\/wp-json\/wp\/v2\/comments?post=8301"}],"version-history":[{"count":10,"href":"https:\/\/roessle-dobel.de\/nl\/wp-json\/wp\/v2\/pages\/8301\/revisions"}],"predecessor-version":[{"id":10969,"href":"https:\/\/roessle-dobel.de\/nl\/wp-json\/wp\/v2\/pages\/8301\/revisions\/10969"}],"wp:attachment":[{"href":"https:\/\/roessle-dobel.de\/nl\/wp-json\/wp\/v2\/media?parent=8301"}],"curies":[{"name":"wp","href":"https:\/\/api.w.org\/{rel}","templated":true}]}}